{"id":43,"date":"2024-10-16T11:00:08","date_gmt":"2024-10-16T15:00:08","guid":{"rendered":"https:\/\/humanidades.uprrp.edu\/linguistica\/?page_id=43"},"modified":"2024-10-16T11:33:16","modified_gmt":"2024-10-16T15:33:16","slug":"maestria-en-linguistica","status":"publish","type":"page","link":"https:\/\/humanidades.uprrp.edu\/linguistica\/maestria-en-linguistica\/","title":{"rendered":"Maestr\u00eda en Ling\u00fc\u00edstica"},"content":{"rendered":"\n<p>La Maestr\u00eda en Ling\u00fc\u00edstica integra la ense\u00f1anza te\u00f3rica, la investigaci\u00f3n y la aplicaci\u00f3n; desarrolla la habilidad de identificaci\u00f3n de los problemas de estudio y la capacidad de observaci\u00f3n cr\u00edtica respecto a la pertinencia de los modelos te\u00f3ricos estudiados; fomenta el empleo del conocimiento te\u00f3rico en la interpretaci\u00f3n de los datos emp\u00edricos recopilados por medio de diversas metodolog\u00edas naturales y experimentales.<\/p>\n\n\n\n<p>El estudiantado de nuevo ingreso de la MA debe poseer los atributos o destrezas detallados a continuaci\u00f3n.<\/p>\n\n\n\n<ol class=\"wp-block-list\">\n<li>conocimiento b\u00e1sico del estudio cient\u00edfico del lenguaje desde una perspectiva ling\u00fc\u00edstica obtenido como resultado de 9 cr\u00e9ditos de cursos subgraduados en materia de ling\u00fc\u00edstica que haya tomado en sus estudios de bachillerato<\/li>\n\n\n\n<li>dominio del espa\u00f1ol y el ingl\u00e9s para comprender lecturas acad\u00e9micas<\/li>\n\n\n\n<li>inter\u00e9s en el estudio de la estructura y el funcionamiento del lenguaje, y de los factores que inciden sobre diversos fen\u00f3menos ling\u00fc\u00edsticos, para fines te\u00f3ricos y pr\u00e1cticos<\/li>\n\n\n\n<li>compromiso con la investigaci\u00f3n acad\u00e9mica<\/li>\n\n\n\n<li>capacidad de an\u00e1lisis cr\u00edtico<\/li>\n\n\n\n<li>responsabilidad, iniciativa y conducta \u00e9tica<\/li>\n\n\n\n<li>capacidad para trabajar exitosamente en grupo y de forma individual<\/li>\n<\/ol>\n\n\n<div class=\"wp-block-image\">\n<figure class=\"alignleft size-large is-resized\"><img fetchpriority=\"high\" decoding=\"async\" width=\"1024\" height=\"576\" src=\"https:\/\/humanidades.uprrp.edu\/linguistica\/wp-content\/uploads\/sites\/13\/2024\/10\/Presentaciones-orales-LING-6020-1024x576.jpg\" alt=\"\" class=\"wp-image-83\" style=\"width:432px;height:auto\" srcset=\"https:\/\/humanidades.uprrp.edu\/linguistica\/wp-content\/uploads\/sites\/13\/2024\/10\/Presentaciones-orales-LING-6020-1024x576.jpg 1024w, https:\/\/humanidades.uprrp.edu\/linguistica\/wp-content\/uploads\/sites\/13\/2024\/10\/Presentaciones-orales-LING-6020-300x169.jpg 300w, https:\/\/humanidades.uprrp.edu\/linguistica\/wp-content\/uploads\/sites\/13\/2024\/10\/Presentaciones-orales-LING-6020-768x432.jpg 768w, https:\/\/humanidades.uprrp.edu\/linguistica\/wp-content\/uploads\/sites\/13\/2024\/10\/Presentaciones-orales-LING-6020-700x393.jpg 700w, https:\/\/humanidades.uprrp.edu\/linguistica\/wp-content\/uploads\/sites\/13\/2024\/10\/Presentaciones-orales-LING-6020-332x187.jpg 332w, https:\/\/humanidades.uprrp.edu\/linguistica\/wp-content\/uploads\/sites\/13\/2024\/10\/Presentaciones-orales-LING-6020-600x338.jpg 600w, https:\/\/humanidades.uprrp.edu\/linguistica\/wp-content\/uploads\/sites\/13\/2024\/10\/Presentaciones-orales-LING-6020.jpg 1280w\" sizes=\"(max-width: 1024px) 100vw, 1024px\" \/><\/figure>\n<\/div>\n\n\n<p><\/p>\n\n\n\n<h3 class=\"wp-block-heading\"><a href=\"https:\/\/humanidades.uprrp.edu\/linguistica\/requisitos-de-admision-a-la-maestria-en-linguistica\/\">Requisitos de admisi\u00f3n a la Maestr\u00eda en Ling\u00fc\u00edstica<\/a><\/h3>\n","protected":false},"excerpt":{"rendered":"<p>La Maestr\u00eda en Ling\u00fc\u00edstica integra la ense\u00f1anza te\u00f3rica, la investigaci\u00f3n y la aplicaci\u00f3n; desarrolla la habilidad de identificaci\u00f3n de los problemas de estudio y la capacidad de observaci\u00f3n cr\u00edtica respecto a la pertinencia de los modelos te\u00f3ricos estudiados; fomenta el empleo del conocimiento te\u00f3rico en la interpretaci\u00f3n de los datos &#8230;<\/p>\n","protected":false},"author":2,"featured_media":0,"parent":0,"menu_order":0,"comment_status":"closed","ping_status":"closed","template":"","meta":{"_eb_attr":"","_monsterinsights_skip_tracking":false,"_monsterinsights_sitenote_active":false,"_monsterinsights_sitenote_note":"","_monsterinsights_sitenote_category":0,"footnotes":""},"class_list":["post-43","page","type-page","status-publish","hentry","column","twocol"],"_links":{"self":[{"href":"https:\/\/humanidades.uprrp.edu\/linguistica\/wp-json\/wp\/v2\/pages\/43","targetHints":{"allow":["GET"]}}],"collection":[{"href":"https:\/\/humanidades.uprrp.edu\/linguistica\/wp-json\/wp\/v2\/pages"}],"about":[{"href":"https:\/\/humanidades.uprrp.edu\/linguistica\/wp-json\/wp\/v2\/types\/page"}],"author":[{"embeddable":true,"href":"https:\/\/humanidades.uprrp.edu\/linguistica\/wp-json\/wp\/v2\/users\/2"}],"replies":[{"embeddable":true,"href":"https:\/\/humanidades.uprrp.edu\/linguistica\/wp-json\/wp\/v2\/comments?post=43"}],"version-history":[{"count":3,"href":"https:\/\/humanidades.uprrp.edu\/linguistica\/wp-json\/wp\/v2\/pages\/43\/revisions"}],"predecessor-version":[{"id":85,"href":"https:\/\/humanidades.uprrp.edu\/linguistica\/wp-json\/wp\/v2\/pages\/43\/revisions\/85"}],"wp:attachment":[{"href":"https:\/\/humanidades.uprrp.edu\/linguistica\/wp-json\/wp\/v2\/media?parent=43"}],"curies":[{"name":"wp","href":"https:\/\/api.w.org\/{rel}","templated":true}]}}