{"id":41,"date":"2024-10-16T10:58:33","date_gmt":"2024-10-16T14:58:33","guid":{"rendered":"https:\/\/humanidades.uprrp.edu\/linguistica\/?page_id=41"},"modified":"2024-10-16T10:58:34","modified_gmt":"2024-10-16T14:58:34","slug":"sobre-nosotros","status":"publish","type":"page","link":"https:\/\/humanidades.uprrp.edu\/linguistica\/","title":{"rendered":"Sobre nosotros"},"content":{"rendered":"\n<p>El Programa Graduado de Ling\u00fc\u00edstica (PGL) ofrece un grado de <strong>Maestr\u00eda (MA) en Ling\u00fc\u00edstica<\/strong>, en modalidad presencial. La misma se encuentra en un proceso de revisi\u00f3n curricular. Aqu\u00ed se detalla la informaci\u00f3n vigente hasta el momento; en cuanto se apruebe la revisi\u00f3n curricular se actualizar\u00e1 la informaci\u00f3n pertinente.<\/p>\n\n\n\n<p>Adem\u00e1s, el PGL ha creado un <strong>Certificado Post Bachillerato en Ling\u00fc\u00edstica Aplicada al Espa\u00f1ol<\/strong> <strong>(CLAE)<\/strong> en l\u00ednea, que se encuentra igualmente en las \u00faltimas etapas de aprobaci\u00f3n. En cuanto comience el proceso de matr\u00edcula, se informar\u00e1 por las redes.<\/p>\n\n\n\n<p>El PGL tambi\u00e9n tiene la intenci\u00f3n de crear pr\u00f3ximamente un Doctorado en Ling\u00fc\u00edstica. Cuando se logre dicha meta, se anunciar\u00e1 por las redes. \u00a1Pendientes!<\/p>\n","protected":false},"excerpt":{"rendered":"<p>El Programa Graduado de Ling\u00fc\u00edstica (PGL) ofrece un grado de Maestr\u00eda (MA) en Ling\u00fc\u00edstica, en modalidad presencial. La misma se encuentra en un proceso de revisi\u00f3n curricular. Aqu\u00ed se detalla la informaci\u00f3n vigente hasta el momento; en cuanto se apruebe la revisi\u00f3n curricular se actualizar\u00e1 la informaci\u00f3n pertinente. Adem\u00e1s, el &#8230;<\/p>\n","protected":false},"author":2,"featured_media":0,"parent":0,"menu_order":0,"comment_status":"closed","ping_status":"closed","template":"","meta":{"_eb_attr":"","_monsterinsights_skip_tracking":false,"_monsterinsights_sitenote_active":false,"_monsterinsights_sitenote_note":"","_monsterinsights_sitenote_category":0,"footnotes":""},"class_list":["post-41","page","type-page","status-publish","hentry","column","twocol"],"_links":{"self":[{"href":"https:\/\/humanidades.uprrp.edu\/linguistica\/wp-json\/wp\/v2\/pages\/41","targetHints":{"allow":["GET"]}}],"collection":[{"href":"https:\/\/humanidades.uprrp.edu\/linguistica\/wp-json\/wp\/v2\/pages"}],"about":[{"href":"https:\/\/humanidades.uprrp.edu\/linguistica\/wp-json\/wp\/v2\/types\/page"}],"author":[{"embeddable":true,"href":"https:\/\/humanidades.uprrp.edu\/linguistica\/wp-json\/wp\/v2\/users\/2"}],"replies":[{"embeddable":true,"href":"https:\/\/humanidades.uprrp.edu\/linguistica\/wp-json\/wp\/v2\/comments?post=41"}],"version-history":[{"count":1,"href":"https:\/\/humanidades.uprrp.edu\/linguistica\/wp-json\/wp\/v2\/pages\/41\/revisions"}],"predecessor-version":[{"id":42,"href":"https:\/\/humanidades.uprrp.edu\/linguistica\/wp-json\/wp\/v2\/pages\/41\/revisions\/42"}],"wp:attachment":[{"href":"https:\/\/humanidades.uprrp.edu\/linguistica\/wp-json\/wp\/v2\/media?parent=41"}],"curies":[{"name":"wp","href":"https:\/\/api.w.org\/{rel}","templated":true}]}}