{"id":961,"date":"2017-02-07T18:47:43","date_gmt":"2017-02-07T18:47:43","guid":{"rendered":"https:\/\/humanidades.uprrp.edu\/lenguas\/?page_id=961"},"modified":"2017-02-07T18:47:43","modified_gmt":"2017-02-07T18:47:43","slug":"expolenguas","status":"publish","type":"page","link":"https:\/\/humanidades.uprrp.edu\/lenguas\/index.php\/actividades\/otras-actividades\/expolenguas\/","title":{"rendered":"Expolenguas"},"content":{"rendered":"<div>\n<div class=\"m_1059312342478520818m_-2695224059547499755gmail-_6a m_1059312342478520818m_-2695224059547499755gmail-_5u5j\">\u00bfDeseas irte de intercambio? \u00a1ESTA ACTIVIDAD ES PARA TI! OLE te invita a ExpoLenguas 2017. ExpoLenguas es una actividad cultural\u00a0donde\u00a0estudiantes del Departamento de\u00a0Lenguas Extranjeras comparten su experiencia en el extranjero.<\/div>\n<div class=\"m_1059312342478520818m_-2695224059547499755gmail-_6a m_1059312342478520818m_-2695224059547499755gmail-_5u5j\"><\/div>\n<div class=\"m_1059312342478520818m_-2695224059547499755gmail-_6a m_1059312342478520818m_-2695224059547499755gmail-_5u5j\">Pa\u00edses:<\/div>\n<div class=\"m_1059312342478520818m_-2695224059547499755gmail-_6a m_1059312342478520818m_-2695224059547499755gmail-_5u5j\">Austria &#8211; Keishla Gonz\u00e1lez, Natalia Guzman, Angel Mariani<\/div>\n<div class=\"m_1059312342478520818m_-2695224059547499755gmail-_6a m_1059312342478520818m_-2695224059547499755gmail-_5u5j\">Canada &#8211; Alfonsina Se\u00f1eriz<\/div>\n<div class=\"m_1059312342478520818m_-2695224059547499755gmail-_6a m_1059312342478520818m_-2695224059547499755gmail-_5u5j\">Francia &#8211; Paloma Gonz\u00e1lez<\/div>\n<div class=\"m_1059312342478520818m_-2695224059547499755gmail-_6a m_1059312342478520818m_-2695224059547499755gmail-_5u5j\">Italia &#8211; M\u00f3nika Ortiz, Shaira Charriez, Nardja Ojeda<\/div>\n<div class=\"m_1059312342478520818m_-2695224059547499755gmail-_6a m_1059312342478520818m_-2695224059547499755gmail-_5u5j\">Portugal &#8211; Mar\u00eda Gonz\u00e1lez<\/div>\n<div class=\"m_1059312342478520818m_-2695224059547499755gmail-_6a m_1059312342478520818m_-2695224059547499755gmail-_5u5j\">Corea del Sur &#8211; Gabriela Carambot<\/div>\n<div class=\"m_1059312342478520818m_-2695224059547499755gmail-_6a m_1059312342478520818m_-2695224059547499755gmail-_5u5j\">Rusia &#8211; Gabriela Rosa Hern\u00e1ndez<\/div>\n<\/div>\n<div id=\"m_1059312342478520818m_-2695224059547499755gmail-js_pj\" class=\"m_1059312342478520818m_-2695224059547499755gmail-_5pbx m_1059312342478520818m_-2695224059547499755gmail-userContent\">\n<p>Contaremos con la participaci\u00f3n de Christine Debreu, Directora de la Alianza Francesa de Puerto Rico que presentar\u00e1 los intercambios de Campus France.<\/p>\n<p><a href=\"https:\/\/humanidades.uprrp.edu\/lenguas\/index.php\/actividades\/otras-actividades\/expolenguas\/expolenguas\/#main\" rel=\"attachment wp-att-962\"><img loading=\"lazy\" decoding=\"async\" class=\"aligncenter wp-image-962 size-full\" src=\"https:\/\/humanidades.uprrp.edu\/lenguas\/wp-content\/uploads\/2017\/02\/ExpoLenguas-e1486493254729.jpg\" alt=\"ExpoLenguas\" width=\"892\" height=\"1144\" srcset=\"https:\/\/humanidades.uprrp.edu\/lenguas\/wp-content\/uploads\/2017\/02\/ExpoLenguas-e1486493254729.jpg 892w, https:\/\/humanidades.uprrp.edu\/lenguas\/wp-content\/uploads\/2017\/02\/ExpoLenguas-e1486493254729-234x300.jpg 234w, https:\/\/humanidades.uprrp.edu\/lenguas\/wp-content\/uploads\/2017\/02\/ExpoLenguas-e1486493254729-768x985.jpg 768w, https:\/\/humanidades.uprrp.edu\/lenguas\/wp-content\/uploads\/2017\/02\/ExpoLenguas-e1486493254729-798x1024.jpg 798w, https:\/\/humanidades.uprrp.edu\/lenguas\/wp-content\/uploads\/2017\/02\/ExpoLenguas-e1486493254729-317x406.jpg 317w\" sizes=\"auto, (max-width: 892px) 100vw, 892px\" \/><\/a><\/p>\n<\/div>\n","protected":false},"excerpt":{"rendered":"<p>\u00bfDeseas irte de intercambio? \u00a1ESTA ACTIVIDAD ES PARA TI! OLE te invita a ExpoLenguas 2017. ExpoLenguas es una actividad cultural\u00a0donde\u00a0estudiantes del Departamento de\u00a0Lenguas Extranjeras comparten su experiencia en el extranjero. Pa\u00edses: Austria &#8211; Keishla Gonz\u00e1lez, Natalia Guzman, Angel Mariani Canada &#8211; Alfonsina Se\u00f1eriz Francia &#8211; Paloma Gonz\u00e1lez Italia &#8211; M\u00f3nika Ortiz, Shaira Charriez, Nardja Ojeda [&hellip;]<\/p>\n","protected":false},"author":2,"featured_media":0,"parent":621,"menu_order":1,"comment_status":"closed","ping_status":"closed","template":"","meta":{"footnotes":""},"class_list":["post-961","page","type-page","status-publish","hentry"],"_links":{"self":[{"href":"https:\/\/humanidades.uprrp.edu\/lenguas\/index.php\/wp-json\/wp\/v2\/pages\/961","targetHints":{"allow":["GET"]}}],"collection":[{"href":"https:\/\/humanidades.uprrp.edu\/lenguas\/index.php\/wp-json\/wp\/v2\/pages"}],"about":[{"href":"https:\/\/humanidades.uprrp.edu\/lenguas\/index.php\/wp-json\/wp\/v2\/types\/page"}],"author":[{"embeddable":true,"href":"https:\/\/humanidades.uprrp.edu\/lenguas\/index.php\/wp-json\/wp\/v2\/users\/2"}],"replies":[{"embeddable":true,"href":"https:\/\/humanidades.uprrp.edu\/lenguas\/index.php\/wp-json\/wp\/v2\/comments?post=961"}],"version-history":[{"count":3,"href":"https:\/\/humanidades.uprrp.edu\/lenguas\/index.php\/wp-json\/wp\/v2\/pages\/961\/revisions"}],"predecessor-version":[{"id":965,"href":"https:\/\/humanidades.uprrp.edu\/lenguas\/index.php\/wp-json\/wp\/v2\/pages\/961\/revisions\/965"}],"up":[{"embeddable":true,"href":"https:\/\/humanidades.uprrp.edu\/lenguas\/index.php\/wp-json\/wp\/v2\/pages\/621"}],"wp:attachment":[{"href":"https:\/\/humanidades.uprrp.edu\/lenguas\/index.php\/wp-json\/wp\/v2\/media?parent=961"}],"curies":[{"name":"wp","href":"https:\/\/api.w.org\/{rel}","templated":true}]}}