{"id":938,"date":"2017-02-06T17:08:34","date_gmt":"2017-02-06T17:08:34","guid":{"rendered":"https:\/\/humanidades.uprrp.edu\/lenguas\/?page_id=938"},"modified":"2017-02-06T17:59:36","modified_gmt":"2017-02-06T17:59:36","slug":"actividades-2","status":"publish","type":"page","link":"https:\/\/humanidades.uprrp.edu\/lenguas\/index.php\/actividades\/actividades-2\/","title":{"rendered":"Actividades \u2013 Agosto-Diciembre 2016"},"content":{"rendered":"<table>\n<tbody>\n<tr>\n<td width=\"181\"><strong>Fecha<\/strong><\/td>\n<td width=\"162\"><strong>Lugar<\/strong><\/td>\n<td width=\"290\"><strong>Actividad<\/strong><\/td>\n<\/tr>\n<tr>\n<td width=\"181\"><strong>Mi\u00e9rcoles 21 septiembre<br \/>\n<\/strong>11:30am-1:00pm<\/td>\n<td width=\"162\">Frente al Consejo<\/td>\n<td width=\"290\"><strong>Bake Sale OLE<\/strong><\/td>\n<\/tr>\n<tr>\n<td width=\"181\"><strong>Mi\u00e9rcoles 21 septiembre<br \/>\n<\/strong>11:30am-1:00pm<\/td>\n<td width=\"162\">Frente a Anf. Fac. de Estudios Generales<\/td>\n<td width=\"290\"><a href=\"https:\/\/humanidades.uprrp.edu\/lenguas\/index.php\/actividades\/en-portugues\/capoeira\/\"><strong>Presentaci\u00f3n de capoeira<\/strong><\/a><\/td>\n<\/tr>\n<tr>\n<td width=\"181\"><strong>Jueves 6 octubre<br \/>\n<\/strong>5:30pm-7:30pm<\/td>\n<td width=\"162\">Sala A<\/td>\n<td width=\"290\"><strong><a href=\"https:\/\/humanidades.uprrp.edu\/lenguas\/index.php\/actividades\/otras-actividades\/pelicula-de-horror-coreana-2\/\">Pel\u00edcula de horror coreana<\/a><br \/>\n<\/strong>Tale of Two Sisters<\/td>\n<\/tr>\n<tr>\n<td width=\"181\"><strong>Viernes 14 octubre<\/strong> 8:00pm-1:00am<\/td>\n<td width=\"162\">Local 110<br \/>\nCalle San Sebasti\u00e1n<\/td>\n<td width=\"290\"><strong><a href=\"https:\/\/humanidades.uprrp.edu\/lenguas\/index.php\/actividades\/en-aleman\/oktoberkest\/\">Oktoberfest<\/a><br \/>\n<\/strong>karaoke, $5 entrada con cerveza<\/td>\n<\/tr>\n<tr>\n<td width=\"181\"><strong>Mi\u00e9rcoles 26 octubre<br \/>\n<\/strong>1:00pm-3:00pm<\/td>\n<td width=\"162\">Anf. 3<br \/>\nFac. de Estudios Generales<\/td>\n<td width=\"290\"><strong><a href=\"https:\/\/humanidades.uprrp.edu\/lenguas\/index.php\/actividades\/en-portugues\/capoeira\/\">La bomba y la capoeira<\/a><br \/>\n<\/strong>Manifestaciones afrodescendientes de Puerto Rico y Brasil<\/td>\n<\/tr>\n<tr>\n<td width=\"181\"><strong>Jueves 27 octubre<\/strong> 6:00pm<\/td>\n<td width=\"162\">Sala A<\/td>\n<td width=\"290\"><a href=\"https:\/\/humanidades.uprrp.edu\/lenguas\/index.php\/actividades\/en-italiano\/cineforo-italiano\/\"><strong>Cine foro italiano<\/strong><\/a><br \/>\n<em>La Finestra di fronte<\/em> [<em>Facing Windows<\/em>] (2003) de Ferzan \u00d6zpetek<\/td>\n<\/tr>\n<tr>\n<td width=\"181\"><strong>Mi\u00e9rcoles 2 noviembre<br \/>\n<\/strong>11:30am-1:00pm<\/td>\n<td width=\"162\">Frente al Consejo<\/td>\n<td width=\"290\"><strong>Bake Sale OLE<\/strong><\/td>\n<\/tr>\n<tr>\n<td width=\"181\"><strong>Viernes 4 noviembre<br \/>\n<\/strong>2:00pm-5:00pm<\/td>\n<td width=\"162\">Complejo Deportivo<\/td>\n<td width=\"290\"><strong><a href=\"https:\/\/humanidades.uprrp.edu\/lenguas\/index.php\/actividades\/en-italiano\/calcio-alltaliano\/\">Calcio all\u2019italiana<\/a><\/strong><\/td>\n<\/tr>\n<tr>\n<td width=\"181\"><strong>Viernes 18 noviembre<br \/>\n<\/strong>12:00pm<\/td>\n<td width=\"162\">Sala A<\/td>\n<td width=\"290\"><strong><a href=\"https:\/\/drive.google.com\/open?id=0BwN8laroTzjmZjdCN0dURThaMzg\">Presentaci\u00f3n de libro<\/a><br \/>\n<\/strong>Nikol\u00e1i Andr\u00e9ievich Rimski-K\u00f3rsakov: Compositor y profesor ruso<\/td>\n<\/tr>\n<tr>\n<td width=\"181\"><strong>Martes 22 de noviembre<br \/>\n<\/strong>6:00-8:00<\/td>\n<td width=\"162\">Anf. 1 de Educaci\u00f3n<\/td>\n<td width=\"290\"><strong>Esto es China<br \/>\n<\/strong>Historias, canciones, bailes<\/td>\n<\/tr>\n<tr>\n<td width=\"181\"><strong>Mi\u00e9rcoles 30 noviembre<br \/>\n<\/strong>3:00pm<\/td>\n<td width=\"162\">Sala A<\/td>\n<td width=\"290\"><strong><em><a href=\"https:\/\/drive.google.com\/open?id=0BwN8laroTzjmZjVHMy1lVEVYQm8\">A Aurora da Minha Vida<\/a><br \/>\n<\/em><\/strong>Presentaci\u00f3n de parte de la obra teatral de Naum Alves de Souza por los estudiantes de PORT 4016<\/td>\n<\/tr>\n<\/tbody>\n<\/table>\n","protected":false},"excerpt":{"rendered":"<p>Fecha Lugar Actividad Mi\u00e9rcoles 21 septiembre 11:30am-1:00pm Frente al Consejo Bake Sale OLE Mi\u00e9rcoles 21 septiembre 11:30am-1:00pm Frente a Anf. Fac. de Estudios Generales Presentaci\u00f3n de capoeira Jueves 6 octubre 5:30pm-7:30pm Sala A Pel\u00edcula de horror coreana Tale of Two Sisters Viernes 14 octubre 8:00pm-1:00am Local 110 Calle San Sebasti\u00e1n Oktoberfest karaoke, $5 entrada con [&hellip;]<\/p>\n","protected":false},"author":2,"featured_media":0,"parent":161,"menu_order":0,"comment_status":"closed","ping_status":"closed","template":"full-width.php","meta":{"footnotes":""},"class_list":["post-938","page","type-page","status-publish","hentry"],"_links":{"self":[{"href":"https:\/\/humanidades.uprrp.edu\/lenguas\/index.php\/wp-json\/wp\/v2\/pages\/938","targetHints":{"allow":["GET"]}}],"collection":[{"href":"https:\/\/humanidades.uprrp.edu\/lenguas\/index.php\/wp-json\/wp\/v2\/pages"}],"about":[{"href":"https:\/\/humanidades.uprrp.edu\/lenguas\/index.php\/wp-json\/wp\/v2\/types\/page"}],"author":[{"embeddable":true,"href":"https:\/\/humanidades.uprrp.edu\/lenguas\/index.php\/wp-json\/wp\/v2\/users\/2"}],"replies":[{"embeddable":true,"href":"https:\/\/humanidades.uprrp.edu\/lenguas\/index.php\/wp-json\/wp\/v2\/comments?post=938"}],"version-history":[{"count":3,"href":"https:\/\/humanidades.uprrp.edu\/lenguas\/index.php\/wp-json\/wp\/v2\/pages\/938\/revisions"}],"predecessor-version":[{"id":948,"href":"https:\/\/humanidades.uprrp.edu\/lenguas\/index.php\/wp-json\/wp\/v2\/pages\/938\/revisions\/948"}],"up":[{"embeddable":true,"href":"https:\/\/humanidades.uprrp.edu\/lenguas\/index.php\/wp-json\/wp\/v2\/pages\/161"}],"wp:attachment":[{"href":"https:\/\/humanidades.uprrp.edu\/lenguas\/index.php\/wp-json\/wp\/v2\/media?parent=938"}],"curies":[{"name":"wp","href":"https:\/\/api.w.org\/{rel}","templated":true}]}}