{"id":86,"date":"2015-09-01T15:37:26","date_gmt":"2015-09-01T14:37:26","guid":{"rendered":"https:\/\/lenguasuprrp.wordpress.com\/?page_id=86"},"modified":"2023-04-20T18:45:18","modified_gmt":"2023-04-20T18:45:18","slug":"chino","status":"publish","type":"page","link":"https:\/\/humanidades.uprrp.edu\/lenguas\/index.php\/curriculo\/cursos\/chino\/","title":{"rendered":"Cursos de chino"},"content":{"rendered":"<p><span style=\"color: #333399;\"><strong>P\u00e1gina actualizada el 20 abril 2023<\/strong><\/span><\/p>\n<h2><strong>Cursos medulares<\/strong><\/h2>\n<p><a href=\"https:\/\/drive.google.com\/file\/d\/1XZzxbpgdMN4TzK8osRhbAqTGM0A5xpIL\/view?usp=sharing\"><strong>CHIN 3001 Chino Intensivo I<\/strong><\/a><b>\u00a0<\/b>(5 horas \u2013 3 crs.)<br \/>\nCurso introductorio de chino moderno. Se desarrollar\u00e1n las cuatro destrezas funcionales de la lengua: comprensi\u00f3n auditiva, expresi\u00f3n oral, lectura y escritura. Se estudiar\u00e1n algunos aspectos de la cultura china. Curso presencial, en l\u00ednea e h\u00edbrido.<br \/>\nCorrequisito: <strong>CHIN 3011 Laboratorio de Chino Intensivo I<\/strong> (2.5 horas \u2013 0 crs.)<\/p>\n<p><strong><a href=\"https:\/\/drive.google.com\/file\/d\/1E5PO8MowM-6_oM7UBSuRmKCT8Y1-w3fe\/view?usp=sharing\">CHIN 3002 Chino Intensivo II<\/a>\u00a0<\/strong>(5 horas \u2013 3 crs.)<br \/>\n(Prerrequisito: CHIN 3001) En este curso, se contin\u00faa estudiando las conversaciones cotidianas del chino, mientras se mejora la pronunciaci\u00f3n de las s\u00edlabas chinas, especialmente de los tonos chinos. Se contin\u00faa estudiando y practicando caracteres chinos a mano y a computadora. Se contin\u00faa estudiando las funciones de las oraciones b\u00e1sicas del chino mandar\u00edn. Adem\u00e1s, a trav\u00e9s de actividades culturales chinas se ampl\u00edan los conocimientos de los estudiantes sobre China y aumenta su inter\u00e9s para el idioma chino mandar\u00edn y las culturas chinas. Curso presencial, en l\u00ednea e h\u00edbrido.<br \/>\nCorrequisito: <strong>CHIN 3012 Laboratorio de Chino Intensivo II<\/strong> (2.5 horas \u2013 0 crs.)<\/p>\n<p><a href=\"https:\/\/drive.google.com\/file\/d\/13DZY1_LforK87HeXWoAn0gaNwyNRtNUE\/view?usp=sharing\"><strong>CHIN 3103 Chino intermedio I<\/strong><\/a> (3 crs.)<br \/>\n(Prerrequisito: CHIN 3002) Curso dise\u00f1ado para reforzar las destrezas de comunicaci\u00f3n oral y de comprensi\u00f3n de los caracteres chinos para poder escribir, leer y entender la lengua escrita a nivel intermedio I. Se ampliar\u00e1n vocabulario y conocimiento de la gram\u00e1tica y se estudiar\u00e1n caracteres chinos nuevos y m\u00e1s complejos.\u00a0Curso presencial, en l\u00ednea e h\u00edbrido.<br \/>\nCorrequisito: <strong>CHIN 3103L<\/strong>\u00a0<strong>Laboratorio de Chino intermedio I<\/strong> (2.5 horas \u2013 0 crs.)<\/p>\n<p><a href=\"https:\/\/drive.google.com\/file\/d\/1d8fuSgbZAK7-hkZ-Jax-B4LE_-5uQjis\/view?usp=sharing\"><strong>CHIN 4016\u00a0<\/strong><strong>Expresi\u00f3n oral de nivel intermedio I<\/strong><\/a>\u00a0(3 crs.)<br \/>\n(Prerrequisito: CHIN 3002; Correquisito: CHIN 3103) Desarrolla la competencia comunicativa oral en chino a nivel intermedio en situaciones de la vida cotidiana. Se enfatizar\u00e1 en la buena pronunciaci\u00f3n y la fluidez de la expresi\u00f3n oral en chino. Mediante la discusi\u00f3n en clase, el estudiante desarrollar\u00e1 vocabulario nuevo y mejorar\u00e1 su correcci\u00f3n gramatical en la expresi\u00f3n oral. Este es un curso de pr\u00e1ctica oral intensiva. Curso presencial, en l\u00ednea e h\u00edbrido.<\/p>\n<p><a href=\"https:\/\/drive.google.com\/file\/d\/13qF9MTVYtmQoRUSpUSWa7rmHNOIrwwNP\/view?usp=sharing\"><strong>CHIN 3104 Chino Intermedio II<\/strong><\/a> (3 crs.)<br \/>\n(Prerrequisito: CHIN 3103) Continuaci\u00f3n del curso intermedio I, dise\u00f1ada para reforzar las destrezas de comunicaci\u00f3n oral y de comprensi\u00f3n de los caracteres chinos para poder escribir, leer y entender la lengua escrita a nivel intermedio II. Incluye la redacci\u00f3n de ensayos cortos en caracteres a mano o con computadora.\u00a0Curso presencial, en l\u00ednea e h\u00edbrido.<br \/>\nCorrequisito: <strong>CHIN 3104L Laboratorio de Chino intermedio I<\/strong> (2.5 horas \u2013 0 crs.)<\/p>\n<h2><strong>Electivas<\/strong><\/h2>\n<p><strong><a href=\"https:\/\/drive.google.com\/file\/d\/10CilITBjMOWuoX2Te2Zhrg9AxGRpWQUH\/view?usp=sharing\">CHIN 4017 Lectura del chino de nivel intermedio<\/a>\u00a0<\/strong>(3 crs.)<br \/>\n(Prerrequisitos: CHIN 3103 y CHIN 4016; Correquisito: CHIN 3104)\u00a0El curso desarrolla la competencia de leer temas de la vida cotidiana en chino mandar\u00edn nivel intermedio. Se enfatizar\u00e1 en la capacidad y la velocidad de comprender los caracteres chinos y entender las lecturas propuestas. Mediante la pr\u00e1ctica de lectura en y fuera de la clase, el estudiante desarrollar\u00e1 vocabulario nuevo. Este es un curso de pr\u00e1ctica intensiva. Curso presencial, en l\u00ednea e h\u00edbrido.<\/p>\n<p>*<a href=\"https:\/\/drive.google.com\/open?id=16gOzRrjzVZiWOxeops5zMzELEFJe9aWu\"><strong>CHIN 4026 Expresi\u00f3n oral de nivel intermedio II<\/strong><\/a> (3 crs.)<br \/>\n(Prerrequisito: CHIN 4016) Curso de continuaci\u00f3n del curso de expresi\u00f3n oral de nivel intermedio I. Est\u00e1 dirigido a estudiantes que desean seguir ampliando la competencia comunicativa oral en situaciones de la vida cotidiana. Mediante la discusi\u00f3n en clase, el estudiante aprender\u00e1 vocabulario nuevo, adquirir\u00e1 m\u00e1s fluidez, y mejorar\u00e1 sus conocimientos de gram\u00e1tica.\u00a0Este es un curso de pr\u00e1ctica oral intensiva.<\/p>\n<p><strong>*CHIN 4136 Lengua y cultura china a trav<\/strong><strong>\u00e9s de los v\u00ed<\/strong><strong>deos (3 crs.)<br \/>\n<\/strong>(Prerrequisito: CHIN 4016) Este curso explora la cultura china contempor\u00e1nea a trav\u00e9s de documentos aut\u00e9nticos (v\u00eddeos), disponibles en internet, presentando diferentes temas de la vida cotidiana en China. Los estudiantes desarrollar\u00e1n su capacidad de entender y hablar chino a una velocidad natural, ampliar\u00e1n su vocabulario y aprender\u00e1n estructuras gramaticales nuevas a nivel intermedio. Este curso se ofrecer\u00e1 bajo las modalidades presencial, h\u00edbrida y en l\u00ednea.<\/p>\n","protected":false},"excerpt":{"rendered":"<p>P\u00e1gina actualizada el 20 abril 2023 Cursos medulares CHIN 3001 Chino Intensivo I\u00a0(5 horas \u2013 3 crs.) Curso introductorio de chino moderno. Se desarrollar\u00e1n las cuatro destrezas funcionales de la lengua: comprensi\u00f3n auditiva, expresi\u00f3n oral, lectura y escritura. Se estudiar\u00e1n algunos aspectos de la cultura china. Curso presencial, en l\u00ednea e h\u00edbrido. Correquisito: CHIN 3011 [&hellip;]<\/p>\n","protected":false},"author":3,"featured_media":0,"parent":177,"menu_order":1,"comment_status":"closed","ping_status":"closed","template":"full-width.php","meta":{"footnotes":""},"class_list":["post-86","page","type-page","status-publish","hentry"],"_links":{"self":[{"href":"https:\/\/humanidades.uprrp.edu\/lenguas\/index.php\/wp-json\/wp\/v2\/pages\/86","targetHints":{"allow":["GET"]}}],"collection":[{"href":"https:\/\/humanidades.uprrp.edu\/lenguas\/index.php\/wp-json\/wp\/v2\/pages"}],"about":[{"href":"https:\/\/humanidades.uprrp.edu\/lenguas\/index.php\/wp-json\/wp\/v2\/types\/page"}],"author":[{"embeddable":true,"href":"https:\/\/humanidades.uprrp.edu\/lenguas\/index.php\/wp-json\/wp\/v2\/users\/3"}],"replies":[{"embeddable":true,"href":"https:\/\/humanidades.uprrp.edu\/lenguas\/index.php\/wp-json\/wp\/v2\/comments?post=86"}],"version-history":[{"count":19,"href":"https:\/\/humanidades.uprrp.edu\/lenguas\/index.php\/wp-json\/wp\/v2\/pages\/86\/revisions"}],"predecessor-version":[{"id":3258,"href":"https:\/\/humanidades.uprrp.edu\/lenguas\/index.php\/wp-json\/wp\/v2\/pages\/86\/revisions\/3258"}],"up":[{"embeddable":true,"href":"https:\/\/humanidades.uprrp.edu\/lenguas\/index.php\/wp-json\/wp\/v2\/pages\/177"}],"wp:attachment":[{"href":"https:\/\/humanidades.uprrp.edu\/lenguas\/index.php\/wp-json\/wp\/v2\/media?parent=86"}],"curies":[{"name":"wp","href":"https:\/\/api.w.org\/{rel}","templated":true}]}}