{"id":838,"date":"2017-01-24T18:11:59","date_gmt":"2017-01-24T18:11:59","guid":{"rendered":"https:\/\/humanidades.uprrp.edu\/lenguas\/?page_id=838"},"modified":"2019-04-09T12:48:25","modified_gmt":"2019-04-09T12:48:25","slug":"asociacion-puertorriquena-de-profesores-de-frances","status":"publish","type":"page","link":"https:\/\/humanidades.uprrp.edu\/lenguas\/index.php\/docencia\/asociacion-puertorriquena-de-profesores-de-frances\/","title":{"rendered":"Asociaci\u00f3n Puertorrique\u00f1a de Profesores de Franc\u00e9s"},"content":{"rendered":"<p>La <a href=\"https:\/\/appfpuertorico.org\/\">Asociaci\u00f3n Puertorrique\u00f1a de Profesores de Franc\u00e9s<\/a> acoge todas las personas envolucradas en la ense\u00f1anza y la difusi\u00f3n del franc\u00e9s en Puerto Rico.<\/p>\n","protected":false},"excerpt":{"rendered":"<p>La Asociaci\u00f3n Puertorrique\u00f1a de Profesores de Franc\u00e9s acoge todas las personas envolucradas en la ense\u00f1anza y la difusi\u00f3n del franc\u00e9s en Puerto Rico.<\/p>\n","protected":false},"author":2,"featured_media":0,"parent":175,"menu_order":5,"comment_status":"closed","ping_status":"closed","template":"full-width.php","meta":{"footnotes":""},"class_list":["post-838","page","type-page","status-publish","hentry"],"_links":{"self":[{"href":"https:\/\/humanidades.uprrp.edu\/lenguas\/index.php\/wp-json\/wp\/v2\/pages\/838","targetHints":{"allow":["GET"]}}],"collection":[{"href":"https:\/\/humanidades.uprrp.edu\/lenguas\/index.php\/wp-json\/wp\/v2\/pages"}],"about":[{"href":"https:\/\/humanidades.uprrp.edu\/lenguas\/index.php\/wp-json\/wp\/v2\/types\/page"}],"author":[{"embeddable":true,"href":"https:\/\/humanidades.uprrp.edu\/lenguas\/index.php\/wp-json\/wp\/v2\/users\/2"}],"replies":[{"embeddable":true,"href":"https:\/\/humanidades.uprrp.edu\/lenguas\/index.php\/wp-json\/wp\/v2\/comments?post=838"}],"version-history":[{"count":1,"href":"https:\/\/humanidades.uprrp.edu\/lenguas\/index.php\/wp-json\/wp\/v2\/pages\/838\/revisions"}],"predecessor-version":[{"id":839,"href":"https:\/\/humanidades.uprrp.edu\/lenguas\/index.php\/wp-json\/wp\/v2\/pages\/838\/revisions\/839"}],"up":[{"embeddable":true,"href":"https:\/\/humanidades.uprrp.edu\/lenguas\/index.php\/wp-json\/wp\/v2\/pages\/175"}],"wp:attachment":[{"href":"https:\/\/humanidades.uprrp.edu\/lenguas\/index.php\/wp-json\/wp\/v2\/media?parent=838"}],"curies":[{"name":"wp","href":"https:\/\/api.w.org\/{rel}","templated":true}]}}