{"id":8,"date":"2014-09-18T03:48:49","date_gmt":"2014-09-18T02:48:49","guid":{"rendered":"http:\/\/lenguasuprrp.wordpress.com\/?page_id=8"},"modified":"2024-01-17T02:48:53","modified_gmt":"2024-01-17T02:48:53","slug":"personal-docente","status":"publish","type":"page","link":"https:\/\/humanidades.uprrp.edu\/lenguas\/index.php\/docencia\/personal-docente\/","title":{"rendered":"Personal Docente"},"content":{"rendered":"<p><a href=\"https:\/\/humanidades.uprrp.edu\/lenguas\/index.php\/docencia\/personal-docente\/aleman\/\"><strong>Alem\u00e1n<\/strong><\/a><\/p>\n<p><a href=\"https:\/\/humanidades.uprrp.edu\/lenguas\/index.php\/docencia\/personal-docente\/arabe\/\"><strong>\u00c1rabe<\/strong><\/a><\/p>\n<p><a href=\"https:\/\/humanidades.uprrp.edu\/lenguas\/index.php\/docencia\/personal-docente\/chino\/\"><strong>Chino<\/strong><\/a><\/p>\n<p><a href=\"https:\/\/humanidades.uprrp.edu\/lenguas\/index.php\/docencia\/personal-docente\/frances\/\"><strong>Franc\u00e9s<\/strong><\/a><\/p>\n<p><a href=\"https:\/\/humanidades.uprrp.edu\/lenguas\/index.php\/docencia\/personal-docente\/griego\/\"><strong>Griego<\/strong><\/a><\/p>\n<p><a href=\"https:\/\/humanidades.uprrp.edu\/lenguas\/index.php\/docencia\/personal-docente\/italiano\/\"><strong>Italiano<\/strong><\/a><\/p>\n<p><a href=\"https:\/\/humanidades.uprrp.edu\/lenguas\/index.php\/docencia\/personal-docente\/japones\/\"><strong>Japon\u00e9s<\/strong><\/a><\/p>\n<p><strong><a href=\"https:\/\/humanidades.uprrp.edu\/lenguas\/index.php\/latin\/\">Lat\u00edn<\/a><\/strong><\/p>\n<p><a href=\"https:\/\/humanidades.uprrp.edu\/lenguas\/index.php\/docencia\/personal-docente\/portugues\/\"><strong>Portugu\u00e9s<\/strong><\/a><\/p>\n<p><a href=\"https:\/\/humanidades.uprrp.edu\/lenguas\/index.php\/docencia\/personal-docente\/ruso\/\"><strong>Ruso<\/strong><\/a><\/p>\n","protected":false},"excerpt":{"rendered":"<p>Alem\u00e1n \u00c1rabe Chino Franc\u00e9s Griego Italiano Japon\u00e9s Lat\u00edn Portugu\u00e9s Ruso<\/p>\n","protected":false},"author":2,"featured_media":0,"parent":175,"menu_order":1,"comment_status":"open","ping_status":"open","template":"full-width.php","meta":{"footnotes":""},"class_list":["post-8","page","type-page","status-publish","hentry"],"_links":{"self":[{"href":"https:\/\/humanidades.uprrp.edu\/lenguas\/index.php\/wp-json\/wp\/v2\/pages\/8","targetHints":{"allow":["GET"]}}],"collection":[{"href":"https:\/\/humanidades.uprrp.edu\/lenguas\/index.php\/wp-json\/wp\/v2\/pages"}],"about":[{"href":"https:\/\/humanidades.uprrp.edu\/lenguas\/index.php\/wp-json\/wp\/v2\/types\/page"}],"author":[{"embeddable":true,"href":"https:\/\/humanidades.uprrp.edu\/lenguas\/index.php\/wp-json\/wp\/v2\/users\/2"}],"replies":[{"embeddable":true,"href":"https:\/\/humanidades.uprrp.edu\/lenguas\/index.php\/wp-json\/wp\/v2\/comments?post=8"}],"version-history":[{"count":37,"href":"https:\/\/humanidades.uprrp.edu\/lenguas\/index.php\/wp-json\/wp\/v2\/pages\/8\/revisions"}],"predecessor-version":[{"id":3356,"href":"https:\/\/humanidades.uprrp.edu\/lenguas\/index.php\/wp-json\/wp\/v2\/pages\/8\/revisions\/3356"}],"up":[{"embeddable":true,"href":"https:\/\/humanidades.uprrp.edu\/lenguas\/index.php\/wp-json\/wp\/v2\/pages\/175"}],"wp:attachment":[{"href":"https:\/\/humanidades.uprrp.edu\/lenguas\/index.php\/wp-json\/wp\/v2\/media?parent=8"}],"curies":[{"name":"wp","href":"https:\/\/api.w.org\/{rel}","templated":true}]}}