{"id":689,"date":"2016-10-05T20:26:45","date_gmt":"2016-10-05T19:26:45","guid":{"rendered":"https:\/\/lenguasuprrp.wordpress.com\/?page_id=689"},"modified":"2021-02-19T18:37:27","modified_gmt":"2021-02-19T18:37:27","slug":"griego","status":"publish","type":"page","link":"https:\/\/humanidades.uprrp.edu\/lenguas\/index.php\/curriculo\/cursos\/griego\/","title":{"rendered":"Cursos de griego"},"content":{"rendered":"<p><a href=\"https:\/\/drive.google.com\/open?id=0Bw7H21T0R4IxSk1KVGVqRzRpZ0E\"><strong>GRIE 3015 Griego cl\u00e1sico como instrumento de investigaci\u00f3n I <\/strong><\/a>(3 crs.)<strong><br \/>\n<\/strong>Curso introductorio dirigido a estudiantes con intereses o proyectos de investigaci\u00f3n que requieran conocimientos b\u00e1sicos en griego cl\u00e1sico. Se estudiar\u00e1n nociones fundamentales como el alfabeto griego y su relaci\u00f3n con el alfabeto latino, la gram\u00e1tica, la morfolog\u00eda nominal y la sintaxis de la lengua meta y se iniciar\u00e1 el estudio de la morfolog\u00eda verbal. Se har\u00e1 hincapi\u00e9 en la adquisici\u00f3n del vocabulario necesario para leer textos b\u00e1sicos y en el uso de herramientas de consulta en griego.<\/p>\n<p><strong>*\u00a0<a href=\"https:\/\/drive.google.com\/open?id=0Bw7H21T0R4IxRl9ZaWpQOGFkU1U\">GRIE 3016 Griego cl\u00e1sico como instrumento de investigaci\u00f3n II <\/a><\/strong>(3 crs.)<strong><br \/>\n<\/strong>Curso introductorio dirigido a estudiantes con intereses o proyectos de investigaci\u00f3n que requieran conocimientos b\u00e1sicos en griego cl\u00e1sico. Se estudiar\u00e1n nociones fundamentales como el alfabeto griego y su relaci\u00f3n con el alfabeto latino, la gram\u00e1tica, la morfolog\u00eda nominal y la sintaxis de la lengua meta, y se iniciar\u00e1 el estudio de la morfolog\u00eda verbal. Se har\u00e1 hincapi\u00e9 en la adquisici\u00f3n del vocabulario necesario para leer textos b\u00e1sicos y en el uso de herramientas de consulta en griego.<\/p>\n<p><a href=\"https:\/\/drive.google.com\/open?id=0Bw7H21T0R4IxNUM2c19QYTYwdDA\"><strong>GRIE 4005 Estudio independiente en griego cl\u00e1sico <\/strong><\/a>(3 crs.)<strong><br \/>\n<\/strong>(Prerrequisitos: GRIE 3001-3002 o su equivalente, autorizaci\u00f3n del profesor, del consejero acad\u00e9mico y del director del departamento y presentar al director, el semestre anterior a tomar el curso, una propuesta del tema a desarrollar siguiendo el procedimiento que establezca el departamento) Investigaci\u00f3n dirigida en el \u00e1rea de griego cl\u00e1sico sobre temas, autores o textos de la \u00e9poca griega antigua de inter\u00e9s individual. El curso puede tomarse un m\u00e1ximo de tres veces (9 cr\u00e9ditos) bajo temas diferentes<\/p>\n","protected":false},"excerpt":{"rendered":"<p>GRIE 3015 Griego cl\u00e1sico como instrumento de investigaci\u00f3n I (3 crs.) Curso introductorio dirigido a estudiantes con intereses o proyectos de investigaci\u00f3n que requieran conocimientos b\u00e1sicos en griego cl\u00e1sico. Se estudiar\u00e1n nociones fundamentales como el alfabeto griego y su relaci\u00f3n con el alfabeto latino, la gram\u00e1tica, la morfolog\u00eda nominal y la sintaxis de la lengua [&hellip;]<\/p>\n","protected":false},"author":2,"featured_media":0,"parent":177,"menu_order":0,"comment_status":"closed","ping_status":"closed","template":"full-width.php","meta":{"footnotes":""},"class_list":["post-689","page","type-page","status-publish","hentry"],"_links":{"self":[{"href":"https:\/\/humanidades.uprrp.edu\/lenguas\/index.php\/wp-json\/wp\/v2\/pages\/689","targetHints":{"allow":["GET"]}}],"collection":[{"href":"https:\/\/humanidades.uprrp.edu\/lenguas\/index.php\/wp-json\/wp\/v2\/pages"}],"about":[{"href":"https:\/\/humanidades.uprrp.edu\/lenguas\/index.php\/wp-json\/wp\/v2\/types\/page"}],"author":[{"embeddable":true,"href":"https:\/\/humanidades.uprrp.edu\/lenguas\/index.php\/wp-json\/wp\/v2\/users\/2"}],"replies":[{"embeddable":true,"href":"https:\/\/humanidades.uprrp.edu\/lenguas\/index.php\/wp-json\/wp\/v2\/comments?post=689"}],"version-history":[{"count":6,"href":"https:\/\/humanidades.uprrp.edu\/lenguas\/index.php\/wp-json\/wp\/v2\/pages\/689\/revisions"}],"predecessor-version":[{"id":1178,"href":"https:\/\/humanidades.uprrp.edu\/lenguas\/index.php\/wp-json\/wp\/v2\/pages\/689\/revisions\/1178"}],"up":[{"embeddable":true,"href":"https:\/\/humanidades.uprrp.edu\/lenguas\/index.php\/wp-json\/wp\/v2\/pages\/177"}],"wp:attachment":[{"href":"https:\/\/humanidades.uprrp.edu\/lenguas\/index.php\/wp-json\/wp\/v2\/media?parent=689"}],"curies":[{"name":"wp","href":"https:\/\/api.w.org\/{rel}","templated":true}]}}