{"id":547,"date":"2016-09-19T16:19:09","date_gmt":"2016-09-19T15:19:09","guid":{"rendered":"https:\/\/lenguasuprrp.wordpress.com\/?page_id=547"},"modified":"2022-09-14T14:45:02","modified_gmt":"2022-09-14T14:45:02","slug":"universidades-francofonas","status":"publish","type":"page","link":"https:\/\/humanidades.uprrp.edu\/lenguas\/index.php\/intercambio\/universidades-francofonas\/","title":{"rendered":"Universidades franc\u00f3fonas"},"content":{"rendered":"<p><strong><a href=\"https:\/\/humanidades.uprrp.edu\/lenguas\/index.php\/intercambio\/universidades-francofonas\/universite-de-rennes-ii\/\">Universit\u00e9 de Rennes II<\/a><\/strong><\/p>\n<p><a href=\"https:\/\/humanidades.uprrp.edu\/lenguas\/index.php\/intercambio\/universidades-francofonas\/universite-de-picardie-jules-verne\/\"><strong>Universit\u00e9 de Picardie Jules Verne (Amiens)<\/strong><\/a><\/p>\n<p><a href=\"https:\/\/humanidades.uprrp.edu\/lenguas\/index.php\/intercambio\/universidades-francofonas\/universite-daix-en-provence\/\"><strong>Universit\u00e9 d\u2019Aix-Marseille<\/strong><\/a><\/p>\n<p><strong><a href=\"http:\/\/micefa.org\/\">MICEFA (Paris)<\/a><\/strong><\/p>\n<p><a href=\"https:\/\/humanidades.uprrp.edu\/lenguas\/index.php\/intercambio\/universidades-francofonas\/universite-de-montreal\"><strong>Universit\u00e9 de Montr\u00e9al<\/strong><\/a><\/p>\n<p><a href=\"https:\/\/drive.google.com\/open?id=0BwN8laroTzjmSFUxOFl6RU1NWWM\"><strong>Campus France por AF<\/strong><\/a><\/p>\n","protected":false},"excerpt":{"rendered":"<p>Universit\u00e9 de Rennes II Universit\u00e9 de Picardie Jules Verne (Amiens) Universit\u00e9 d\u2019Aix-Marseille MICEFA (Paris) Universit\u00e9 de Montr\u00e9al Campus France por AF<\/p>\n","protected":false},"author":2,"featured_media":0,"parent":167,"menu_order":0,"comment_status":"closed","ping_status":"closed","template":"full-width.php","meta":{"footnotes":""},"class_list":["post-547","page","type-page","status-publish","hentry"],"_links":{"self":[{"href":"https:\/\/humanidades.uprrp.edu\/lenguas\/index.php\/wp-json\/wp\/v2\/pages\/547","targetHints":{"allow":["GET"]}}],"collection":[{"href":"https:\/\/humanidades.uprrp.edu\/lenguas\/index.php\/wp-json\/wp\/v2\/pages"}],"about":[{"href":"https:\/\/humanidades.uprrp.edu\/lenguas\/index.php\/wp-json\/wp\/v2\/types\/page"}],"author":[{"embeddable":true,"href":"https:\/\/humanidades.uprrp.edu\/lenguas\/index.php\/wp-json\/wp\/v2\/users\/2"}],"replies":[{"embeddable":true,"href":"https:\/\/humanidades.uprrp.edu\/lenguas\/index.php\/wp-json\/wp\/v2\/comments?post=547"}],"version-history":[{"count":18,"href":"https:\/\/humanidades.uprrp.edu\/lenguas\/index.php\/wp-json\/wp\/v2\/pages\/547\/revisions"}],"predecessor-version":[{"id":3225,"href":"https:\/\/humanidades.uprrp.edu\/lenguas\/index.php\/wp-json\/wp\/v2\/pages\/547\/revisions\/3225"}],"up":[{"embeddable":true,"href":"https:\/\/humanidades.uprrp.edu\/lenguas\/index.php\/wp-json\/wp\/v2\/pages\/167"}],"wp:attachment":[{"href":"https:\/\/humanidades.uprrp.edu\/lenguas\/index.php\/wp-json\/wp\/v2\/media?parent=547"}],"curies":[{"name":"wp","href":"https:\/\/api.w.org\/{rel}","templated":true}]}}