{"id":507,"date":"2016-09-10T18:32:34","date_gmt":"2016-09-10T17:32:34","guid":{"rendered":"https:\/\/lenguasuprrp.wordpress.com\/?page_id=507"},"modified":"2019-10-24T14:20:34","modified_gmt":"2019-10-24T14:20:34","slug":"consejo-de-estudiantes-de-humanidades","status":"publish","type":"page","link":"https:\/\/humanidades.uprrp.edu\/lenguas\/index.php\/estudiantes-2\/consejo-de-estudiantes-de-humanidades\/","title":{"rendered":"Consejo de Estudiantes de Humanidades"},"content":{"rendered":"<table>\n<tbody>\n<tr>\n<td width=\"255\">\u00a0<img loading=\"lazy\" decoding=\"async\" class=\"alignnone size-full wp-image-510\" src=\"https:\/\/humanidades.uprrp.edu\/lenguas\/wp-content\/uploads\/2016\/09\/ceh-logo-2.jpg\" alt=\"ceh-logo-2\" width=\"814\" height=\"569\" srcset=\"https:\/\/humanidades.uprrp.edu\/lenguas\/wp-content\/uploads\/2016\/09\/ceh-logo-2.jpg 814w, https:\/\/humanidades.uprrp.edu\/lenguas\/wp-content\/uploads\/2016\/09\/ceh-logo-2-300x210.jpg 300w, https:\/\/humanidades.uprrp.edu\/lenguas\/wp-content\/uploads\/2016\/09\/ceh-logo-2-768x537.jpg 768w\" sizes=\"auto, (max-width: 814px) 100vw, 814px\" \/><\/td>\n<td width=\"525\"><strong>\u00bfQu\u00e9 es el Consejo de Estudiantes de Humanidades?<br \/>\n<\/strong>El fin del Consejo de Humanidades es organizar a los estudiantes para participar activamente en los \u00f3rganos de cogobierno universitario. Nuestro Consejo de Estudiantes se re\u00fane cada 15 d\u00edas para trabajar situaciones de la Facultad de Humanidades y del Recinto de R\u00edo Piedras. Adem\u00e1s, nos reunimos peri\u00f3dicamente con la Decana de la Facultad para discutir cualquier otro tipo de procesos y\/o problemas mayores. Finalmente, creamos actividades acad\u00e9micas para el disfrute de los estudiantes y establecemos lazos cooperativos con las Asociaciones Estudiantiles de la Facultad.<\/td>\n<\/tr>\n<tr>\n<td width=\"255\">\n<p style=\"text-align: center;\"><strong>Andrea\u00a0Hern\u00e1ndez Ortiz<br \/>\n<\/strong>(alem\u00e1n y chino)<\/p>\n<p style=\"text-align: center;\">Representante de Lenguas Extranjeras<\/p>\n<\/td>\n<td width=\"525\"><strong>\u00bfQu\u00e9 hace el representante del departamento ante el CEH?<br \/>\n<\/strong>Entabla comunicaci\u00f3n directa con su respectivo departamento, sirviendo as\u00ed de enlace entre el estudiantado y su director. Presenta las preocupaciones y problem\u00e1ticas de cada parte y sirve de portavoz ante el Consejo de Estudiantes de Humanidades. Se encarga tambi\u00e9n de la creaci\u00f3n y promoci\u00f3n de actividades que beneficien la confraternizaci\u00f3n entre el estudiantado del Departamento y la Facultad.<\/td>\n<\/tr>\n<\/tbody>\n<\/table>\n<h2 style=\"text-align: center;\"><strong>\u00a0<\/strong><strong>Directiva del CEH<\/strong><\/h2>\n<table>\n<tbody>\n<tr>\n<td width=\"798\"><strong>Paola Andrea Garc\u00eda Mej\u00edas<\/strong>, presidenta<strong><br \/>\n<\/strong>paola.garcia11@upr.edu<br \/>\nDept. Lenguas Extranjeras<\/td>\n<\/tr>\n<tr>\n<td width=\"798\"><strong>Stephanie Surillo Rodr\u00edguez<\/strong>, Secretaria<br \/>\nstephanie.surillo1@upr.edu<br \/>\nDept. Ingl\u00e9s (subgraduado)<\/td>\n<\/tr>\n<tr>\n<td width=\"798\"><strong>Sara J. V\u00e1zquez Laureano<\/strong>, Tesorera<br \/>\nsara.vazquez@upr.edu<br \/>\nDept. Ingl\u00e9s (subgraduado)<\/td>\n<\/tr>\n<tr>\n<td width=\"798\"><strong>Anissa Marie Ortega D\u00edaz<\/strong>, Senadora estudiantil<br \/>\nanissa.ortega@upr.edu<br \/>\nPrograma Graduado de Ling\u00fc\u00edstica<\/td>\n<\/tr>\n<tr>\n<td width=\"798\"><strong>Mireily N. Rodr\u00edguez Rodr\u00edguez<\/strong>, Representante ante el CGE<br \/>\nmireily.rodriguez2@upr.edu<br \/>\nPrograma de Historia del Arte<\/td>\n<\/tr>\n<tr>\n<td width=\"798\"><strong>Roberto Col\u00f3n Maldonado<\/strong>, Representante ante el CGE<br \/>\nroberto.colon17@upr.edu<br \/>\nDept. Filosof\u00eda (subgraduado)<\/td>\n<\/tr>\n<tr>\n<td width=\"798\"><strong>Lourdes G. Montosa P\u00e9rez<\/strong>, Representante ante el CGE<br \/>\nlourdes.montosa@upr.edu<br \/>\nDept. Historia (subgraduado)<\/td>\n<\/tr>\n<\/tbody>\n<\/table>\n","protected":false},"excerpt":{"rendered":"<p>\u00a0 \u00bfQu\u00e9 es el Consejo de Estudiantes de Humanidades? El fin del Consejo de Humanidades es organizar a los estudiantes para participar activamente en los \u00f3rganos de cogobierno universitario. Nuestro Consejo de Estudiantes se re\u00fane cada 15 d\u00edas para trabajar situaciones de la Facultad de Humanidades y del Recinto de R\u00edo Piedras. Adem\u00e1s, nos reunimos [&hellip;]<\/p>\n","protected":false},"author":2,"featured_media":0,"parent":164,"menu_order":5,"comment_status":"closed","ping_status":"closed","template":"full-width.php","meta":{"footnotes":""},"class_list":["post-507","page","type-page","status-publish","hentry"],"_links":{"self":[{"href":"https:\/\/humanidades.uprrp.edu\/lenguas\/index.php\/wp-json\/wp\/v2\/pages\/507","targetHints":{"allow":["GET"]}}],"collection":[{"href":"https:\/\/humanidades.uprrp.edu\/lenguas\/index.php\/wp-json\/wp\/v2\/pages"}],"about":[{"href":"https:\/\/humanidades.uprrp.edu\/lenguas\/index.php\/wp-json\/wp\/v2\/types\/page"}],"author":[{"embeddable":true,"href":"https:\/\/humanidades.uprrp.edu\/lenguas\/index.php\/wp-json\/wp\/v2\/users\/2"}],"replies":[{"embeddable":true,"href":"https:\/\/humanidades.uprrp.edu\/lenguas\/index.php\/wp-json\/wp\/v2\/comments?post=507"}],"version-history":[{"count":8,"href":"https:\/\/humanidades.uprrp.edu\/lenguas\/index.php\/wp-json\/wp\/v2\/pages\/507\/revisions"}],"predecessor-version":[{"id":2624,"href":"https:\/\/humanidades.uprrp.edu\/lenguas\/index.php\/wp-json\/wp\/v2\/pages\/507\/revisions\/2624"}],"up":[{"embeddable":true,"href":"https:\/\/humanidades.uprrp.edu\/lenguas\/index.php\/wp-json\/wp\/v2\/pages\/164"}],"wp:attachment":[{"href":"https:\/\/humanidades.uprrp.edu\/lenguas\/index.php\/wp-json\/wp\/v2\/media?parent=507"}],"curies":[{"name":"wp","href":"https:\/\/api.w.org\/{rel}","templated":true}]}}