{"id":448,"date":"2016-08-17T03:38:11","date_gmt":"2016-08-17T02:38:11","guid":{"rendered":"https:\/\/lenguasuprrp.wordpress.com\/?page_id=448"},"modified":"2026-02-02T19:42:43","modified_gmt":"2026-02-02T19:42:43","slug":"organizacion-de-estudiantes-de-lenguas-extranjeras","status":"publish","type":"page","link":"https:\/\/humanidades.uprrp.edu\/lenguas\/index.php\/estudiantes-2\/organizacion-de-estudiantes-de-lenguas-extranjeras\/","title":{"rendered":"Organizaci\u00f3n estudiantil de Lenguas Extranjeras"},"content":{"rendered":"<p><span style=\"color: #666699;\"><strong>P\u00e1gina actualizada el 2 febrero 2026<\/strong><\/span><\/p>\n<table>\n<tbody>\n<tr>\n<td width=\"255\">\u00a0<img loading=\"lazy\" decoding=\"async\" class=\"aligncenter wp-image-3463 size-medium\" src=\"https:\/\/humanidades.uprrp.edu\/lenguas\/wp-content\/uploads\/2025\/09\/OLE-300x300.png\" alt=\"\" width=\"300\" height=\"300\" srcset=\"https:\/\/humanidades.uprrp.edu\/lenguas\/wp-content\/uploads\/2025\/09\/OLE-300x300.png 300w, https:\/\/humanidades.uprrp.edu\/lenguas\/wp-content\/uploads\/2025\/09\/OLE-150x150.png 150w, https:\/\/humanidades.uprrp.edu\/lenguas\/wp-content\/uploads\/2025\/09\/OLE-406x406.png 406w, https:\/\/humanidades.uprrp.edu\/lenguas\/wp-content\/uploads\/2025\/09\/OLE.png 500w\" sizes=\"auto, (max-width: 300px) 100vw, 300px\" \/><\/td>\n<td width=\"525\"><strong>\u00bfPara qu\u00e9 la OLE?<br \/>\n<\/strong>Esta organizaci\u00f3n fue creada con el fin de\u00a0unificar a los estudiantes de Lenguas Extranjeras de la Universidad de Puerto Rico Recinto de R\u00edo Piedras. La organizaci\u00f3n tiene como intenci\u00f3n crear un ambiente donde el intercambio de\u00a0conocimientos y\u00a0experiencias sea uno placentero.<\/td>\n<\/tr>\n<tr>\n<td width=\"255\">\u00a0<img loading=\"lazy\" decoding=\"async\" class=\" size-full wp-image-457 aligncenter\" src=\"https:\/\/humanidades.uprrp.edu\/lenguas\/wp-content\/uploads\/2016\/08\/gente-de-ole.jpg\" alt=\"Gente de OLE.jpg\" width=\"960\" height=\"720\" srcset=\"https:\/\/humanidades.uprrp.edu\/lenguas\/wp-content\/uploads\/2016\/08\/gente-de-ole.jpg 960w, https:\/\/humanidades.uprrp.edu\/lenguas\/wp-content\/uploads\/2016\/08\/gente-de-ole-300x225.jpg 300w, https:\/\/humanidades.uprrp.edu\/lenguas\/wp-content\/uploads\/2016\/08\/gente-de-ole-768x576.jpg 768w\" sizes=\"auto, (max-width: 960px) 100vw, 960px\" \/><\/td>\n<td width=\"525\"><strong>Nuestros objetivos<br \/>\n<\/strong>1. Unir al estudiantado independientemente de sus lenguas de estudio.<br \/>\n2. Incorporar el estudiantado en actividades culturales y acad\u00e9micas.<br \/>\n3. Fomentar la comunicaci\u00f3n entre el profesorado y el estudiantado.<\/td>\n<\/tr>\n<\/tbody>\n<\/table>\n<table>\n<tbody>\n<tr>\n<td width=\"255\">\u00a0<img loading=\"lazy\" decoding=\"async\" class=\"aligncenter size-medium wp-image-2062\" src=\"https:\/\/humanidades.uprrp.edu\/lenguas\/wp-content\/uploads\/2016\/08\/Oficina-OLE-e1539978448722-225x300.jpg\" alt=\"\" width=\"225\" height=\"300\" srcset=\"https:\/\/humanidades.uprrp.edu\/lenguas\/wp-content\/uploads\/2016\/08\/Oficina-OLE-e1539978448722-225x300.jpg 225w, https:\/\/humanidades.uprrp.edu\/lenguas\/wp-content\/uploads\/2016\/08\/Oficina-OLE-e1539978448722-768x1024.jpg 768w, https:\/\/humanidades.uprrp.edu\/lenguas\/wp-content\/uploads\/2016\/08\/Oficina-OLE-e1539978448722-305x406.jpg 305w, https:\/\/humanidades.uprrp.edu\/lenguas\/wp-content\/uploads\/2016\/08\/Oficina-OLE-e1539978448722.jpg 1512w\" sizes=\"auto, (max-width: 225px) 100vw, 225px\" \/><\/td>\n<td width=\"525\"><strong>Permanencia<br \/>\n<\/strong>La OLE tiene una oficina en LPM 312D, dentro del Departamento de Lenguas Extranjeras.<br \/>\n<strong>Horario<\/strong><br \/>\nLWV\u00a0 \u00a010:00-12:00<br \/>\nMJ\u00a0 \u00a0 \u00a0 11:00-1:00<br \/>\n<strong>Contacto<br \/>\n<\/strong>x89685<strong><br \/>\n<\/strong><a href=\"mailto:ole.uprrp@gmail.com\">ole.uprrp@gmail.com<br \/>\n<\/a><strong>Noticias<br \/>\n<\/strong><a href=\"https:\/\/www.facebook.com\/oleuprrp\/?hc_ref=SEARCH&amp;fref=n\">https:\/\/www.facebook.com\/oleuprrp\/<\/a><\/td>\n<\/tr>\n<\/tbody>\n<\/table>\n<h1 style=\"text-align: center;\">Directiva<\/h1>\n<table>\n<tbody>\n<tr>\n<td width=\"255\"><img loading=\"lazy\" decoding=\"async\" class=\"aligncenter size-medium wp-image-3464\" src=\"https:\/\/humanidades.uprrp.edu\/lenguas\/wp-content\/uploads\/2025\/09\/Alondra-Yenille-Ortiz-Correa-225x300.jpeg\" alt=\"\" width=\"225\" height=\"300\" srcset=\"https:\/\/humanidades.uprrp.edu\/lenguas\/wp-content\/uploads\/2025\/09\/Alondra-Yenille-Ortiz-Correa-225x300.jpeg 225w, https:\/\/humanidades.uprrp.edu\/lenguas\/wp-content\/uploads\/2025\/09\/Alondra-Yenille-Ortiz-Correa-768x1024.jpeg 768w, https:\/\/humanidades.uprrp.edu\/lenguas\/wp-content\/uploads\/2025\/09\/Alondra-Yenille-Ortiz-Correa-304x406.jpeg 304w, https:\/\/humanidades.uprrp.edu\/lenguas\/wp-content\/uploads\/2025\/09\/Alondra-Yenille-Ortiz-Correa.jpeg 1079w\" sizes=\"auto, (max-width: 225px) 100vw, 225px\" \/><\/td>\n<td width=\"525\"><strong>Alondra Yenille Ortiz Correa<\/strong>, PresidentaDos Lenguas &#8211; franc\u00e9s e italiano<br \/>\nalondra.ortiz25@upr.edu<\/td>\n<\/tr>\n<tr>\n<td width=\"255\"><img loading=\"lazy\" decoding=\"async\" class=\"aligncenter size-medium wp-image-3465\" src=\"https:\/\/humanidades.uprrp.edu\/lenguas\/wp-content\/uploads\/2025\/09\/Andrea-Liz-Bermudez-Rodriguez2-300x300.jpg\" alt=\"\" width=\"300\" height=\"300\" srcset=\"https:\/\/humanidades.uprrp.edu\/lenguas\/wp-content\/uploads\/2025\/09\/Andrea-Liz-Bermudez-Rodriguez2-300x300.jpg 300w, https:\/\/humanidades.uprrp.edu\/lenguas\/wp-content\/uploads\/2025\/09\/Andrea-Liz-Bermudez-Rodriguez2-1024x1022.jpg 1024w, https:\/\/humanidades.uprrp.edu\/lenguas\/wp-content\/uploads\/2025\/09\/Andrea-Liz-Bermudez-Rodriguez2-150x150.jpg 150w, https:\/\/humanidades.uprrp.edu\/lenguas\/wp-content\/uploads\/2025\/09\/Andrea-Liz-Bermudez-Rodriguez2-768x767.jpg 768w, https:\/\/humanidades.uprrp.edu\/lenguas\/wp-content\/uploads\/2025\/09\/Andrea-Liz-Bermudez-Rodriguez2-1536x1533.jpg 1536w, https:\/\/humanidades.uprrp.edu\/lenguas\/wp-content\/uploads\/2025\/09\/Andrea-Liz-Bermudez-Rodriguez2-2048x2044.jpg 2048w, https:\/\/humanidades.uprrp.edu\/lenguas\/wp-content\/uploads\/2025\/09\/Andrea-Liz-Bermudez-Rodriguez2-407x406.jpg 407w\" sizes=\"auto, (max-width: 300px) 100vw, 300px\" \/><\/td>\n<td width=\"525\"><strong>Andrea Liz Berm\u00fadez Rodr\u00edguez<\/strong>, VicepresidentaDos Lenguas &#8211; franc\u00e9s y portugu\u00e9s<br \/>\nandrea.bermudez1@urp.edu<\/td>\n<\/tr>\n<tr>\n<td width=\"255\"><img loading=\"lazy\" decoding=\"async\" class=\"aligncenter size-medium wp-image-3399\" src=\"https:\/\/humanidades.uprrp.edu\/lenguas\/wp-content\/uploads\/2024\/09\/Falcon-Darianna-227x300.png\" alt=\"\" width=\"227\" height=\"300\" srcset=\"https:\/\/humanidades.uprrp.edu\/lenguas\/wp-content\/uploads\/2024\/09\/Falcon-Darianna-227x300.png 227w, https:\/\/humanidades.uprrp.edu\/lenguas\/wp-content\/uploads\/2024\/09\/Falcon-Darianna.png 290w\" sizes=\"auto, (max-width: 227px) 100vw, 227px\" \/><\/td>\n<td width=\"525\"><strong>Darianna Mary Falc\u00f3n Agosto<\/strong>, SecretariaDos Lenguas &#8211; franc\u00e9s y alem\u00e1n<br \/>\ndarianna.falcon@upr.edu<\/td>\n<\/tr>\n<tr>\n<td width=\"255\"><img loading=\"lazy\" decoding=\"async\" class=\"aligncenter size-medium wp-image-3466\" src=\"https:\/\/humanidades.uprrp.edu\/lenguas\/wp-content\/uploads\/2025\/09\/Esther-Rubio-Tos2-207x300.jpg\" alt=\"\" width=\"207\" height=\"300\" srcset=\"https:\/\/humanidades.uprrp.edu\/lenguas\/wp-content\/uploads\/2025\/09\/Esther-Rubio-Tos2-207x300.jpg 207w, https:\/\/humanidades.uprrp.edu\/lenguas\/wp-content\/uploads\/2025\/09\/Esther-Rubio-Tos2-706x1024.jpg 706w, https:\/\/humanidades.uprrp.edu\/lenguas\/wp-content\/uploads\/2025\/09\/Esther-Rubio-Tos2-768x1114.jpg 768w, https:\/\/humanidades.uprrp.edu\/lenguas\/wp-content\/uploads\/2025\/09\/Esther-Rubio-Tos2-280x406.jpg 280w, https:\/\/humanidades.uprrp.edu\/lenguas\/wp-content\/uploads\/2025\/09\/Esther-Rubio-Tos2.jpg 981w\" sizes=\"auto, (max-width: 207px) 100vw, 207px\" \/><\/td>\n<td width=\"525\"><strong>Esther Rubio Tos<\/strong>, TesoreraDos Lenguas &#8211; franc\u00e9s y chino<br \/>\nesther.rubio1@upr.edu<\/td>\n<\/tr>\n<tr>\n<td width=\"255\"><img loading=\"lazy\" decoding=\"async\" class=\"aligncenter size-medium wp-image-3467\" src=\"https:\/\/humanidades.uprrp.edu\/lenguas\/wp-content\/uploads\/2025\/09\/Natalia-Melendez-Lebron-225x300.jpg\" alt=\"\" width=\"225\" height=\"300\" srcset=\"https:\/\/humanidades.uprrp.edu\/lenguas\/wp-content\/uploads\/2025\/09\/Natalia-Melendez-Lebron-225x300.jpg 225w, https:\/\/humanidades.uprrp.edu\/lenguas\/wp-content\/uploads\/2025\/09\/Natalia-Melendez-Lebron-768x1024.jpg 768w, https:\/\/humanidades.uprrp.edu\/lenguas\/wp-content\/uploads\/2025\/09\/Natalia-Melendez-Lebron-1152x1536.jpg 1152w, https:\/\/humanidades.uprrp.edu\/lenguas\/wp-content\/uploads\/2025\/09\/Natalia-Melendez-Lebron-305x406.jpg 305w, https:\/\/humanidades.uprrp.edu\/lenguas\/wp-content\/uploads\/2025\/09\/Natalia-Melendez-Lebron.jpg 1200w\" sizes=\"auto, (max-width: 225px) 100vw, 225px\" \/><\/td>\n<td width=\"525\"><strong>Natalia Mel\u00e9ndez Lebr\u00f3n<\/strong>, Vocal 1Dos Lenguas &#8211; italiano y alem\u00e1n<br \/>\nnatalia.melendez10@upr.edu<\/td>\n<\/tr>\n<tr>\n<td width=\"255\"><img loading=\"lazy\" decoding=\"async\" class=\"aligncenter size-medium wp-image-3468\" src=\"https:\/\/humanidades.uprrp.edu\/lenguas\/wp-content\/uploads\/2025\/09\/Ariana-Sosa-Hernandez-169x300.jpeg\" alt=\"\" width=\"169\" height=\"300\" srcset=\"https:\/\/humanidades.uprrp.edu\/lenguas\/wp-content\/uploads\/2025\/09\/Ariana-Sosa-Hernandez-169x300.jpeg 169w, https:\/\/humanidades.uprrp.edu\/lenguas\/wp-content\/uploads\/2025\/09\/Ariana-Sosa-Hernandez-576x1024.jpeg 576w, https:\/\/humanidades.uprrp.edu\/lenguas\/wp-content\/uploads\/2025\/09\/Ariana-Sosa-Hernandez-768x1365.jpeg 768w, https:\/\/humanidades.uprrp.edu\/lenguas\/wp-content\/uploads\/2025\/09\/Ariana-Sosa-Hernandez-864x1536.jpeg 864w, https:\/\/humanidades.uprrp.edu\/lenguas\/wp-content\/uploads\/2025\/09\/Ariana-Sosa-Hernandez-228x406.jpeg 228w, https:\/\/humanidades.uprrp.edu\/lenguas\/wp-content\/uploads\/2025\/09\/Ariana-Sosa-Hernandez.jpeg 1080w\" sizes=\"auto, (max-width: 169px) 100vw, 169px\" \/><\/td>\n<td width=\"525\"><strong>Ariana Sosa Hern\u00e1ndez<\/strong>, Vocal 2Una Lengua &#8211; portugu\u00e9s<br \/>\nariana.sosa1@upr.edu<\/td>\n<\/tr>\n<\/tbody>\n<\/table>\n<h1 style=\"text-align: center;\">\u00bfC\u00f3mo me uno a la OLE?<\/h1>\n<p style=\"text-align: left;\">Todo el proceso est\u00e1 detallado en el <a href=\"https:\/\/humanidades.uprrp.edu\/lenguas\/index.php\/estudiantes-2\/organizacion-de-estudiantes-de-lenguas-extranjeras\/reglamento-de-la-ole\/\">Reglamento de la OLE<\/a><\/p>\n","protected":false},"excerpt":{"rendered":"<p>P\u00e1gina actualizada el 2 febrero 2026 \u00a0 \u00bfPara qu\u00e9 la OLE? Esta organizaci\u00f3n fue creada con el fin de\u00a0unificar a los estudiantes de Lenguas Extranjeras de la Universidad de Puerto Rico Recinto de R\u00edo Piedras. La organizaci\u00f3n tiene como intenci\u00f3n crear un ambiente donde el intercambio de\u00a0conocimientos y\u00a0experiencias sea uno placentero. \u00a0 Nuestros objetivos 1. [&hellip;]<\/p>\n","protected":false},"author":2,"featured_media":0,"parent":164,"menu_order":4,"comment_status":"closed","ping_status":"closed","template":"full-width.php","meta":{"footnotes":""},"class_list":["post-448","page","type-page","status-publish","hentry"],"_links":{"self":[{"href":"https:\/\/humanidades.uprrp.edu\/lenguas\/index.php\/wp-json\/wp\/v2\/pages\/448","targetHints":{"allow":["GET"]}}],"collection":[{"href":"https:\/\/humanidades.uprrp.edu\/lenguas\/index.php\/wp-json\/wp\/v2\/pages"}],"about":[{"href":"https:\/\/humanidades.uprrp.edu\/lenguas\/index.php\/wp-json\/wp\/v2\/types\/page"}],"author":[{"embeddable":true,"href":"https:\/\/humanidades.uprrp.edu\/lenguas\/index.php\/wp-json\/wp\/v2\/users\/2"}],"replies":[{"embeddable":true,"href":"https:\/\/humanidades.uprrp.edu\/lenguas\/index.php\/wp-json\/wp\/v2\/comments?post=448"}],"version-history":[{"count":22,"href":"https:\/\/humanidades.uprrp.edu\/lenguas\/index.php\/wp-json\/wp\/v2\/pages\/448\/revisions"}],"predecessor-version":[{"id":3523,"href":"https:\/\/humanidades.uprrp.edu\/lenguas\/index.php\/wp-json\/wp\/v2\/pages\/448\/revisions\/3523"}],"up":[{"embeddable":true,"href":"https:\/\/humanidades.uprrp.edu\/lenguas\/index.php\/wp-json\/wp\/v2\/pages\/164"}],"wp:attachment":[{"href":"https:\/\/humanidades.uprrp.edu\/lenguas\/index.php\/wp-json\/wp\/v2\/media?parent=448"}],"curies":[{"name":"wp","href":"https:\/\/api.w.org\/{rel}","templated":true}]}}