{"id":4,"date":"2014-09-18T03:38:39","date_gmt":"2014-09-18T02:38:39","guid":{"rendered":"http:\/\/lenguasuprrp.wordpress.com\/?page_id=4"},"modified":"2025-09-09T14:15:09","modified_gmt":"2025-09-09T14:15:09","slug":"direccion","status":"publish","type":"page","link":"https:\/\/humanidades.uprrp.edu\/lenguas\/index.php\/direccion\/","title":{"rendered":"Contactos"},"content":{"rendered":"\n<p><strong><span style=\"color: #333399;\">P\u00e1gina actualizada el 9 septiembre 2025<\/span><\/strong><\/p>\n\n\n\n<p><u>Departamento de Lenguas Extranjeras<br>\n<\/u><\/p>\n\n\n\n<p>Direcci\u00f3n f\u00edsica<br>\nEdificio Luis Pales Matos 312 (Tercer Piso)<br>\nFacultad de Humanidades<br>\nUniversidad de Puerto Rico \u2013 R\u00edo Piedras<\/p>\n\n\n\n<p><a href=\"https:\/\/humanidades.uprrp.edu\/lenguas\/index.php\/direccion\/llegar-al-dle\">C\u00f3mo llegar a nuestro Departamento<\/a><\/p>\n\n\n\n<p>Direcci\u00f3n postal<span style=\"text-decoration: underline;\"><br>\n<\/span>Departamento de Lenguas Extranjeras<br>\n13 Ave Universidad Ste 1301<br>\nSan Juan, PR 00925-2533<\/p>\n\n\n\n<figure class=\"wp-block-table\"><table class=\"has-fixed-layout\"><tbody><tr><td rowspan=\"3\"><img loading=\"lazy\" decoding=\"async\" width=\"400\" height=\"460\" class=\"wp-image-3459\" style=\"width: 400px;\" src=\"https:\/\/humanidades.uprrp.edu\/lenguas\/wp-content\/uploads\/2025\/09\/Lolita-Villanua-Perfil.jpg\" alt=\"\" srcset=\"https:\/\/humanidades.uprrp.edu\/lenguas\/wp-content\/uploads\/2025\/09\/Lolita-Villanua-Perfil.jpg 1611w, https:\/\/humanidades.uprrp.edu\/lenguas\/wp-content\/uploads\/2025\/09\/Lolita-Villanua-Perfil-261x300.jpg 261w, https:\/\/humanidades.uprrp.edu\/lenguas\/wp-content\/uploads\/2025\/09\/Lolita-Villanua-Perfil-890x1024.jpg 890w, https:\/\/humanidades.uprrp.edu\/lenguas\/wp-content\/uploads\/2025\/09\/Lolita-Villanua-Perfil-768x884.jpg 768w, https:\/\/humanidades.uprrp.edu\/lenguas\/wp-content\/uploads\/2025\/09\/Lolita-Villanua-Perfil-1335x1536.jpg 1335w, https:\/\/humanidades.uprrp.edu\/lenguas\/wp-content\/uploads\/2025\/09\/Lolita-Villanua-Perfil-353x406.jpg 353w\" sizes=\"auto, (max-width: 400px) 100vw, 400px\" \/><\/td><td>Dra. Mar\u00eda D. \u00abLolita\u00bb Villan\u00faa Vega,<strong> Directora<\/strong><\/td><\/tr><tr><td>maria.villanua@upr.edu,&nbsp; x 89714<\/td><\/tr><tr><td>L&nbsp; &nbsp; &nbsp;9:00-4:00<br>\nW&nbsp; &nbsp;9:00-3:00<br>\nMJ&nbsp; 9:00-11:00<br>\nEn otros horarios, contactar a trav\u00e9s de correo electr\u00f3nico<\/td><\/tr><tr><td rowspan=\"3\"><figure><img loading=\"lazy\" decoding=\"async\" class=\"aligncenter size-medium wp-image-3127\" src=\"https:\/\/humanidades.uprrp.edu\/lenguas\/wp-content\/uploads\/2014\/09\/Acevedo-Angel-300x300.jpg\" alt=\"\" width=\"300\" height=\"300\" srcset=\"https:\/\/humanidades.uprrp.edu\/lenguas\/wp-content\/uploads\/2014\/09\/Acevedo-Angel-300x300.jpg 300w, https:\/\/humanidades.uprrp.edu\/lenguas\/wp-content\/uploads\/2014\/09\/Acevedo-Angel-150x150.jpg 150w, https:\/\/humanidades.uprrp.edu\/lenguas\/wp-content\/uploads\/2014\/09\/Acevedo-Angel-768x770.jpg 768w, https:\/\/humanidades.uprrp.edu\/lenguas\/wp-content\/uploads\/2014\/09\/Acevedo-Angel-1022x1024.jpg 1022w, https:\/\/humanidades.uprrp.edu\/lenguas\/wp-content\/uploads\/2014\/09\/Acevedo-Angel-405x406.jpg 405w, https:\/\/humanidades.uprrp.edu\/lenguas\/wp-content\/uploads\/2014\/09\/Acevedo-Angel.jpg 1836w\" sizes=\"auto, (max-width: 300px) 100vw, 300px\" \/><\/figure><\/td><td>Sr. \u00c1ngel L. Acevedo Ayala, <strong>Oficial<\/strong><strong>&nbsp;Administrativo<\/strong><\/td><\/tr><tr><td>angel.acevedo13@upr.edu,&nbsp; x 89686<\/td><\/tr><tr><td>LaV&nbsp; 7:00-3:30<\/td><\/tr><tr><td rowspan=\"3\"><figure><img loading=\"lazy\" decoding=\"async\" class=\"aligncenter size-full wp-image-3324\" src=\"https:\/\/humanidades.uprrp.edu\/lenguas\/wp-content\/uploads\/2023\/09\/Baibeche-Abder.jpg\" alt=\"\" width=\"160\" height=\"193\"><\/figure><\/td><td>Dr. abderrahmane Baibeche, <b>Asesor Acad\u00e9mico<\/b><\/td><\/tr><tr><td>abderrahmane.baibeche1@upr.edu,&nbsp; x 89703<\/td><\/tr><tr><td>LWV 1:00-2:00 y por cita en Janer 237 o por Google Meet<\/td><\/tr><\/tbody><\/table><\/figure>\n\n\n\n<p><strong><u>Sala de Usos M\u00faltiples<\/u><\/strong> <strong>(SUM)<\/strong><\/p>\n\n\n\n<p>Edificio Antonio S. Pedreira, 204<\/p>\n\n\n\n<figure class=\"wp-block-table\"><table class=\"has-fixed-layout\"><tbody><tr><td rowspan=\"3\"><figure><img loading=\"lazy\" decoding=\"async\" class=\"aligncenter size-medium wp-image-1903\" src=\"https:\/\/humanidades.uprrp.edu\/lenguas\/wp-content\/uploads\/2014\/09\/Andersen-Sven3-244x300.jpg\" alt=\"\" width=\"244\" height=\"300\" srcset=\"https:\/\/humanidades.uprrp.edu\/lenguas\/wp-content\/uploads\/2014\/09\/Andersen-Sven3-244x300.jpg 244w, https:\/\/humanidades.uprrp.edu\/lenguas\/wp-content\/uploads\/2014\/09\/Andersen-Sven3-330x406.jpg 330w, https:\/\/humanidades.uprrp.edu\/lenguas\/wp-content\/uploads\/2014\/09\/Andersen-Sven3.jpg 384w\" sizes=\"auto, (max-width: 244px) 100vw, 244px\" \/><\/figure><\/td><td>Dr. Sven Andersen, <strong>Coordinador<\/strong><\/td><\/tr><tr><td>sven.andersen@upr.edu<\/td><\/tr><tr><td><\/td><\/tr><tr><td rowspan=\"3\"><strong><figure><img loading=\"lazy\" decoding=\"async\" class=\"aligncenter size-medium wp-image-1888\" src=\"https:\/\/humanidades.uprrp.edu\/lenguas\/wp-content\/uploads\/2014\/09\/Rivera-Luis3-246x300.jpg\" alt=\"\" width=\"246\" height=\"300\" srcset=\"https:\/\/humanidades.uprrp.edu\/lenguas\/wp-content\/uploads\/2014\/09\/Rivera-Luis3-246x300.jpg 246w, https:\/\/humanidades.uprrp.edu\/lenguas\/wp-content\/uploads\/2014\/09\/Rivera-Luis3.jpg 314w\" sizes=\"auto, (max-width: 246px) 100vw, 246px\" \/><\/figure><\/strong><\/td><td>Sr. Luis Rivera Andino, <strong>T\u00e9cnico<\/strong><\/td><\/tr><tr><td>luis.rivera111@upr.edu,&nbsp; x 89689<\/td><\/tr><tr><td>LaV&nbsp; &nbsp; &nbsp;7:00-12:00 &nbsp; 1:00-3:20<\/td><\/tr><\/tbody><\/table><\/figure>\n\n\n\n<p>Para cualquier llamada telef\u00f3nica desde afuera:<br>\n(1)-787-764-0000 + 1 + ext. + #<\/p>\n","protected":false},"excerpt":{"rendered":"<p>P\u00e1gina actualizada el 9 septiembre 2025 Departamento de Lenguas Extranjeras Direcci\u00f3n f\u00edsica Edificio Luis Pales Matos 312 (Tercer Piso) Facultad de Humanidades Universidad de Puerto Rico \u2013 R\u00edo Piedras C\u00f3mo llegar a nuestro Departamento Direcci\u00f3n postal Departamento de Lenguas Extranjeras 13 Ave Universidad Ste 1301 San Juan, PR 00925-2533 Dra. Mar\u00eda D. \u00abLolita\u00bb Villan\u00faa Vega, [&hellip;]<\/p>\n","protected":false},"author":3,"featured_media":0,"parent":0,"menu_order":2,"comment_status":"open","ping_status":"open","template":"full-width.php","meta":{"footnotes":""},"class_list":["post-4","page","type-page","status-publish","hentry"],"_links":{"self":[{"href":"https:\/\/humanidades.uprrp.edu\/lenguas\/index.php\/wp-json\/wp\/v2\/pages\/4","targetHints":{"allow":["GET"]}}],"collection":[{"href":"https:\/\/humanidades.uprrp.edu\/lenguas\/index.php\/wp-json\/wp\/v2\/pages"}],"about":[{"href":"https:\/\/humanidades.uprrp.edu\/lenguas\/index.php\/wp-json\/wp\/v2\/types\/page"}],"author":[{"embeddable":true,"href":"https:\/\/humanidades.uprrp.edu\/lenguas\/index.php\/wp-json\/wp\/v2\/users\/3"}],"replies":[{"embeddable":true,"href":"https:\/\/humanidades.uprrp.edu\/lenguas\/index.php\/wp-json\/wp\/v2\/comments?post=4"}],"version-history":[{"count":112,"href":"https:\/\/humanidades.uprrp.edu\/lenguas\/index.php\/wp-json\/wp\/v2\/pages\/4\/revisions"}],"predecessor-version":[{"id":3462,"href":"https:\/\/humanidades.uprrp.edu\/lenguas\/index.php\/wp-json\/wp\/v2\/pages\/4\/revisions\/3462"}],"wp:attachment":[{"href":"https:\/\/humanidades.uprrp.edu\/lenguas\/index.php\/wp-json\/wp\/v2\/media?parent=4"}],"curies":[{"name":"wp","href":"https:\/\/api.w.org\/{rel}","templated":true}]}}