{"id":3453,"date":"2025-06-27T18:32:31","date_gmt":"2025-06-27T18:32:31","guid":{"rendered":"https:\/\/humanidades.uprrp.edu\/lenguas\/?page_id=3453"},"modified":"2025-06-27T18:33:52","modified_gmt":"2025-06-27T18:33:52","slug":"centro-de-lengua-portuguesa","status":"publish","type":"page","link":"https:\/\/humanidades.uprrp.edu\/lenguas\/index.php\/estudiantes-2\/centro-de-lengua-portuguesa\/","title":{"rendered":"Centro de lengua portuguesa"},"content":{"rendered":"\n<div class=\"wp-block-media-text is-stacked-on-mobile\" style=\"grid-template-columns:37% auto\"><figure class=\"wp-block-media-text__media\"><img loading=\"lazy\" decoding=\"async\" width=\"491\" height=\"660\" src=\"https:\/\/humanidades.uprrp.edu\/lenguas\/wp-content\/uploads\/2025\/06\/CAMOES.jpg\" alt=\"\" class=\"wp-image-3454 size-full\" srcset=\"https:\/\/humanidades.uprrp.edu\/lenguas\/wp-content\/uploads\/2025\/06\/CAMOES.jpg 491w, https:\/\/humanidades.uprrp.edu\/lenguas\/wp-content\/uploads\/2025\/06\/CAMOES-223x300.jpg 223w, https:\/\/humanidades.uprrp.edu\/lenguas\/wp-content\/uploads\/2025\/06\/CAMOES-302x406.jpg 302w\" sizes=\"auto, (max-width: 491px) 100vw, 491px\" \/><\/figure><div class=\"wp-block-media-text__content\">\n<p>El <strong>CAM\u00d5ES-Centro de Lengua Portuguesa de San Juan<\/strong> fue inaugurado en 2023 mediante un convenio de cooperaci\u00f3n entre el Cam\u00f5es-Instituto de Cooperaci\u00f3n y Lengua de Portugal y la Universidad de Puerto Rico, Recinto de R\u00edo Piedras. El Centro est\u00e1 ubicado en el tercer piso del edif\u00edcio Luis Pal\u00e9s Matos (LPM) de la Facultad de Humanidades de la Universidad de Puerto Rico, dentro del Departamento de Lenguas Extranjeras.<\/p>\n\n\n\n<p>Lunes a Jueves\u00a0<strong>8am-4:30pm<\/strong><br>Viernes\u00a0<strong>\u00a0 Cerrado<\/strong><\/p>\n<\/div><\/div>\n\n\n\n<p>Su finalidad es proporcionar a profesores, estudiantes y otros interesados los medios para profundizar sus conocimientos en el \u00e1rea de la lengua y la cultura lus\u00f3fonas. Para ello, a trav\u00e9s de un&nbsp;centro de recursos y log\u00edstica, se promueve el desarrollo de programas de ense\u00f1anza, investigaci\u00f3n y difusi\u00f3n cultural de la lengua y las culturas portuguesas.<\/p>\n\n\n\n<p>El Centro cuenta con un espacio para socializar y estudiar, adem\u00e1s de la <strong>Sala &#8216;Manuela Neves Duarte da Silveira&#8217;<\/strong>, con recursos bibliogr\u00e1ficos. Semestralmente se programan diversas actividades estudiantiles y conferencias acad\u00e9micas con profesores destacados en las \u00e1reas de literatura y culturas lus\u00f3fonas de otras instituciones, adem\u00e1s de eventos culturales, recreativos y pedag\u00f3gicos.<\/p>\n\n\n\n<p>Para m\u00e1s informaciones:<br><a href=\"https:\/\/nam02.safelinks.protection.outlook.com\/?url=https%3A%2F%2Fcamoesclpsj.wixsite.com%2Fsanjuan%2Fes&amp;data=05%7C02%7Cantoine.philippe%40upr.edu%7C960984e3d4bd4d87bcbc08dda09aeece%7C0dfa5dc0036f461599e494af822f2b84%7C0%7C0%7C638843309470748823%7CUnknown%7CTWFpbGZsb3d8eyJFbXB0eU1hcGkiOnRydWUsIlYiOiIwLjAuMDAwMCIsIlAiOiJXaW4zMiIsIkFOIjoiTWFpbCIsIldUIjoyfQ%3D%3D%7C0%7C%7C%7C&amp;sdata=yEcPWbzscwElX34lWEKyM05qhfEgyBrwM%2FhouBAyfrQ%3D&amp;reserved=0\" target=\"_blank\" rel=\"noreferrer noopener\">https:\/\/camoesclpsj.wixsite.com\/sanjuan\/es<\/a><br><a href=\"https:\/\/www.instagram.com\/camoes.clp.pr\">https:\/\/www.instagram.com\/camoes.clp.p<\/a><\/p>\n\n\n\n<p><\/p>\n","protected":false},"excerpt":{"rendered":"<p>El CAM\u00d5ES-Centro de Lengua Portuguesa de San Juan fue inaugurado en 2023 mediante un convenio de cooperaci\u00f3n entre el Cam\u00f5es-Instituto de Cooperaci\u00f3n y Lengua de Portugal y la Universidad de Puerto Rico, Recinto de R\u00edo Piedras. El Centro est\u00e1 ubicado en el tercer piso del edif\u00edcio Luis Pal\u00e9s Matos (LPM) de la Facultad de Humanidades [&hellip;]<\/p>\n","protected":false},"author":2,"featured_media":0,"parent":164,"menu_order":5,"comment_status":"closed","ping_status":"closed","template":"","meta":{"footnotes":""},"class_list":["post-3453","page","type-page","status-publish","hentry"],"_links":{"self":[{"href":"https:\/\/humanidades.uprrp.edu\/lenguas\/index.php\/wp-json\/wp\/v2\/pages\/3453","targetHints":{"allow":["GET"]}}],"collection":[{"href":"https:\/\/humanidades.uprrp.edu\/lenguas\/index.php\/wp-json\/wp\/v2\/pages"}],"about":[{"href":"https:\/\/humanidades.uprrp.edu\/lenguas\/index.php\/wp-json\/wp\/v2\/types\/page"}],"author":[{"embeddable":true,"href":"https:\/\/humanidades.uprrp.edu\/lenguas\/index.php\/wp-json\/wp\/v2\/users\/2"}],"replies":[{"embeddable":true,"href":"https:\/\/humanidades.uprrp.edu\/lenguas\/index.php\/wp-json\/wp\/v2\/comments?post=3453"}],"version-history":[{"count":1,"href":"https:\/\/humanidades.uprrp.edu\/lenguas\/index.php\/wp-json\/wp\/v2\/pages\/3453\/revisions"}],"predecessor-version":[{"id":3455,"href":"https:\/\/humanidades.uprrp.edu\/lenguas\/index.php\/wp-json\/wp\/v2\/pages\/3453\/revisions\/3455"}],"up":[{"embeddable":true,"href":"https:\/\/humanidades.uprrp.edu\/lenguas\/index.php\/wp-json\/wp\/v2\/pages\/164"}],"wp:attachment":[{"href":"https:\/\/humanidades.uprrp.edu\/lenguas\/index.php\/wp-json\/wp\/v2\/media?parent=3453"}],"curies":[{"name":"wp","href":"https:\/\/api.w.org\/{rel}","templated":true}]}}