{"id":3239,"date":"2022-12-07T19:01:18","date_gmt":"2022-12-07T19:01:18","guid":{"rendered":"https:\/\/humanidades.uprrp.edu\/lenguas\/?page_id=3239"},"modified":"2022-12-07T20:10:56","modified_gmt":"2022-12-07T20:10:56","slug":"requisito-de-lengua-de-la-facultad","status":"publish","type":"page","link":"https:\/\/humanidades.uprrp.edu\/lenguas\/index.php\/curriculo\/secuencias\/requisito-de-lengua-de-la-facultad\/","title":{"rendered":"Requisito de Lengua de la Facultad"},"content":{"rendered":"<p><span style=\"color: #666699;\"><strong>P\u00e1gina actualizada el 7 diciembre 2022<\/strong><\/span><\/p>\n<p>Todo estudiante de Humanidades que no sea de Lenguas Extranjeras o Literatura Comparada debe cumplir con un requisito de Lenguas Extranjeras de 6 cr\u00e9ditos.<\/p>\n<p>T\u00edpicamente, ese requisito se cumple tomando dos semestres de curso intensivo en una de las lenguas que se ense\u00f1an en el Departamento, escogiendo entre franc\u00e9s, portugu\u00e9s, italiano, alem\u00e1n, chino, ruso y japon\u00e9s. Estos cursos son intensivos gracias a su alto n\u00famero de horas contacto, que suman 5 horas semanales para un total de 75 horas al semestre. Adem\u00e1s, en franc\u00e9s, portugu\u00e9s, italiano, alem\u00e1n y chino, se requiere un laboratorio vivo de 37.5 horas semanales.<\/p>\n<p>Ahora bien, un estudiante de la Facultad de Humanidades que necesite cumplir con el requisito de lengua, pero no pueda o no desee tomar un curso intensivo de dos semestres, puede tomar cursos de lengua fuera de nuestro recinto mediante <a href=\"https:\/\/humanidades.uprrp.edu\/lenguas\/index.php\/estudiantes-2\/admisiones\/\">permiso especial<\/a> o <a href=\"https:\/\/humanidades.uprrp.edu\/lenguas\/index.php\/intercambio\/\">intercambio<\/a> para luego solicitar equivalencia y obtener cr\u00e9ditos en la UPRRP. Ojo: Si quiere obtener una equivalencia de uno de nuestros cursos intensivos, deber\u00e1 evidenciar que estos cursos tomados afuera alcanzan la intensividad de nuestros cursos en t\u00e9rminos de nivel y horas contacto. De no ser el caso:<\/p>\n<p>&#8211; solo se le podr\u00e1 atribuir un c\u00f3digo como FRAN 3000 Electiva en franc\u00e9s (por ejemplo) y no FRAN 3031 Franc\u00e9s intensivo I (igual para PORT, ITAL, ALEM, CHIN, RUSO y JAPO)<\/p>\n<p>&#8211; este t\u00edpo de c\u00f3digo cumple con el requisito de lengua, pero no da acceso a la secuencia de cursos del idioma m\u00e1s all\u00e1 del primer a\u00f1o<\/p>\n<p>&#8211; si el curso fue de una lengua que nunca se ha ense\u00f1ado en la UPRRP (por ejemplo, coreano) y por tanto no existe un c\u00f3digo espec\u00edfico para esa lengua, solo se le puede atribuir la equivalencia LENG 3000 Electiva libre. Este c\u00f3digo se puede usar para sus electivas libres del Bachillerato, pero no cumple con el requisito de lengua de la Facultad de Humanidades<\/p>\n","protected":false},"excerpt":{"rendered":"<p>P\u00e1gina actualizada el 7 diciembre 2022 Todo estudiante de Humanidades que no sea de Lenguas Extranjeras o Literatura Comparada debe cumplir con un requisito de Lenguas Extranjeras de 6 cr\u00e9ditos. T\u00edpicamente, ese requisito se cumple tomando dos semestres de curso intensivo en una de las lenguas que se ense\u00f1an en el Departamento, escogiendo entre franc\u00e9s, [&hellip;]<\/p>\n","protected":false},"author":2,"featured_media":0,"parent":10,"menu_order":4,"comment_status":"closed","ping_status":"closed","template":"full-width.php","meta":{"footnotes":""},"class_list":["post-3239","page","type-page","status-publish","hentry"],"_links":{"self":[{"href":"https:\/\/humanidades.uprrp.edu\/lenguas\/index.php\/wp-json\/wp\/v2\/pages\/3239","targetHints":{"allow":["GET"]}}],"collection":[{"href":"https:\/\/humanidades.uprrp.edu\/lenguas\/index.php\/wp-json\/wp\/v2\/pages"}],"about":[{"href":"https:\/\/humanidades.uprrp.edu\/lenguas\/index.php\/wp-json\/wp\/v2\/types\/page"}],"author":[{"embeddable":true,"href":"https:\/\/humanidades.uprrp.edu\/lenguas\/index.php\/wp-json\/wp\/v2\/users\/2"}],"replies":[{"embeddable":true,"href":"https:\/\/humanidades.uprrp.edu\/lenguas\/index.php\/wp-json\/wp\/v2\/comments?post=3239"}],"version-history":[{"count":5,"href":"https:\/\/humanidades.uprrp.edu\/lenguas\/index.php\/wp-json\/wp\/v2\/pages\/3239\/revisions"}],"predecessor-version":[{"id":3242,"href":"https:\/\/humanidades.uprrp.edu\/lenguas\/index.php\/wp-json\/wp\/v2\/pages\/3239\/revisions\/3242"}],"up":[{"embeddable":true,"href":"https:\/\/humanidades.uprrp.edu\/lenguas\/index.php\/wp-json\/wp\/v2\/pages\/10"}],"wp:attachment":[{"href":"https:\/\/humanidades.uprrp.edu\/lenguas\/index.php\/wp-json\/wp\/v2\/media?parent=3239"}],"curies":[{"name":"wp","href":"https:\/\/api.w.org\/{rel}","templated":true}]}}