{"id":3099,"date":"2021-12-20T21:04:57","date_gmt":"2021-12-20T21:04:57","guid":{"rendered":"https:\/\/humanidades.uprrp.edu\/lenguas\/?page_id=3099"},"modified":"2023-05-22T19:55:30","modified_gmt":"2023-05-22T19:55:30","slug":"logros-julio-diciembre-2021","status":"publish","type":"page","link":"https:\/\/humanidades.uprrp.edu\/lenguas\/index.php\/noticias\/logros\/logros-julio-diciembre-2021\/","title":{"rendered":"Logros Julio-Diciembre 2021"},"content":{"rendered":"<p><span style=\"color: #333399;\"><strong>P\u00e1gina actualizada el\u00a025 diciembre 2021<\/strong><\/span><\/p>\n<h1><strong>Semestre de Agosto 2021 (C11)<\/strong><\/h1>\n<h2><span style=\"color: #993300;\">\u00c1rea Prioritaria 1. Investigaci\u00f3n y Creaci\u00f3n<\/span><\/h2>\n<h3><span style=\"color: #0000ff;\"><strong>Meta 1.1 Producci\u00f3n de conocimiento innovador a trav\u00e9s de la investigaci\u00f3n y la creaci\u00f3n<\/strong><\/span><\/h3>\n<h3><strong><span style=\"color: #008000;\">Objetivo 1.1.1\u00a0Fortalecer los institutos de investigaci<\/span><\/strong><span style=\"color: #008000;\"><strong>\u00f3n mediante la\u00a0colabora<\/strong><\/span><strong><span style=\"color: #008000;\">ci<\/span><\/strong><span style=\"color: #008000;\"><strong>\u00f3n interdisciplinaria y transdiciplinaria<\/strong><\/span><\/h3>\n<p><strong>Proyectos colaborativos<\/strong><\/p>\n<ul>\n<li><strong>\u201cFrancia Vista desde el San Juan Espa\u00f1ol\u201d<\/strong>, conferencia magistral del Dr. Luis Alberto Lugo Amador (UPR Cayey) dada en la Casa Blanca (Viejo San Juan) y difundida live por Facebook el 9 de septiembre de 2021. Evento organizado por el Dr. Patrick-Andr\u00e9 Mather, en colaboraci\u00f3n con la Asociaci\u00f3n Puertorrique\u00f1a de Profesores de Franc\u00e9s y patrocinado por la misma APPF, el Instituto de Cultura Puertorrique\u00f1a y Total \u00c9nergies.<\/li>\n<li><strong>\u201c<a href=\"https:\/\/drive.google.com\/file\/d\/1cRlpdwOh7BCqDyenSsSxm6ARicbpkQDQ\/view?usp=sharing\">Un No\u00ebl inoubliable: Histoires et musiques de No\u00ebl<\/a>\u201d<\/strong>, espect\u00e1culo presentado en el teatro del Museo de San Juan el 15 de diciembre de 2021. Consisti\u00f3 en una serie de mon\u00f3logos interpretados por 6 actores diferentes que contaron vivencias suyas en una navidad en Francia. Vino acompa\u00f1ado de 5 m\u00fasicos que entre historia e historia nos hicieron viajar a diferentes regiones de Francia, y nos dieron a conocer la m\u00fasica de navidad t\u00edpica de cada regi\u00f3n, cantada en el dialecto y con ritmos y melod\u00edas de esa regi\u00f3n. Obra dirigida por Luis Armando Rodr\u00edguez, profesor de la UPR y del Conservatorio de M\u00fasica de Puerto Rico as\u00ed como gestor cultural de la Alliance Fran\u00e7aise de Porto Rico. Colaboraron varios estudiantes del DLE como actores, asistente de escen\u00f3grafo y ujieres.<\/li>\n<\/ul>\n<h3><span style=\"color: #0000ff;\"><strong>Meta 1.2 Captaci\u00f3n de fondos externos a trav\u00e9s de la investigaci\u00f3n y la creaci\u00f3n<\/strong><\/span><\/h3>\n<h3><span style=\"color: #0000ff;\">Meta 1.3 Producci\u00f3n investigativa y creativa<\/span><\/h3>\n<h4><strong><span style=\"color: #008000;\">Objetivo 1.3.1 Divul<\/span><\/strong><strong><span style=\"color: #008000;\">gaci<\/span><\/strong><span style=\"color: #008000;\"><strong>\u00f3n en el ambito local e internacional<\/strong><\/span><\/h4>\n<p><span style=\"color: #000000;\"><strong>Publicaciones de profesores<\/strong><\/span><\/p>\n<p><strong><em>i. Art\u00edculos en revistas arbitradas<\/em><\/strong><\/p>\n<ul>\n<li>Mochila, Miguel Filipe (2021a). Eug\u00e9nio de Castro ib\u00e9rico. Ideologiza\u00e7\u00e3o da sua rece\u00e7\u00e3o espanhola. <em>Revista de Estudos Liter\u00e1rios<\/em>, 11: 311-342.<\/li>\n<\/ul>\n<p><strong><em>ii.\u00a0Ponencias publicadas<\/em><\/strong><\/p>\n<p>&nbsp;<\/p>\n<p><strong><em>iii. Libros, art\u00edculos en libro, rese\u00f1as<\/em><\/strong><\/p>\n<ul>\n<li>Mochila, Miguel Filipe (2021). A (De)construction of Modern Literary Iberia: Translating Eug\u00e9nio de Castro. In Esther Gimeno Ugalde, Marta Pacheco Pinto, and \u00c2ngela Fernandes (Eds.). <em>Iberian and Translation Studies &#8211; Literary Contact Zones<\/em>. Liverpool: Liverpool University Press, pp. 91-116.<\/li>\n<li>Ghillebaert, Fran\u00e7oise. Rese\u00f1a de <em>Germaine de Sta\u00ebl et George Sand en dialogue avec leurs cons\u0153urs polonaises<\/em> de Corinne Fournier Kiss. <em>The French Review<\/em>, Volume 95, Number 1, October 2021, pp. 223-224.<\/li>\n<\/ul>\n<h4><strong><span style=\"color: #008000;\">Objetivo\u00a0<\/span><\/strong><strong><span style=\"color: #008000;\">1.3.2 Aupisciar congresos locales e internacionales<\/span><\/strong><\/h4>\n<p><span style=\"color: #000000;\"><strong>Ponencias o exposiciones<\/strong><\/span><\/p>\n<ul>\n<li>\u201c<strong>\u01a7ilenciosos peregrinos<\/strong>: hacia una lectura de la presencia portuguesa en las revistas del modernismo castellano.\u201d Coloquio Internacional \u00abA Invas\u00e3o Silenciosa. Presen\u00e7a Portuguesa nas Revistas Liter\u00e1rias Ib\u00e9ricas da 1\u00aa Metade do S\u00e9culo XX\u00bb. C\u00e1tedra de Estudios Ib\u00e9ricos (CIDEHUS), Universidad de \u00c9vora (Portugal), 6-7 de octubre de 2021.<\/li>\n<li>\u201c<strong>Eug\u00e9nio de Castro, decano de los poetas ib\u00e9ricos<\/strong>.\u201d Association for Contemporary Iberian Studies 42nd Annual Conference. Cardiff University. 1-3 de septiembre de 2021.<\/li>\n<li>\u201c<strong>Eug\u00e9nio de Castro, el raro<\/strong>.\u201d Coloquio Internacional ASIR 2021 \u00abConverg\u00eancias e diverg\u00eancias no espa\u00e7o ibero-americano\u00bb. Departamento de Lenguas y Literaturas Rom\u00e1nicas, Cl\u00e1sicas y Neogriego, Facultad de Lenguas y Literaturas Extranjeras de la Universidad de Bucarest (Rumania). 15-17 de julio de 2021.<\/li>\n<\/ul>\n<h4><strong><span style=\"color: #008000;\">Otros logros<\/span><\/strong><\/h4>\n<p><strong>Traducciones<\/strong><\/p>\n<p><strong>Eventos p\u00fablicos\u00a0<\/strong><\/p>\n<ul>\n<li>Respondiente de la conferencia de Tamara Andr\u00e9s (Universidad de Vigo, Espa\u00f1a) en el ciclo de Seminarios del grupo de investigaci\u00f3n LOCUS del Centro de Estudios Comparatistas de la Facultad de Letras de la Universidad de Lisboa, titulada \u201cA traduci\u00f3n (privada) de poes\u00eda galega de muller. Di\u00e1logos entre poes\u00eda e traduci\u00f3n\u201d. 15 de septiembre de 2021 (online).<\/li>\n<li>Moderador de la conferencia de Teresa Pinheiro (Technische Universitat Chemnitz, Alemania) en el ciclo de conferencias \u00abPolib\u00e9ricos\u00bb de la C\u00e1tedra de Estudios Ib\u00e9ricos (CIDEHUS) de la Universidad de \u00c9vora, titulada \u201cMem\u00f3ria e Desmem\u00f3ria no espa\u00e7o urbano das capitais ib\u00e9ricas\u201d. 17 de junio de 2021 (online).<\/li>\n<\/ul>\n<h2><span style=\"color: #800000;\">\u00c1rea Prioritaria 2 \u2013 Oferta acad\u00e9mica y servicios de apoyo estudiantil<\/span><\/h2>\n<h3><span style=\"color: #0000ff;\">Meta 2.1\u00a0Oferta acad\u00e9mica y profesional a distancia<\/span><\/h3>\n<h3><span style=\"color: #0000ff;\">Meta\u00a02.2 Oferta acad\u00e9mica presencial, incluyendo los servicios especializados<\/span><\/h3>\n<h4><strong><span style=\"color: #008000;\">Objetivo\u00a0<\/span><\/strong><span style=\"color: #008000;\">2.2.1 Innovaci\u00f3n curricular y tecnol\u00f3gica<\/span><\/h4>\n<p><strong>Registro de cursos nuevos<\/strong><\/p>\n<h4><span style=\"color: #008000;\">Objetivo 2.2.2 Experiencias formativas de investigaci\u00f3n, creaci\u00f3n, de servicio a la comunidad, internados y\/o pr\u00e1cticas profesionales en los programas acad\u00e9micos.<\/span><\/h4>\n<ul>\n<li>Philippe, Antoine. Lector para la Maestr\u00eda en Traducci\u00f3n (del espa\u00f1ol al ingl\u00e9s) de Gabriela Lanauze :<em> \u201cEl proyecto de una est\u00e9tica del pensamiento\u201d (1998) y \u201cLa plenitud del vac\u00edo: El pensamiento de D\u014dgen Zenji\u201d (2015) de Francisco Jos\u00e9 Ramos<\/em>. Defensa de tesis: 29 Octubre 2021<\/li>\n<\/ul>\n<h3><span style=\"color: #0000ff;\">Meta\u00a02.3\u00a0Pol\u00edtica estudiantil que logre un impacto sostenido en los indicadores de \u00e9xito, fomente el acceso, la inclusi\u00f3n y el respeto a la diversidad<\/span><\/h3>\n<h4><strong><span style=\"color: #008000;\">Objetivo\u00a0<\/span><\/strong><span style=\"color: #008000;\">2.3\u00a0Logro m\u00e1s significativo\u00a0<\/span><\/h4>\n<ul>\n<li>Philippe, Antoine. Redacci\u00f3n de un informe sobre una encuesta estudiantil en cuanto a las modalidades de los cursos de Lenguas Extranjeras tomados en el a\u00f1o acad\u00e9mico 2020-21, los en curso (Agosto 2021) y los del pr\u00f3ximo semestre (Enero 2022), con la participaci\u00f3n de 288 estudiantes. Octubre 2021.<\/li>\n<\/ul>\n<h4><span style=\"color: #008000;\"><strong>Otros logros<\/strong><\/span><\/h4>\n<p><strong>Desarrollo\u00a0profesional<\/strong><\/p>\n<ul>\n<li>Miguel Mochila termin\u00f3 su Doctorado en Literatura en la Universidad de \u00c9vora, con la tesis \u201cModernidade Difusa: Rece\u00e7\u00e3o Hisp\u00e2nica de Eug\u00e9nio de Castro\u201d, bajo la direcci\u00f3n de los profesores Antonio S\u00e1ez Delgado (Universidad de \u00c9vora, Portugal) y Jos\u00e9 Carlos Seabra Pereira (Universidad de Coimbra, Portugal). Aprobado con la clasificaci\u00f3n m\u00e1xima, por Unanimidad. 22 de noviembre de 2021.<\/li>\n<li>Segundo premio en el Gran Premio de Traducci\u00f3n Literaria Francisco Magalh\u00e3es 2021 (Asociaci\u00f3n Portuguesa de Traductores\/Sociedad Portuguesa de Autores), por la traducci\u00f3n de <em>Misteriosamente Feliz<\/em>, de Joan Margarit (L\u00edngua Morta\/Fl\u00e2neur, 2020).<\/li>\n<\/ul>\n<p><strong>Logros de estudiantes<\/strong><\/p>\n<ul>\n<li>Un egresado reciente empez\u00f3 a trabajar como asistente de ingl\u00e9s en Jap\u00f3n a trav\u00e9s del programa JET, auspiciado por el Gobierno de Jap\u00f3n.<\/li>\n<\/ul>\n<h2><span style=\"color: #993300;\">\u00c1rea Prioritaria 3 \u2013 Responsabilidad social universitaria y vinculaci\u00f3n comunitaria<\/span><\/h2>\n<h3><span style=\"color: #0000ff;\">Meta 3.1 Vinculaci\u00f3n con\u00a0el entorno social y f\u00edsico<\/span><\/h3>\n<h4><span style=\"color: #008000;\">Objetivo 3.1.1 Relocalizar oficinas, servicios u otras actividades universitarias en las comunidades pr\u00f3ximas al Recinto<\/span><\/h4>\n<h4><span style=\"color: #008000;\">Objetivo 3.1.2 Iniciativas de colaboraci\u00f3n, mejoramiento de condiciones y apoyo a las comunidades<\/span><\/h4>\n<h4><span style=\"color: #008000;\">Objetivo 3.1.3 Promover el establecimiento de foros de discusi\u00f3n y emprendimiento que contribuyan al desarrollo del pa\u00eds<\/span><\/h4>\n<h4><span style=\"color: #008000;\">Objetivo 3.1.4 Una oferta cultural atractiva para los diversos grupos internos y externos al Recinto, y que estimule la reflexi\u00f3n human\u00edstica y creativa<\/span><\/h4>\n<ul>\n<li><strong>Fernando Pessoa: uma Introdu\u00e7\u00e3o<\/strong>\u201d, conferencia del Dr. Jer\u00f3nimo Pizarro (Universidad de Los Andes, Colombia). 8 de septiembre de 2021, UPRRP (en l\u00ednea), organizada por Miguel Mochila.<\/li>\n<li><strong>\u201c<a href=\"https:\/\/drive.google.com\/file\/d\/1nrorZo6cunGwmH-laskMpUGThyIU6YDx\/view?usp=sharing\">Dante, l\u2019italiano<\/a>\u201d<\/strong>, celebraci\u00f3n del 700mo aniversario de la muerte del gran poeta, presentado por la asistente de italiano Anna Holt a sus estudiantes de los laboratorios de ITAL 3001 durante la semana de la lengua italiana, 18-22 octubre 2021.<\/li>\n<li><strong>Festival de la cultura asi\u00e1tica: China, Jap\u00f3n y Taiwan<\/strong>. Evento en l\u00ednea difundido v\u00eda Facebook el 23 octubre 2021 y organizado por las profesores Peiyi Hsu, Akemi Morales y Jie Li as\u00ed como estudiantes de los curso CHIN 4017 y JAPO 4216. Se trataron aspectos t\u00edpicos de la gastronom\u00eda, caligraf\u00eda y m\u00fasica asi\u00e1ticas a trav\u00e9s de presentaciones, escenas, entrevistas y juegos.<\/li>\n<\/ul>\n<h2><span style=\"color: #993300;\">\u00c1rea Prioritaria 4 \u2013 Gesti\u00f3n sustentable, efectividad y eficiencia<\/span><\/h2>\n<h3><span style=\"color: #0000ff;\">Meta 4.1\u00a0Sustentabilidad fiscal y diversificaci\u00f3n de los fuentes de ingresos<\/span><\/h3>\n<h4><span style=\"color: #008000;\">Objetivo 4.1.1\u00a0Alianzas colaborativas con organizaciones gubernamentales y privadas, otras universidades y unidades del Sistema UPR, que provean nuevas fuentes de ingresos a la instituci\u00f3n<\/span><\/h4>\n<h4><span style=\"color: #008000;\">Objetivo\u00a04.1.2 Aumentar la Pr\u00e1ctica Intramural en el Recinto<\/span><\/h4>\n<h4><\/h4>\n<h3><span style=\"color: #0000ff;\">Meta 4.2\u00a0Reorganizaci\u00f3n de las unidades, procedimientos y servicios<\/span><\/h3>\n<h4><span style=\"color: #008000;\">Objetivo 4.2.1 Reestructurar unidades, procesos acad\u00e9micos, enfoques administrativos e incorporar intensamente la tecnolog\u00eda<\/span><\/h4>\n<h4><\/h4>\n<h4><span style=\"color: #008000;\">Objetivo\u00a04.2.2\u00a0Practicar una gerencia institucional efectiva y eficiente<\/span><\/h4>\n","protected":false},"excerpt":{"rendered":"<p>P\u00e1gina actualizada el\u00a025 diciembre 2021 Semestre de Agosto 2021 (C11) \u00c1rea Prioritaria 1. Investigaci\u00f3n y Creaci\u00f3n Meta 1.1 Producci\u00f3n de conocimiento innovador a trav\u00e9s de la investigaci\u00f3n y la creaci\u00f3n Objetivo 1.1.1\u00a0Fortalecer los institutos de investigaci\u00f3n mediante la\u00a0colaboraci\u00f3n interdisciplinaria y transdiciplinaria Proyectos colaborativos \u201cFrancia Vista desde el San Juan Espa\u00f1ol\u201d, conferencia magistral del Dr. Luis [&hellip;]<\/p>\n","protected":false},"author":2,"featured_media":0,"parent":2422,"menu_order":0,"comment_status":"closed","ping_status":"closed","template":"full-width.php","meta":{"footnotes":""},"class_list":["post-3099","page","type-page","status-publish","hentry"],"_links":{"self":[{"href":"https:\/\/humanidades.uprrp.edu\/lenguas\/index.php\/wp-json\/wp\/v2\/pages\/3099","targetHints":{"allow":["GET"]}}],"collection":[{"href":"https:\/\/humanidades.uprrp.edu\/lenguas\/index.php\/wp-json\/wp\/v2\/pages"}],"about":[{"href":"https:\/\/humanidades.uprrp.edu\/lenguas\/index.php\/wp-json\/wp\/v2\/types\/page"}],"author":[{"embeddable":true,"href":"https:\/\/humanidades.uprrp.edu\/lenguas\/index.php\/wp-json\/wp\/v2\/users\/2"}],"replies":[{"embeddable":true,"href":"https:\/\/humanidades.uprrp.edu\/lenguas\/index.php\/wp-json\/wp\/v2\/comments?post=3099"}],"version-history":[{"count":16,"href":"https:\/\/humanidades.uprrp.edu\/lenguas\/index.php\/wp-json\/wp\/v2\/pages\/3099\/revisions"}],"predecessor-version":[{"id":3280,"href":"https:\/\/humanidades.uprrp.edu\/lenguas\/index.php\/wp-json\/wp\/v2\/pages\/3099\/revisions\/3280"}],"up":[{"embeddable":true,"href":"https:\/\/humanidades.uprrp.edu\/lenguas\/index.php\/wp-json\/wp\/v2\/pages\/2422"}],"wp:attachment":[{"href":"https:\/\/humanidades.uprrp.edu\/lenguas\/index.php\/wp-json\/wp\/v2\/media?parent=3099"}],"curies":[{"name":"wp","href":"https:\/\/api.w.org\/{rel}","templated":true}]}}