{"id":2956,"date":"2021-03-22T15:09:15","date_gmt":"2021-03-22T15:09:15","guid":{"rendered":"https:\/\/humanidades.uprrp.edu\/lenguas\/?page_id=2956"},"modified":"2021-03-22T15:25:37","modified_gmt":"2021-03-22T15:25:37","slug":"informacion-sobre-plazas-permanentes-en-la-upr","status":"publish","type":"page","link":"https:\/\/humanidades.uprrp.edu\/lenguas\/index.php\/a-propos\/reclutamiento\/informacion-sobre-plazas-permanentes-en-la-upr\/","title":{"rendered":"Informaci\u00f3n sobre plazas permanentes en la UPR"},"content":{"rendered":"<p><span style=\"color: #333399;\"><strong>P\u00e1gina actualizada el 22 marzo 2021<\/strong><\/span><\/p>\n<p>&nbsp;<\/p>\n<p><strong>Probatoria<\/strong><\/p>\n<p>El tiempo probatorio de un Catedr\u00e1tico Auxiliar dura 5 a\u00f1os, aunque un profesor puede solicitar ser considerado para la promoci\u00f3n a Catedr\u00e1tico Asociado despu\u00e9s de 3 a\u00f1os si cumple con los requisitos.<\/p>\n<p><strong>Carga lectiva<\/strong><\/p>\n<p>La carga lectiva completa es de 12 cr\u00e9ditos por semestre, lo cual corresponde a 12 horas lectivas. Considerando que muchos cursos cuentan con 4 o 5 horas contacto por semana, una carga lectiva completa suele variar entre 3 y 4 cursos por semestre. En particular, los cursos intensivos de primer a\u00f1o son todos de 5 horas semanales. Por tanto, una carga se puede completar:<br \/>\n&#8211; con 4 cursos avanzados<br \/>\n&#8211; o con 2 cursos intensivos y 1 curso avanzado<\/p>\n<p><strong>Descargues<\/strong><\/p>\n<p>Profesores de planta pueden beneficiarse de descargues por sus responsabilidades administrativas o para llevar a cabo proyectos de investigaci\u00f3n. Cada profesor puede solicitar un descargue semestral de 3 cr\u00e9ditos para investigaci\u00f3n. Durante el tiempo que dura la probatoria, los profesores reciben un descargue semestre autom\u00e1tico de 3 cr\u00e9ditos para la investigaci\u00f3n.<\/p>\n<p><strong>Uso del espa\u00f1ol<\/strong><\/p>\n<p>En Puerto Rico, el ingl\u00e9s y el espa\u00f1ol son idiomas oficiales y la gran mayor\u00eda de los profesores y estudiantes son biling\u00fces. Ahora bien, la lengua m\u00e1s usada en la administraci\u00f3n es el espa\u00f1ol, ya sea para los documentos oficiales, los talleres de formaci\u00f3n continua, las reuniones o la comunicaci\u00f3n con los empleados. Los profesores pueden expresarse en ingl\u00e9s, inclusive con sus estudiantes, pero es necesario al menos entender el espa\u00f1ol oralmente y por escrito si se quiere participar plenamente en la vida administrativa y acad\u00e9mica del recinto.<\/p>\n","protected":false},"excerpt":{"rendered":"<p>P\u00e1gina actualizada el 22 marzo 2021 &nbsp; Probatoria El tiempo probatorio de un Catedr\u00e1tico Auxiliar dura 5 a\u00f1os, aunque un profesor puede solicitar ser considerado para la promoci\u00f3n a Catedr\u00e1tico Asociado despu\u00e9s de 3 a\u00f1os si cumple con los requisitos. Carga lectiva La carga lectiva completa es de 12 cr\u00e9ditos por semestre, lo cual corresponde [&hellip;]<\/p>\n","protected":false},"author":2,"featured_media":0,"parent":2938,"menu_order":1,"comment_status":"closed","ping_status":"closed","template":"full-width.php","meta":{"footnotes":""},"class_list":["post-2956","page","type-page","status-publish","hentry"],"_links":{"self":[{"href":"https:\/\/humanidades.uprrp.edu\/lenguas\/index.php\/wp-json\/wp\/v2\/pages\/2956","targetHints":{"allow":["GET"]}}],"collection":[{"href":"https:\/\/humanidades.uprrp.edu\/lenguas\/index.php\/wp-json\/wp\/v2\/pages"}],"about":[{"href":"https:\/\/humanidades.uprrp.edu\/lenguas\/index.php\/wp-json\/wp\/v2\/types\/page"}],"author":[{"embeddable":true,"href":"https:\/\/humanidades.uprrp.edu\/lenguas\/index.php\/wp-json\/wp\/v2\/users\/2"}],"replies":[{"embeddable":true,"href":"https:\/\/humanidades.uprrp.edu\/lenguas\/index.php\/wp-json\/wp\/v2\/comments?post=2956"}],"version-history":[{"count":3,"href":"https:\/\/humanidades.uprrp.edu\/lenguas\/index.php\/wp-json\/wp\/v2\/pages\/2956\/revisions"}],"predecessor-version":[{"id":2972,"href":"https:\/\/humanidades.uprrp.edu\/lenguas\/index.php\/wp-json\/wp\/v2\/pages\/2956\/revisions\/2972"}],"up":[{"embeddable":true,"href":"https:\/\/humanidades.uprrp.edu\/lenguas\/index.php\/wp-json\/wp\/v2\/pages\/2938"}],"wp:attachment":[{"href":"https:\/\/humanidades.uprrp.edu\/lenguas\/index.php\/wp-json\/wp\/v2\/media?parent=2956"}],"curies":[{"name":"wp","href":"https:\/\/api.w.org\/{rel}","templated":true}]}}