{"id":2894,"date":"2020-10-20T01:40:19","date_gmt":"2020-10-20T01:40:19","guid":{"rendered":"https:\/\/humanidades.uprrp.edu\/lenguas\/?page_id=2894"},"modified":"2020-10-28T15:47:19","modified_gmt":"2020-10-28T15:47:19","slug":"soto-estefania","status":"publish","type":"page","link":"https:\/\/humanidades.uprrp.edu\/lenguas\/index.php\/estudiantes-2\/egresados\/soto-estefania\/","title":{"rendered":"Estefan\u00eda Natalia Soto Torres"},"content":{"rendered":"<table width=\"636\">\n<tbody>\n<tr>\n<td style=\"text-align: center;\" colspan=\"2\" rowspan=\"8\" width=\"324\"><img loading=\"lazy\" decoding=\"async\" class=\"aligncenter wp-image-2895\" src=\"https:\/\/humanidades.uprrp.edu\/lenguas\/wp-content\/uploads\/2020\/10\/Soto-Estefania-200x300.jpg\" alt=\"\" width=\"400\" height=\"601\" \/><\/td>\n<td width=\"312\">Caguas, Puerto Rico<\/td>\n<\/tr>\n<tr>\n<td width=\"312\">Miss Universe Puerto Rico 2020<\/td>\n<\/tr>\n<tr>\n<td width=\"312\"><u>Experiencia<\/u>: Alianza Francesa (Puerto Rico), Eurocities (Bruselas, B\u00e9lgica), Embajada de Francia (Washington DC, USA), Oficina Europea de Patentes (La haya, Pa\u00edses Bajos)<\/td>\n<\/tr>\n<tr>\n<td width=\"312\">Maestr\u00eda interdisciplinaria en Mediaci\u00f3n Intercultural (KU Leuven, B\u00e9lgica &amp; Universit\u00e9 de Lille III, Francia; 2017)<\/td>\n<\/tr>\n<tr>\n<td width=\"312\">Bachillerato en Lenguas\u00a0Modernas con concentraci\u00f3n en Estudios Franc\u00f3fonos (UPR-R\u00edo Piedras, 2014)<\/td>\n<\/tr>\n<tr>\n<td width=\"312\">Franc\u00e9s |\u00a0Mandar\u00edn<\/td>\n<\/tr>\n<tr>\n<td width=\"312\">estefaniast@yahoo.com<\/td>\n<\/tr>\n<tr>\n<td width=\"312\">@estefania.sototorres (Instagram)<\/td>\n<\/tr>\n<tr>\n<td width=\"162\"><strong>\u00bfPor qu\u00e9 estudiaste lenguas extranjeras?<\/strong><\/td>\n<td colspan=\"2\" width=\"474\">Por mi inter\u00e9s en la diplomacia internacional y la interpretaci\u00f3n de conferencias. Siempre me han apasionado la diversidad cultural y los idiomas como herramientas para conocer diversas visiones de mundo.<\/td>\n<\/tr>\n<tr>\n<td width=\"162\"><strong>\u00bfC\u00f3mo te adaptaste al mercado laboral?<\/strong><\/td>\n<td colspan=\"2\" width=\"474\">Hablar varios idiomas siempre ha sido un atractivo para el mercado laboral tanto a nivel local como internacional. Manejar el franc\u00e9s y aportar mi perspectiva\u00a0 como mujer puertorrique\u00f1a me ha permitido ser parte de organizaciones en busca de personas capaces de manejar el idioma profesionalmente y aportar una visi\u00f3n de mundo distinta. En el departamento de lenguas extranjeras de la UPR se me ofrecieron todos los recursos necesarios para lograr un nivel avanzado en franc\u00e9s, lo que me abri\u00f3 puertas en el mercado laboral que definieron mi trayectoria como profesional.<\/td>\n<\/tr>\n<tr>\n<td width=\"162\"><strong>\u00bfC\u00f3mo utilizas las lenguas aprendidas en tu trabajo o diario vivir?<\/strong><\/td>\n<td colspan=\"2\" width=\"474\">De mis experiencias laborales el franc\u00e9s siempre fue un idioma de mayor uso para el desarrollo de proyectos y el manejo de las estrategias de las organizaciones. Conocer el idioma me permiti\u00f3 colaborar con un sinn\u00famero de personas y de conectar con ellas m\u00e1s all\u00e1 del contexto profesional. El franc\u00e9s se convirti\u00f3 en una herramienta para entender las culturas de los pa\u00edses en los cuales trabaj\u00e9 y sobre todo aport\u00f3 al sentido de inclusi\u00f3n en cada una de las sociedades en d\u00f3nde me desenvolv\u00ed como profesional y como ser humano.<\/td>\n<\/tr>\n<\/tbody>\n<\/table>\n<p style=\"text-align: right;\">Octubre 2020<\/p>\n","protected":false},"excerpt":{"rendered":"<p>Caguas, Puerto Rico Miss Universe Puerto Rico 2020 Experiencia: Alianza Francesa (Puerto Rico), Eurocities (Bruselas, B\u00e9lgica), Embajada de Francia (Washington DC, USA), Oficina Europea de Patentes (La haya, Pa\u00edses Bajos) Maestr\u00eda interdisciplinaria en Mediaci\u00f3n Intercultural (KU Leuven, B\u00e9lgica &amp; Universit\u00e9 de Lille III, Francia; 2017) Bachillerato en Lenguas\u00a0Modernas con concentraci\u00f3n en Estudios Franc\u00f3fonos (UPR-R\u00edo Piedras, [&hellip;]<\/p>\n","protected":false},"author":2,"featured_media":0,"parent":238,"menu_order":0,"comment_status":"closed","ping_status":"closed","template":"","meta":{"footnotes":""},"class_list":["post-2894","page","type-page","status-publish","hentry"],"_links":{"self":[{"href":"https:\/\/humanidades.uprrp.edu\/lenguas\/index.php\/wp-json\/wp\/v2\/pages\/2894","targetHints":{"allow":["GET"]}}],"collection":[{"href":"https:\/\/humanidades.uprrp.edu\/lenguas\/index.php\/wp-json\/wp\/v2\/pages"}],"about":[{"href":"https:\/\/humanidades.uprrp.edu\/lenguas\/index.php\/wp-json\/wp\/v2\/types\/page"}],"author":[{"embeddable":true,"href":"https:\/\/humanidades.uprrp.edu\/lenguas\/index.php\/wp-json\/wp\/v2\/users\/2"}],"replies":[{"embeddable":true,"href":"https:\/\/humanidades.uprrp.edu\/lenguas\/index.php\/wp-json\/wp\/v2\/comments?post=2894"}],"version-history":[{"count":6,"href":"https:\/\/humanidades.uprrp.edu\/lenguas\/index.php\/wp-json\/wp\/v2\/pages\/2894\/revisions"}],"predecessor-version":[{"id":2898,"href":"https:\/\/humanidades.uprrp.edu\/lenguas\/index.php\/wp-json\/wp\/v2\/pages\/2894\/revisions\/2898"}],"up":[{"embeddable":true,"href":"https:\/\/humanidades.uprrp.edu\/lenguas\/index.php\/wp-json\/wp\/v2\/pages\/238"}],"wp:attachment":[{"href":"https:\/\/humanidades.uprrp.edu\/lenguas\/index.php\/wp-json\/wp\/v2\/media?parent=2894"}],"curies":[{"name":"wp","href":"https:\/\/api.w.org\/{rel}","templated":true}]}}