{"id":2847,"date":"2020-08-31T14:46:25","date_gmt":"2020-08-31T14:46:25","guid":{"rendered":"https:\/\/humanidades.uprrp.edu\/lenguas\/?page_id=2847"},"modified":"2020-09-01T02:51:08","modified_gmt":"2020-09-01T02:51:08","slug":"preguntas-frecuentes","status":"publish","type":"page","link":"https:\/\/humanidades.uprrp.edu\/lenguas\/index.php\/a-propos\/preguntas-frecuentes\/","title":{"rendered":"Preguntas frecuentes"},"content":{"rendered":"<p><strong>\u00bfQu\u00e9 lenguas puedo estudiar en el DLE?<\/strong><\/p>\n<p>Como estudiante del <span style=\"color: #ff0000;\">Bachillerato en Lenguas Modernas<\/span>, tiene dos opciones:<br \/>\n&#8211; si estudia una sola lengua, puede escoger entre <strong>franc\u00e9s<\/strong>, <strong>italiano<\/strong> y <strong>portugu\u00e9s<\/strong>.<br \/>\n&#8211; si estudia dos lenguas, puede escoger entre <strong>alem\u00e1n<\/strong>, <strong>chino<\/strong>, franc\u00e9s, italiano y portugu\u00e9s.<br \/>\n<a href=\"https:\/\/humanidades.uprrp.edu\/lenguas\/index.php\/curriculo\/secuencias\/\">https:\/\/humanidades.uprrp.edu\/lenguas\/index.php\/curriculo\/secuencias\/<\/a><\/p>\n<p>Si es estudiante de otro Departamento, puede:<br \/>\n&#8211; solicitar una <span style=\"color: #ff0000;\">Segunda Concentraci\u00f3n en Lenguas Modernas<\/span>. As\u00ed tendr\u00e1 las mismas opciones que un estudiante del DLE<br \/>\n&#8211; solicitar una<span style=\"color: #ff0000;\"> Concentraci\u00f3n Menor<\/span> en alem\u00e1n, chino, franc\u00e9s, italiano o portugu\u00e9s<br \/>\n<a href=\"https:\/\/humanidades.uprrp.edu\/lenguas\/index.php\/curriculo\/secuencias\/concentraciones-menores\/\">https:\/\/humanidades.uprrp.edu\/lenguas\/index.php\/curriculo\/secuencias\/concentraciones-menores\/<\/a><\/p>\n<p>Adem\u00e1s, cualquier estudiante del Recinto puede estudiar cursos b\u00e1sicos de lenguas dentro de las <span style=\"color: #ff0000;\">electivas libres<\/span> de su Bachillerato. En este momento, ofrecemos cursos en <strong>japon\u00e9s<\/strong> y <strong>ruso<\/strong>. Tambi\u00e9n se dan con alternancia cursos de <strong>lat\u00edn<\/strong> y <strong>griego<\/strong>.<br \/>\n<a href=\"https:\/\/humanidades.uprrp.edu\/lenguas\/index.php\/a-propos\/programa-de-clases\/\">https:\/\/humanidades.uprrp.edu\/lenguas\/index.php\/a-propos\/programa-de-clases\/<\/a><\/p>\n<p>&nbsp;<\/p>\n<p>&nbsp;<\/p>\n<p>&nbsp;<\/p>\n","protected":false},"excerpt":{"rendered":"<p>\u00bfQu\u00e9 lenguas puedo estudiar en el DLE? Como estudiante del Bachillerato en Lenguas Modernas, tiene dos opciones: &#8211; si estudia una sola lengua, puede escoger entre franc\u00e9s, italiano y portugu\u00e9s. &#8211; si estudia dos lenguas, puede escoger entre alem\u00e1n, chino, franc\u00e9s, italiano y portugu\u00e9s. https:\/\/humanidades.uprrp.edu\/lenguas\/index.php\/curriculo\/secuencias\/ Si es estudiante de otro Departamento, puede: &#8211; solicitar una [&hellip;]<\/p>\n","protected":false},"author":2,"featured_media":0,"parent":7,"menu_order":2,"comment_status":"closed","ping_status":"closed","template":"full-width.php","meta":{"footnotes":""},"class_list":["post-2847","page","type-page","status-publish","hentry"],"_links":{"self":[{"href":"https:\/\/humanidades.uprrp.edu\/lenguas\/index.php\/wp-json\/wp\/v2\/pages\/2847","targetHints":{"allow":["GET"]}}],"collection":[{"href":"https:\/\/humanidades.uprrp.edu\/lenguas\/index.php\/wp-json\/wp\/v2\/pages"}],"about":[{"href":"https:\/\/humanidades.uprrp.edu\/lenguas\/index.php\/wp-json\/wp\/v2\/types\/page"}],"author":[{"embeddable":true,"href":"https:\/\/humanidades.uprrp.edu\/lenguas\/index.php\/wp-json\/wp\/v2\/users\/2"}],"replies":[{"embeddable":true,"href":"https:\/\/humanidades.uprrp.edu\/lenguas\/index.php\/wp-json\/wp\/v2\/comments?post=2847"}],"version-history":[{"count":10,"href":"https:\/\/humanidades.uprrp.edu\/lenguas\/index.php\/wp-json\/wp\/v2\/pages\/2847\/revisions"}],"predecessor-version":[{"id":2851,"href":"https:\/\/humanidades.uprrp.edu\/lenguas\/index.php\/wp-json\/wp\/v2\/pages\/2847\/revisions\/2851"}],"up":[{"embeddable":true,"href":"https:\/\/humanidades.uprrp.edu\/lenguas\/index.php\/wp-json\/wp\/v2\/pages\/7"}],"wp:attachment":[{"href":"https:\/\/humanidades.uprrp.edu\/lenguas\/index.php\/wp-json\/wp\/v2\/media?parent=2847"}],"curies":[{"name":"wp","href":"https:\/\/api.w.org\/{rel}","templated":true}]}}