{"id":2837,"date":"2020-08-31T14:19:13","date_gmt":"2020-08-31T14:19:13","guid":{"rendered":"https:\/\/humanidades.uprrp.edu\/lenguas\/?page_id=2837"},"modified":"2021-12-19T05:19:39","modified_gmt":"2021-12-19T05:19:39","slug":"mensaje-de-bienvenida","status":"publish","type":"page","link":"https:\/\/humanidades.uprrp.edu\/lenguas\/index.php\/a-propos\/mensaje-de-bienvenida\/","title":{"rendered":"Mensaje de bienvenida"},"content":{"rendered":"<p>Bienvenido a este espacio virtual destinado a proveerles informaciones sobre el Departamento de Lenguas Extranjeras, y a dar a conocer las actividades que llevamos a cabo y los servicios que ofrecemos.<\/p>\n<p>Por d\u00e9cadas, el DLE ha desempe\u00f1ado un papel protag\u00f3nico en la ense\u00f1anza de lenguas extranjeras en Puerto Rico. Hoy por hoy, constituye el \u00fanico centro de ense\u00f1anza en su clase, pues su oferta representa la variedad m\u00e1s amplia en lenguas modernas y cl\u00e1sicas en la Isla y en el Caribe. Adem\u00e1s, es el \u00fanico en ofrecer un\u00a0<strong>Bachillerato en Lenguas Modernas<\/strong>\u00a0con varias\u00a0<strong><a href=\"https:\/\/humanidades.uprrp.edu\/lenguas\/index.php\/curriculo\/secuencias\/\">\u00e1reas de \u00e9nfasis:\u00a0<em>Estudios franceses y franc\u00f3fonos, Estudios Italianos, Estudios Lus\u00f3fonos y Estudios de Dos lenguas (escogidas entre\u00a0 franc\u00e9s, italiano, portugu\u00e9s, alem\u00e1n y chino)<\/em><\/a>.\u00a0<\/strong>Tambi\u00e9n ofrecemos\u00a0<strong><a href=\"https:\/\/humanidades.uprrp.edu\/lenguas\/index.php\/curriculo\/secuencias\/concentraciones-menores\/\">Concentraciones Menores en franc\u00e9s, italiano, portugu\u00e9s, alem\u00e1n y chino<\/a><\/strong>.<\/p>\n<p>Nuestra misi\u00f3n es capacitar al estudiantado para desempe\u00f1arse efectivamente, oralmente y por escrito, en una o varias lenguas extranjeras, en una gama de contextos sociales, acad\u00e9micos y profesionales. Adem\u00e1s, queremos formar individuos con capacidad cr\u00edtica, consciencia \u00e9tica y tolerancia hacia el Otro, a trav\u00e9s de la ense\u00f1anza\/aprendizaje de las diferentes lenguas-culturas.<\/p>\n<p>Nuestros ofrecimientos a nivel b\u00e1sico permiten iniciar al estudiante a una variedad de lenguas extranjeras modernas (franc\u00e9s, italiano, portugu\u00e9s, alem\u00e1n, chino, ruso, japon\u00e9s, \u00e1rabe). El proceso de iniciaci\u00f3n a la lengua con nuestro\u00a0<em>m\u00e9todo intensivo<\/em>, basado en la inmersi\u00f3n, la repetici\u00f3n, el contacto continuo con un locutor nativo (laboratorio vivo), el aprendizaje inductivo de la gram\u00e1tica, la pedagog\u00eda del error, el uso del humor y la creatividad, y el acercamiento hol\u00edstico al aprendizaje de la lengua, garantizan el \u00e9xito de nuestro proyecto educativo desde la base misma. Los cursos avanzados, por su parte, abonan a una formaci\u00f3n sub-graduada s\u00f3lida en varias lenguas (franc\u00e9s, italiano, portugu\u00e9s y alem\u00e1n) con sus literaturas y culturas correspondientes. Tambi\u00e9n ofrecemos regularmente una iniciaci\u00f3n a las lenguas cl\u00e1sicas (lat\u00edn y griego).<\/p>\n<p>Por otro lado, nuestro Departamento lleva a cabo numerosas\u00a0<strong><a href=\"https:\/\/humanidades.uprrp.edu\/lenguas\/index.php\/actividades\/\">actividades culturales<\/a><\/strong>\u00a0de \u00edndole acad\u00e9mica y extra-curricular, con frecuencia en colaboraci\u00f3n con otros departamentos y programas. De igual manera, las competencias ling\u00fc\u00edsticas de nuestros estudiantes les permiten participar en\u00a0<strong><a href=\"https:\/\/humanidades.uprrp.edu\/lenguas\/index.php\/intercambio\/\">programas de intercambio en el extranjero<\/a><\/strong>\u00a0durante el verano o por periodos de un semestre o un a\u00f1o acad\u00e9mico, abriendo as\u00ed las puertas a la internacionalizaci\u00f3n de nuestro Recinto.<\/p>\n<p>Mediante estos ofrecimientos, el DLE contribuye a la educaci\u00f3n human\u00edstica de los estudiantes del Recinto de R\u00edo Piedras de la Universidad de Puerto Rico provey\u00e9ndoles destrezas ling\u00fc\u00edsticas, literarias, culturales y relacionales que los capaciten para proseguir estudios graduados o para integrarse al mercado laboral.<\/p>\n<p>Esperamos que este espacio facilite y promueva la comunicaci\u00f3n con todos aquellos que participan en el quehacer cotidiano del DLE \u2013 estudiantes, asistentes, personal docente y no docente \u2013, as\u00ed como con la comunidad en general.<\/p>\n","protected":false},"excerpt":{"rendered":"<p>Bienvenido a este espacio virtual destinado a proveerles informaciones sobre el Departamento de Lenguas Extranjeras, y a dar a conocer las actividades que llevamos a cabo y los servicios que ofrecemos. Por d\u00e9cadas, el DLE ha desempe\u00f1ado un papel protag\u00f3nico en la ense\u00f1anza de lenguas extranjeras en Puerto Rico. Hoy por hoy, constituye el \u00fanico [&hellip;]<\/p>\n","protected":false},"author":2,"featured_media":0,"parent":7,"menu_order":1,"comment_status":"closed","ping_status":"closed","template":"full-width.php","meta":{"footnotes":""},"class_list":["post-2837","page","type-page","status-publish","hentry"],"_links":{"self":[{"href":"https:\/\/humanidades.uprrp.edu\/lenguas\/index.php\/wp-json\/wp\/v2\/pages\/2837","targetHints":{"allow":["GET"]}}],"collection":[{"href":"https:\/\/humanidades.uprrp.edu\/lenguas\/index.php\/wp-json\/wp\/v2\/pages"}],"about":[{"href":"https:\/\/humanidades.uprrp.edu\/lenguas\/index.php\/wp-json\/wp\/v2\/types\/page"}],"author":[{"embeddable":true,"href":"https:\/\/humanidades.uprrp.edu\/lenguas\/index.php\/wp-json\/wp\/v2\/users\/2"}],"replies":[{"embeddable":true,"href":"https:\/\/humanidades.uprrp.edu\/lenguas\/index.php\/wp-json\/wp\/v2\/comments?post=2837"}],"version-history":[{"count":4,"href":"https:\/\/humanidades.uprrp.edu\/lenguas\/index.php\/wp-json\/wp\/v2\/pages\/2837\/revisions"}],"predecessor-version":[{"id":3091,"href":"https:\/\/humanidades.uprrp.edu\/lenguas\/index.php\/wp-json\/wp\/v2\/pages\/2837\/revisions\/3091"}],"up":[{"embeddable":true,"href":"https:\/\/humanidades.uprrp.edu\/lenguas\/index.php\/wp-json\/wp\/v2\/pages\/7"}],"wp:attachment":[{"href":"https:\/\/humanidades.uprrp.edu\/lenguas\/index.php\/wp-json\/wp\/v2\/media?parent=2837"}],"curies":[{"name":"wp","href":"https:\/\/api.w.org\/{rel}","templated":true}]}}