{"id":2822,"date":"2020-08-24T03:29:54","date_gmt":"2020-08-24T03:29:54","guid":{"rendered":"https:\/\/humanidades.uprrp.edu\/lenguas\/?page_id=2822"},"modified":"2020-08-24T03:34:53","modified_gmt":"2020-08-24T03:34:53","slug":"logros-enero-julio-2020","status":"publish","type":"page","link":"https:\/\/humanidades.uprrp.edu\/lenguas\/index.php\/noticias\/logros\/logros-enero-julio-2020\/","title":{"rendered":"Logros Enero-Julio 2020"},"content":{"rendered":"<p><span style=\"color: #333399;\"><strong>P\u00e1gina actualizada el\u00a023\u00a0agosto 2020<\/strong><\/span><\/p>\n<h1><strong>Semestre de\u00a0Enero 2020 (B92)<\/strong><\/h1>\n<h2><span style=\"color: #993300;\">\u00c1rea Prioritaria 1. Investigaci\u00f3n y Creaci\u00f3n<\/span><\/h2>\n<h3><span style=\"color: #0000ff;\"><strong>Meta 1.1 Producci\u00f3n de conocimiento innovador a trav\u00e9s de la investigaci\u00f3n y la creaci\u00f3n<\/strong><\/span><\/h3>\n<h3><strong><span style=\"color: #008000;\">Objetivo 1.1.1\u00a0Fortalecer los institutos de investigaci<\/span><\/strong><span style=\"color: #008000;\"><strong>\u00f3n mediante la\u00a0colabora<\/strong><\/span><strong><span style=\"color: #008000;\">ci<\/span><\/strong><span style=\"color: #008000;\"><strong>\u00f3n interdisciplinaria y transdiciplinaria<\/strong><\/span><\/h3>\n<ul>\n<li>El Dr. Abderrahmane Baibeche, fue miembro del tribunal evaluador de la tesis de Shields Cruz, Lilybeth titulada \u00bb\u00a0<em>Allegories for colonial trauma in Steven Universe<\/em>.\u00bb 15 de mayo de 2020.<\/li>\n<\/ul>\n<h3><span style=\"color: #0000ff;\"><strong>Meta 1.2 Captaci\u00f3n de fondos externos a trav\u00e9s de la investigaci\u00f3n y la creaci\u00f3n<\/strong><\/span><\/h3>\n<h3><span style=\"color: #0000ff;\">Meta 1.3 Producci\u00f3n investigativa y creativa<\/span><\/h3>\n<h4><strong><span style=\"color: #008000;\">Objetivo 1.3.1 Divul<\/span><\/strong><strong><span style=\"color: #008000;\">gaci<\/span><\/strong><span style=\"color: #008000;\"><strong>\u00f3n en el ambito local e internacional<\/strong><\/span><\/h4>\n<p><span style=\"color: #000000;\"><strong>Publicaciones de profesores<\/strong><\/span><\/p>\n<ul>\n<li>Ghillebaert, Fran\u00e7oise. Tercera edici\u00f3n del manual <em>Face-\u00e0-Face<\/em>. Vista Higher Learning, 2020.<\/li>\n<li>Mather, P.-A., Ed. 2020.\u00a0<em>Technology-Enhanced Learning and Linguistic Diversity: Strategies and Approaches to Teaching Students in a 2nd\u202f or 3rd\u00a0<\/em><em>\u202fLanguage<\/em>.\u00a0Emerald Studies in\u00a0Higher Education, Innovation and Technology.\u00a0Bingley, UK: Emerald Publishing.<\/li>\n<li>Philippe, Antoine. \u201cLa naissance d\u2019un \u00e9crivain du d\u00e9sastre.\u201d in <em>Maurice Blanchot et l\u2019Allemagne.<\/em> Collection \u00ab R\u00e9sonances de Maurice Blanchot. \u00bb Presses Universitaires de Paris Ouest: Paris, 2020.<\/li>\n<li>MALDONADO, Gabriel Orlando Qui\u00f1ones. MART\u00cdNEZ, Clara Coleta Oropeza.\u00a0\u201cA sociolingu\u00edstica musical brasileira.\u201d\u00a0<em>Revista Cient\u00edfica Multidisciplinar N\u00facleo do Conhecimento<\/em>. Ano 05, Ed. 02, Vol. 04, pp. 93-130. Fevereiro de 2020.<\/li>\n<\/ul>\n<h4><strong><span style=\"color: #008000;\">Objetivo\u00a0<\/span><\/strong><strong><span style=\"color: #008000;\">1.3.2 Aupisciar congresos locales e internacionales<\/span><\/strong><\/h4>\n<p><span style=\"color: #000000;\"><strong>Ponencias o exposiciones<\/strong><\/span><\/p>\n<ul>\n<li>Mochila, Miguel Filipe. \u201cA rece\u00e7\u00e3o de Eug\u00e9nio de Castro e a defini\u00e7\u00e3o da modernidade hisp\u00e2nica\u201d. XI Congresso Brasileiro de Hispanistas. Hispanismos em Tempos de Exce\u00e7\u00e3o. Universidade Federal de Pernambuco (Brasil). julio del 2020.<\/li>\n<\/ul>\n<h4><strong><span style=\"color: #008000;\">Otros logros<\/span><\/strong><\/h4>\n<p><strong>Traducciones<\/strong><\/p>\n<ul>\n<li>Mochila, Miguel Filipe (Traducci\u00f3n). 2020. Juan Jos\u00e9 Arreola.\u00a0<em>Confabul\u00e1rio<\/em>. Lisboa: Maldoror.<\/li>\n<li>Mochila, Miguel Filipe (Traducci\u00f3n). 2020. Luis Landero.\u00a0<em>Chuva Mi\u00fada<\/em>. Porto: Porto Editora.<\/li>\n<li>Mochila, Miguel Filipe, L\u00f3pez, Pablo Javier P\u00e9rez L\u00f3pez (Traducci\u00f3n). 2019. Ram\u00f3n G\u00f3mez de la Serna.\u00a0<em>Saudades de Portugal<\/em>\u00a0(ed. Antonio S\u00e1ez Delgado, Pablo Javier P\u00e9rez L\u00f3pez). Lisboa: Abysmo.<\/li>\n<li>Mochila, Miguel Filipe (Traducci\u00f3n).\u00a02019. Ernesto Sabato.\u00a0<em>Relat\u00f3rio Sobre Cegos<\/em>.\u00a0Lisboa: Maldoror.<\/li>\n<li>Mochila, Miguel Filipe (Traducci\u00f3n). 2019. Julio Cort\u00e1zar.\u00a0<em>Desoras<\/em>. Lisboa: Cavalo de Ferro.<\/li>\n<li>Mochila, Miguel Filipe (Selecci\u00f3n, introducci\u00f3n, traducci\u00f3n y notas).\u00a02019. Nicanor Parra.\u00a0<em>Acho Que Vou Morrer de Poesia<\/em>. Lisboa: L\u00edngua Morta.<\/li>\n<li>Mochila, Miguel Filipe (Traducci\u00f3n). 2019. Javier Mar\u00edas.\u00a0<em>Todas as Almas<\/em>.\u00a0Lisboa: Alfaguara.<\/li>\n<li>Mochila, Miguel Filipe (Traducci\u00f3n). 2019. Jaume Cabr\u00e9.\u00a0<em>Quando a Penumbra Vem<\/em>. Lisboa: Tinta da China.<\/li>\n<li>Mochila, Miguel Filipe, Fernandes, \u00c2ngela (Traducci\u00f3n). 2020. Sor Juana In\u00e9s de la Cruz. \u201cUn sue\u00f1o\u201d. In\u00a0<em>Pelo Tejo Vai-se para o Mundo (Vol. 5 e 6). Literatura-Mundo III. Perspectivas em Portugu\u00eas<\/em>\u00a0(coord. Helena Carvalh\u00e3o Buescu, Sim\u00e3o Valente). Lisboa: Tinta-da-China.<\/li>\n<\/ul>\n<p><strong>Producci\u00f3n creativa<\/strong><\/p>\n<ul>\n<li>Mochila, Miguel Filipe. 2019. \u00ab5 poemas\u00bb. A Virada. Revista de Literatura e Cr\u00edtica. Volume I. http:\/\/www.a-virada.com\/miguel-filipe-mochila.html<\/li>\n<li>Mochila, Miguel Filipe. 2019. \u201cTrazar, destrazar\u201d (trad. Jos\u00e9 \u00c1ngel Garc\u00eda Caballero). Revista Cr\u00e1tera. N\u00famero 7. Pp. 34-35.<\/li>\n<li>Mochila, Miguel Filipe. 2019. \u201cVilla de Vallecas\u201d. Suroeste. Revista de Literaturas Ib\u00e9ricas. N\u00famero 9. Editora Regional de Extremadura: Badajoz. Pp. 101-102.<\/li>\n<\/ul>\n<h2><span style=\"color: #800000;\">\u00c1rea Prioritaria 2 \u2013 Oferta acad\u00e9mica y servicios de apoyo estudiantil<\/span><\/h2>\n<h3><span style=\"color: #0000ff;\">Meta 2.1\u00a0Oferta acad\u00e9mica y profesional a distancia<\/span><\/h3>\n<ul>\n<li>Philippe, Antoine. Adaptaci\u00f3n en linea del manual de franc\u00e9s intermedio <em>Jamais deux sans trois<\/em>. &lt;www.jdst.online&gt;<\/li>\n<\/ul>\n<h3><span style=\"color: #0000ff;\">Meta\u00a02.2 Oferta acad\u00e9mica presencial, incluyendo los servicios especializados<\/span><\/h3>\n<h4><strong><span style=\"color: #008000;\">Objetivo\u00a0<\/span><\/strong><span style=\"color: #008000;\">2.2.1 Innovaci\u00f3n curricular y tecnol\u00f3gica<\/span><\/h4>\n<p><strong>Registro de curso nuevo<\/strong><\/p>\n<h4><span style=\"color: #008000;\">Objetivo 2.2.2 Experiencias formativas de investigaci\u00f3n, creaci\u00f3n, de servicio a la comunidad, internados y\/o pr\u00e1cticas profesionales en los programas acad\u00e9micos.<\/span><\/h4>\n<p><span style=\"color: #008000;\"><strong>Otros logros<\/strong><\/span><\/p>\n<p><strong>Desarrollo\u00a0profesional<\/strong><\/p>\n<p>El Dr. Gabriel O. Qui\u00f1ones recibi\u00f3 los siguientes certificados:<\/p>\n<ul>\n<li>&#8211; evaluador de \u201cLanguage Testing International\u201d en (ILS &#8211; Portuguese) (ILS &amp; PW &#8211; Spanish) en \u201cAssessment of Performance toward Proficiency in Languages (AAPPL)\u201d con la \u201cAmerican Council on the Teaching of Foreign Languages\u201d (ACTFL), Feb 2020<\/li>\n<li>\u201cCertificado Curso Online: Varia\u00e7\u00f5es Lingu\u00edsticas e Ensino\u201d. Con Par\u00e1bola Editorial. Duraci\u00f3n 4 horas; impartido por el Dr. Marcos de Ara\u00fajo Bagno. Abril 2020<\/li>\n<li>\u201cCertificado de Curso Pluralidades em Portugu\u00eas Brasileiro\u201d. impartido por la Universidade Estadual de Campinas, Junio 2020.<\/li>\n<\/ul>\n<p><strong>Logros de estudiantes<\/strong><\/p>\n<ul>\n<li>Jorge Rosario es ganador de una beca de verano Pi Delta Phi Joseph W. Yedlicka para estudiar en la Universidad de Aix-en-Provence, Francia.<\/li>\n<\/ul>\n<h2><span style=\"color: #993300;\">\u00c1rea Prioritaria 3 \u2013 Responsabilidad social universitaria y vinculaci\u00f3n comunitaria<\/span><\/h2>\n<h3><span style=\"color: #0000ff;\">Meta 3.1 Vinculaci\u00f3n con\u00a0el entorno social y f\u00edsico<\/span><\/h3>\n<h4><span style=\"color: #008000;\">Objetivo 3.1.1 Relocalizar oficinas, servicios u otras actividades universitarias en las comunidades pr\u00f3ximas al Recinto<\/span><\/h4>\n<h4><span style=\"color: #008000;\">Objetivo 3.1.2 Iniciativas de colaboraci\u00f3n, mejoramiento de condiciones y apoyo a las comunidades<\/span><\/h4>\n<h4><span style=\"color: #008000;\">Objetivo 3.1.3 Promover el establecimiento de foros de discusi\u00f3n y emprendimiento que contribuyan al desarrollo del pa\u00eds<\/span><\/h4>\n<h4><span style=\"color: #008000;\">Objetivo 3.1.4 Una oferta cultural atractiva para los diversos grupos internos y externos al Recinto, y que estimule la reflexi\u00f3n human\u00edstica y creativa<\/span><\/h4>\n<ul>\n<li><strong>Nuevo A\u00f1o Chino: <\/strong>celebrado por primera vez en el Teatro de la UPR (16 febrero), juntando espect\u00e1culos de estudiantes del DLE y la comunidad china en PR.<\/li>\n<\/ul>\n<h2><span style=\"color: #993300;\">\u00c1rea Prioritaria 4 \u2013 Gesti\u00f3n sustentable, efectividad y eficiencia<\/span><\/h2>\n<h3><span style=\"color: #0000ff;\">Meta 4.1\u00a0Sustentabilidad fiscal y diversificaci\u00f3n de los fuentes de ingresos<\/span><\/h3>\n<h4><span style=\"color: #008000;\">Objetivo 4.1.1\u00a0Alianzas colaborativas con organizaciones gubernamentales y privadas, otras universidades y unidades del Sistema UPR, que provean nuevas fuentes de ingresos a la instituci\u00f3n<\/span><\/h4>\n<h4><\/h4>\n<h4><span style=\"color: #008000;\">Objetivo\u00a04.1.2 Aumentar la Pr\u00e1ctica Intramural en el Recinto<\/span><\/h4>\n<h4><\/h4>\n<h3><span style=\"color: #0000ff;\">Meta 4.2\u00a0Reorganizaci\u00f3n de las unidades, procedimientos y servicios<\/span><\/h3>\n<h4><span style=\"color: #008000;\">Objetivo 4.2.1 Reestructurar unidades, procesos acad\u00e9micos, enfoques administrativos e incorporar intensamente la tecnolog\u00eda<\/span><\/h4>\n<h4><\/h4>\n<h4><span style=\"color: #008000;\">Objetivo\u00a04.2.2\u00a0Practicar una gerencia institucional efectiva y eficiente<\/span><\/h4>\n","protected":false},"excerpt":{"rendered":"<p>P\u00e1gina actualizada el\u00a023\u00a0agosto 2020 Semestre de\u00a0Enero 2020 (B92) \u00c1rea Prioritaria 1. Investigaci\u00f3n y Creaci\u00f3n Meta 1.1 Producci\u00f3n de conocimiento innovador a trav\u00e9s de la investigaci\u00f3n y la creaci\u00f3n Objetivo 1.1.1\u00a0Fortalecer los institutos de investigaci\u00f3n mediante la\u00a0colaboraci\u00f3n interdisciplinaria y transdiciplinaria El Dr. Abderrahmane Baibeche, fue miembro del tribunal evaluador de la tesis de Shields Cruz, Lilybeth [&hellip;]<\/p>\n","protected":false},"author":2,"featured_media":0,"parent":2422,"menu_order":0,"comment_status":"closed","ping_status":"closed","template":"full-width.php","meta":{"footnotes":""},"class_list":["post-2822","page","type-page","status-publish","hentry"],"_links":{"self":[{"href":"https:\/\/humanidades.uprrp.edu\/lenguas\/index.php\/wp-json\/wp\/v2\/pages\/2822","targetHints":{"allow":["GET"]}}],"collection":[{"href":"https:\/\/humanidades.uprrp.edu\/lenguas\/index.php\/wp-json\/wp\/v2\/pages"}],"about":[{"href":"https:\/\/humanidades.uprrp.edu\/lenguas\/index.php\/wp-json\/wp\/v2\/types\/page"}],"author":[{"embeddable":true,"href":"https:\/\/humanidades.uprrp.edu\/lenguas\/index.php\/wp-json\/wp\/v2\/users\/2"}],"replies":[{"embeddable":true,"href":"https:\/\/humanidades.uprrp.edu\/lenguas\/index.php\/wp-json\/wp\/v2\/comments?post=2822"}],"version-history":[{"count":1,"href":"https:\/\/humanidades.uprrp.edu\/lenguas\/index.php\/wp-json\/wp\/v2\/pages\/2822\/revisions"}],"predecessor-version":[{"id":2824,"href":"https:\/\/humanidades.uprrp.edu\/lenguas\/index.php\/wp-json\/wp\/v2\/pages\/2822\/revisions\/2824"}],"up":[{"embeddable":true,"href":"https:\/\/humanidades.uprrp.edu\/lenguas\/index.php\/wp-json\/wp\/v2\/pages\/2422"}],"wp:attachment":[{"href":"https:\/\/humanidades.uprrp.edu\/lenguas\/index.php\/wp-json\/wp\/v2\/media?parent=2822"}],"curies":[{"name":"wp","href":"https:\/\/api.w.org\/{rel}","templated":true}]}}