{"id":281,"date":"2016-07-18T23:11:20","date_gmt":"2016-07-18T22:11:20","guid":{"rendered":"https:\/\/lenguasuprrp.wordpress.com\/centro-de-tutorias\/"},"modified":"2025-10-29T17:38:06","modified_gmt":"2025-10-29T17:38:06","slug":"centro-de-tutorias","status":"publish","type":"page","link":"https:\/\/humanidades.uprrp.edu\/lenguas\/index.php\/estudiantes-2\/centro-de-tutorias\/","title":{"rendered":"Centro de tutor\u00edas"},"content":{"rendered":"\n<p><span style=\"color: #333399;\"><strong>P\u00e1gina actualizada el 29 octubre 2025<\/strong><\/span><\/p>\n\n\n\n<p>Los tutores son profesores o estudiantes subgraduados avanzados que trabajan en el marco de la Primera Experiencia Laboral o como voluntarios. Se ponen a la disponibilidad de los estudiantes principiantes, especialmente de primer y segundo semestres, para ayudarles con todo tipo de dificultades, sea de pronunciaci\u00f3n o de gram\u00e1tica, o para prepararse para un examen escrito u oral.<br>Favor de contactarlos individualmente para tomar cita. Las tutor\u00edas se dan normalmente en el Departamento, ya sea en la sala de reuni\u00f3n si se encuentra libre o en un cub\u00edculo del medio., aunque pueden convenir encontrarse en otro lugar de la universidad.<\/p>\n\n\n\n<figure class=\"wp-block-table\"><table class=\"has-fixed-layout\"><tbody><tr><td rowspan=\"3\"><figure><img loading=\"lazy\" decoding=\"async\" class=\"alignnone size-medium wp-image-3480\" src=\"https:\/\/humanidades.uprrp.edu\/lenguas\/wp-content\/uploads\/2025\/09\/Natalia-Melendez-Lebron-305x406-1-225x300.jpg\" alt=\"\" width=\"225\" height=\"300\" srcset=\"https:\/\/humanidades.uprrp.edu\/lenguas\/wp-content\/uploads\/2025\/09\/Natalia-Melendez-Lebron-305x406-1-225x300.jpg 225w, https:\/\/humanidades.uprrp.edu\/lenguas\/wp-content\/uploads\/2025\/09\/Natalia-Melendez-Lebron-305x406-1.jpg 305w\" sizes=\"auto, (max-width: 225px) 100vw, 225px\" \/><\/figure><\/td><td><strong>Natalia Mel\u00e9ndez Lebr\u00f3n<\/strong>, Tutora de italiano<\/td><\/tr><tr><td><span style=\"color: #0000ff;\">natalia.melendez10@upr.edu<\/span><\/td><\/tr><tr><td>\n<div><span data-olk-copy-source=\"MessageBody\">Desde la 1:30pm en adelante<\/span><br>por cita previa<\/div>\n<\/td><\/tr><tr><td rowspan=\"3\"><figure><img loading=\"lazy\" decoding=\"async\" class=\"aligncenter size-medium wp-image-3401\" src=\"https:\/\/humanidades.uprrp.edu\/lenguas\/wp-content\/uploads\/2024\/09\/Umana-Abigail-213x300.jpg\" alt=\"\" width=\"213\" height=\"300\" srcset=\"https:\/\/humanidades.uprrp.edu\/lenguas\/wp-content\/uploads\/2024\/09\/Umana-Abigail-213x300.jpg 213w, https:\/\/humanidades.uprrp.edu\/lenguas\/wp-content\/uploads\/2024\/09\/Umana-Abigail.jpg 222w\" sizes=\"auto, (max-width: 213px) 100vw, 213px\" \/><\/figure><\/td><td><strong>Abigail T. Uma\u00f1a Mora<\/strong>, Tutora de alem\u00e1n<\/td><\/tr><tr><td><span style=\"color: #0000ff;\">abigail.umana@upr.edu<\/span><\/td><\/tr><tr><td>\n<div>por cita previa<\/div>\n<\/td><\/tr><tr><td rowspan=\"3\"><figure><img loading=\"lazy\" decoding=\"async\" class=\"aligncenter size-medium wp-image-3392\" src=\"https:\/\/humanidades.uprrp.edu\/lenguas\/wp-content\/uploads\/2024\/08\/Gonzalez-Saderick2-233x300.jpg\" alt=\"\" width=\"233\" height=\"300\" srcset=\"https:\/\/humanidades.uprrp.edu\/lenguas\/wp-content\/uploads\/2024\/08\/Gonzalez-Saderick2-233x300.jpg 233w, https:\/\/humanidades.uprrp.edu\/lenguas\/wp-content\/uploads\/2024\/08\/Gonzalez-Saderick2-797x1024.jpg 797w, https:\/\/humanidades.uprrp.edu\/lenguas\/wp-content\/uploads\/2024\/08\/Gonzalez-Saderick2-768x987.jpg 768w, https:\/\/humanidades.uprrp.edu\/lenguas\/wp-content\/uploads\/2024\/08\/Gonzalez-Saderick2-316x406.jpg 316w, https:\/\/humanidades.uprrp.edu\/lenguas\/wp-content\/uploads\/2024\/08\/Gonzalez-Saderick2.jpg 869w\" sizes=\"auto, (max-width: 233px) 100vw, 233px\" \/><\/figure><\/td><td><strong>Saderick Gonz\u00e1lez<\/strong>, Tutor de japon\u00e9s<\/td><\/tr><tr><td><span style=\"color: #0000ff;\">saderick.gonzalez@upr.edu<\/span><\/td><\/tr><tr><td>\n<div data-olk-copy-source=\"MessageBody\">Mi\u00e9rcoles &#8211; 11:10 &#8211; 12:00<\/div>\n<div>Martes y Jueves &#8211; 2:30 &#8211; 3:30<\/div>\n<div>Viernes &#8211; 12:30 &#8211; 1:30<br><span style=\"color: initial; font-family: inherit; font-size: inherit; font-weight: inherit;\">Por cita previa<\/span><\/div>\n<\/td><\/tr><tr><td rowspan=\"3\"><figure><img loading=\"lazy\" decoding=\"async\" class=\"aligncenter size-medium wp-image-3451\" src=\"https:\/\/humanidades.uprrp.edu\/lenguas\/wp-content\/uploads\/2025\/06\/Montalvo-Eumaris2-273x300.jpg\" alt=\"\" width=\"273\" height=\"300\" srcset=\"https:\/\/humanidades.uprrp.edu\/lenguas\/wp-content\/uploads\/2025\/06\/Montalvo-Eumaris2-273x300.jpg 273w, https:\/\/humanidades.uprrp.edu\/lenguas\/wp-content\/uploads\/2025\/06\/Montalvo-Eumaris2-369x406.jpg 369w, https:\/\/humanidades.uprrp.edu\/lenguas\/wp-content\/uploads\/2025\/06\/Montalvo-Eumaris2.jpg 743w\" sizes=\"auto, (max-width: 273px) 100vw, 273px\" \/><\/figure><\/td><td><strong>Eumaris Montalvo<\/strong>, Tutora de chino<\/td><\/tr><tr><td><span style=\"color: #0000ff;\">eumaris.montalvo@gmail.com<\/span><\/td><\/tr><tr><td>en persona a partir de agosto 2025<br>por cita previa<\/td><\/tr><tr><td rowspan=\"3\"><figure><img loading=\"lazy\" decoding=\"async\" class=\"aligncenter size-medium wp-image-3399\" src=\"https:\/\/humanidades.uprrp.edu\/lenguas\/wp-content\/uploads\/2024\/09\/Falcon-Darianna-227x300.png\" alt=\"\" width=\"227\" height=\"300\" srcset=\"https:\/\/humanidades.uprrp.edu\/lenguas\/wp-content\/uploads\/2024\/09\/Falcon-Darianna-227x300.png 227w, https:\/\/humanidades.uprrp.edu\/lenguas\/wp-content\/uploads\/2024\/09\/Falcon-Darianna.png 290w\" sizes=\"auto, (max-width: 227px) 100vw, 227px\" \/><\/figure><\/td><td><strong>Darianna Falc\u00f3n<\/strong>, Tutora de franc\u00e9s<\/td><\/tr><tr><td><span style=\"color: #0000ff;\">darianna.falcon@upr.edu<\/span><\/td><\/tr><tr><td>L a V<br>por cita previa<\/td><\/tr><tr><td rowspan=\"3\"><img loading=\"lazy\" decoding=\"async\" width=\"250\" height=\"332\" class=\"wp-image-3518\" style=\"width: 250px;\" src=\"https:\/\/humanidades.uprrp.edu\/lenguas\/wp-content\/uploads\/2025\/10\/Carmona-Christian2.jpg\" alt=\"\" srcset=\"https:\/\/humanidades.uprrp.edu\/lenguas\/wp-content\/uploads\/2025\/10\/Carmona-Christian2.jpg 925w, https:\/\/humanidades.uprrp.edu\/lenguas\/wp-content\/uploads\/2025\/10\/Carmona-Christian2-226x300.jpg 226w, https:\/\/humanidades.uprrp.edu\/lenguas\/wp-content\/uploads\/2025\/10\/Carmona-Christian2-771x1024.jpg 771w, https:\/\/humanidades.uprrp.edu\/lenguas\/wp-content\/uploads\/2025\/10\/Carmona-Christian2-768x1020.jpg 768w, https:\/\/humanidades.uprrp.edu\/lenguas\/wp-content\/uploads\/2025\/10\/Carmona-Christian2-306x406.jpg 306w\" sizes=\"auto, (max-width: 250px) 100vw, 250px\" \/><\/td><td><strong>Christian Carmona<\/strong>, Tutor de portugu\u00e9s<\/td><\/tr><tr><td><span style=\"color: #0000ff;\">christian.carmona@upr.edu<\/span><\/td><\/tr><tr><td><span data-olk-copy-source=\"MessageBody\">lunes y mi\u00e9rcoles de 2:30 \u2013 3:00 p.m. (presencial o virtual) y viernes de 5:00 a 6:00 p.m. (virtual)<\/span><br>por cita previa<\/td><\/tr><tr><td rowspan=\"3\"><figure><img loading=\"lazy\" decoding=\"async\" class=\"alignnone size-medium wp-image-3485\" src=\"https:\/\/humanidades.uprrp.edu\/lenguas\/wp-content\/uploads\/2025\/10\/Ventura-Rosemary2-255x300.jpg\" alt=\"\" width=\"255\" height=\"300\" srcset=\"https:\/\/humanidades.uprrp.edu\/lenguas\/wp-content\/uploads\/2025\/10\/Ventura-Rosemary2-255x300.jpg 255w, https:\/\/humanidades.uprrp.edu\/lenguas\/wp-content\/uploads\/2025\/10\/Ventura-Rosemary2-871x1024.jpg 871w, https:\/\/humanidades.uprrp.edu\/lenguas\/wp-content\/uploads\/2025\/10\/Ventura-Rosemary2-768x903.jpg 768w, https:\/\/humanidades.uprrp.edu\/lenguas\/wp-content\/uploads\/2025\/10\/Ventura-Rosemary2-345x406.jpg 345w, https:\/\/humanidades.uprrp.edu\/lenguas\/wp-content\/uploads\/2025\/10\/Ventura-Rosemary2.jpg 1113w\" sizes=\"auto, (max-width: 255px) 100vw, 255px\" \/><\/figure><\/td><td><strong>Rosemary Ventura<\/strong>, Tutora de portugu\u00e9s<\/td><\/tr><tr><td>\n<div dir=\"ltr\">martes y jueves 1:00-2:00pm y 4:00pm -5pm&nbsp;<\/div>\n<div dir=\"ltr\">Viernes 8:30am -12:00pm&nbsp;<\/div>\n<div dir=\"ltr\">S\u00e1bado online (acuerdo de horario)<\/div>\npor cita previa<\/td><\/tr><tr><td><span style=\"color: #0000ff;\">rosemary.ventura@upr.edu<\/span><\/td><\/tr><tr><td rowspan=\"3\"><img loading=\"lazy\" decoding=\"async\" width=\"250\" height=\"284\" class=\"wp-image-3488\" style=\"width: 250px;\" src=\"https:\/\/humanidades.uprrp.edu\/lenguas\/wp-content\/uploads\/2025\/10\/Cardona-Gennalyn2-scaled.jpg\" alt=\"\" srcset=\"https:\/\/humanidades.uprrp.edu\/lenguas\/wp-content\/uploads\/2025\/10\/Cardona-Gennalyn2-scaled.jpg 2255w, https:\/\/humanidades.uprrp.edu\/lenguas\/wp-content\/uploads\/2025\/10\/Cardona-Gennalyn2-264x300.jpg 264w, https:\/\/humanidades.uprrp.edu\/lenguas\/wp-content\/uploads\/2025\/10\/Cardona-Gennalyn2-902x1024.jpg 902w, https:\/\/humanidades.uprrp.edu\/lenguas\/wp-content\/uploads\/2025\/10\/Cardona-Gennalyn2-768x872.jpg 768w, https:\/\/humanidades.uprrp.edu\/lenguas\/wp-content\/uploads\/2025\/10\/Cardona-Gennalyn2-1353x1536.jpg 1353w, https:\/\/humanidades.uprrp.edu\/lenguas\/wp-content\/uploads\/2025\/10\/Cardona-Gennalyn2-1804x2048.jpg 1804w, https:\/\/humanidades.uprrp.edu\/lenguas\/wp-content\/uploads\/2025\/10\/Cardona-Gennalyn2-358x406.jpg 358w\" sizes=\"auto, (max-width: 250px) 100vw, 250px\" \/><\/td><td><strong>Gennalyn Cardona<\/strong>, Tutora de franc\u00e9s e italiano<\/td><\/tr><tr><td>lunes, mi\u00e9rcoles y viernes 1 -2:30 y otros horarios por cita previa<\/td><\/tr><tr><td><span style=\"color: #0000ff;\">gennalyn.cardona@upr.edu<\/span><\/td><\/tr><\/tbody><\/table><\/figure>\n\n\n\n<p><\/p>\n","protected":false},"excerpt":{"rendered":"<p>P\u00e1gina actualizada el 29 octubre 2025 Los tutores son profesores o estudiantes subgraduados avanzados que trabajan en el marco de la Primera Experiencia Laboral o como voluntarios. Se ponen a la disponibilidad de los estudiantes principiantes, especialmente de primer y segundo semestres, para ayudarles con todo tipo de dificultades, sea de pronunciaci\u00f3n o de gram\u00e1tica, [&hellip;]<\/p>\n","protected":false},"author":2,"featured_media":0,"parent":164,"menu_order":3,"comment_status":"closed","ping_status":"closed","template":"full-width.php","meta":{"footnotes":""},"class_list":["post-281","page","type-page","status-publish","hentry"],"_links":{"self":[{"href":"https:\/\/humanidades.uprrp.edu\/lenguas\/index.php\/wp-json\/wp\/v2\/pages\/281","targetHints":{"allow":["GET"]}}],"collection":[{"href":"https:\/\/humanidades.uprrp.edu\/lenguas\/index.php\/wp-json\/wp\/v2\/pages"}],"about":[{"href":"https:\/\/humanidades.uprrp.edu\/lenguas\/index.php\/wp-json\/wp\/v2\/types\/page"}],"author":[{"embeddable":true,"href":"https:\/\/humanidades.uprrp.edu\/lenguas\/index.php\/wp-json\/wp\/v2\/users\/2"}],"replies":[{"embeddable":true,"href":"https:\/\/humanidades.uprrp.edu\/lenguas\/index.php\/wp-json\/wp\/v2\/comments?post=281"}],"version-history":[{"count":131,"href":"https:\/\/humanidades.uprrp.edu\/lenguas\/index.php\/wp-json\/wp\/v2\/pages\/281\/revisions"}],"predecessor-version":[{"id":3521,"href":"https:\/\/humanidades.uprrp.edu\/lenguas\/index.php\/wp-json\/wp\/v2\/pages\/281\/revisions\/3521"}],"up":[{"embeddable":true,"href":"https:\/\/humanidades.uprrp.edu\/lenguas\/index.php\/wp-json\/wp\/v2\/pages\/164"}],"wp:attachment":[{"href":"https:\/\/humanidades.uprrp.edu\/lenguas\/index.php\/wp-json\/wp\/v2\/media?parent=281"}],"curies":[{"name":"wp","href":"https:\/\/api.w.org\/{rel}","templated":true}]}}