{"id":263,"date":"2016-07-18T22:58:28","date_gmt":"2016-07-18T21:58:28","guid":{"rendered":"https:\/\/lenguasuprrp.wordpress.com\/en-chino\/"},"modified":"2019-10-01T20:14:41","modified_gmt":"2019-10-01T20:14:41","slug":"en-chino","status":"publish","type":"page","link":"https:\/\/humanidades.uprrp.edu\/lenguas\/index.php\/actividades\/en-chino\/","title":{"rendered":"Actividades de chino"},"content":{"rendered":"<ul>\n<li><a href=\"https:\/\/humanidades.uprrp.edu\/lenguas\/index.php\/actividades\/actividades-enero-mayo-2019\/ano-nuevo-chino-2019\/\">El A\u00f1o nuevo Chino 2019<\/a><\/li>\n<li><a href=\"https:\/\/humanidades.uprrp.edu\/lenguas\/index.php\/actividades\/en-chino\/esto-es-china\/\">Esto es China 2016<\/a><\/li>\n<li><a href=\"https:\/\/humanidades.uprrp.edu\/lenguas\/index.php\/actividades\/en-chino\/nuevo-ano-chino\/\">El A\u00f1o Nuevo Chino 2016<\/a><\/li>\n<li>otros eventos puntuales (Lugares famosos de turismo en China, Econom\u00eda China, Magical\u00a0Chinese Adventure, El Misterio Chino, la Educaci\u00f3n de China)<\/li>\n<\/ul>\n","protected":false},"excerpt":{"rendered":"<p>El A\u00f1o nuevo Chino 2019 Esto es China 2016 El A\u00f1o Nuevo Chino 2016 otros eventos puntuales (Lugares famosos de turismo en China, Econom\u00eda China, Magical\u00a0Chinese Adventure, El Misterio Chino, la Educaci\u00f3n de China)<\/p>\n","protected":false},"author":2,"featured_media":0,"parent":161,"menu_order":0,"comment_status":"closed","ping_status":"closed","template":"full-width.php","meta":{"footnotes":""},"class_list":["post-263","page","type-page","status-publish","hentry"],"_links":{"self":[{"href":"https:\/\/humanidades.uprrp.edu\/lenguas\/index.php\/wp-json\/wp\/v2\/pages\/263","targetHints":{"allow":["GET"]}}],"collection":[{"href":"https:\/\/humanidades.uprrp.edu\/lenguas\/index.php\/wp-json\/wp\/v2\/pages"}],"about":[{"href":"https:\/\/humanidades.uprrp.edu\/lenguas\/index.php\/wp-json\/wp\/v2\/types\/page"}],"author":[{"embeddable":true,"href":"https:\/\/humanidades.uprrp.edu\/lenguas\/index.php\/wp-json\/wp\/v2\/users\/2"}],"replies":[{"embeddable":true,"href":"https:\/\/humanidades.uprrp.edu\/lenguas\/index.php\/wp-json\/wp\/v2\/comments?post=263"}],"version-history":[{"count":8,"href":"https:\/\/humanidades.uprrp.edu\/lenguas\/index.php\/wp-json\/wp\/v2\/pages\/263\/revisions"}],"predecessor-version":[{"id":2618,"href":"https:\/\/humanidades.uprrp.edu\/lenguas\/index.php\/wp-json\/wp\/v2\/pages\/263\/revisions\/2618"}],"up":[{"embeddable":true,"href":"https:\/\/humanidades.uprrp.edu\/lenguas\/index.php\/wp-json\/wp\/v2\/pages\/161"}],"wp:attachment":[{"href":"https:\/\/humanidades.uprrp.edu\/lenguas\/index.php\/wp-json\/wp\/v2\/media?parent=263"}],"curies":[{"name":"wp","href":"https:\/\/api.w.org\/{rel}","templated":true}]}}