{"id":2627,"date":"2019-11-01T16:32:07","date_gmt":"2019-11-01T16:32:07","guid":{"rendered":"https:\/\/humanidades.uprrp.edu\/lenguas\/?page_id=2627"},"modified":"2021-06-29T03:53:06","modified_gmt":"2021-06-29T03:53:06","slug":"cursos-de-japones","status":"publish","type":"page","link":"https:\/\/humanidades.uprrp.edu\/lenguas\/index.php\/curriculo\/cursos\/cursos-de-japones\/","title":{"rendered":"Cursos de japon\u00e9s"},"content":{"rendered":"<p><span style=\"color: #333399;\"><strong>P\u00e1gina actualizada\u00a028 junio 2021<\/strong><\/span><\/p>\n<p><strong>*\u00a0<a href=\"https:\/\/drive.google.com\/open?id=1RDjTNNS73bxSyC0uMBMy-ShN_50wvSVL\">JAPO 3001 Japon\u00e9s I <\/a><\/strong>(5 horas \u2013 3 crs.)<strong><br \/>\n<\/strong>El curso es un acercamiento integral al desarrollo de las cuatro destrezas funcionales (comprensi\u00f3n\u00a0auditiva, expresi\u00f3n oral, lectura y escritura) dirigido a estudiantes principiantes. Este curso\u00a0integrado enfoca una competencia comunicativa global equilibrando precisi\u00f3n, fluencia y\u00a0complejidad. El curso introduce los estudiantes a una cultura \u00fanica en el mundo y les provee una\u00a0base s\u00f3lida para estudios m\u00e1s avanzados.<\/p>\n<p><strong>* JAPO 3002 Japon\u00e9s II <\/strong>(5 horas \u2013 3 crs.)<strong><br \/>\n<\/strong>(Prerrequisito: JAPO 3001) El curso es un acercamiento integral al desarrollo de las cuatro destrezas funcionales (comprensi\u00f3n\u00a0auditiva, expresi\u00f3n oral, lectura y escritura) dirigido a estudiantes principiantes. Este curso\u00a0integrado enfoca una competencia comunicativa global equilibrando precisi\u00f3n, fluencia y\u00a0complejidad. El curso introduce los estudiantes a una cultura \u00fanica en el mundo y les provee una base s\u00f3lida para estudios m\u00e1s avanzados.<\/p>\n<p><strong>* JAPO 3003 Japon\u00e9s experimental<\/strong> (3 crs.)<br \/>\n(Prerrequisito: JAPO 3002) \u00c9nfasis en el desarrollo de una destreza b\u00e1sica en la comunicaci\u00f3n escrita y en el reforzamiento de la habilidad en la comunicaci\u00f3n oral que se ha desarrollado en cursos anteriores.<\/p>\n<p><strong>*JAPO 4216 Estudio avanzado en japon\u00e9s<\/strong> (3 crs.)<strong><br \/>\n<\/strong>(Prerrequisito: JAPO 3003) Desarrollo de destrezas comunicativas a nivel avanzado. El contenido del curso puede variar cada vez que se ofrezca.<\/p>\n","protected":false},"excerpt":{"rendered":"<p>P\u00e1gina actualizada\u00a028 junio 2021 *\u00a0JAPO 3001 Japon\u00e9s I (5 horas \u2013 3 crs.) El curso es un acercamiento integral al desarrollo de las cuatro destrezas funcionales (comprensi\u00f3n\u00a0auditiva, expresi\u00f3n oral, lectura y escritura) dirigido a estudiantes principiantes. Este curso\u00a0integrado enfoca una competencia comunicativa global equilibrando precisi\u00f3n, fluencia y\u00a0complejidad. El curso introduce los estudiantes a una cultura [&hellip;]<\/p>\n","protected":false},"author":2,"featured_media":0,"parent":177,"menu_order":7,"comment_status":"closed","ping_status":"closed","template":"full-width.php","meta":{"footnotes":""},"class_list":["post-2627","page","type-page","status-publish","hentry"],"_links":{"self":[{"href":"https:\/\/humanidades.uprrp.edu\/lenguas\/index.php\/wp-json\/wp\/v2\/pages\/2627","targetHints":{"allow":["GET"]}}],"collection":[{"href":"https:\/\/humanidades.uprrp.edu\/lenguas\/index.php\/wp-json\/wp\/v2\/pages"}],"about":[{"href":"https:\/\/humanidades.uprrp.edu\/lenguas\/index.php\/wp-json\/wp\/v2\/types\/page"}],"author":[{"embeddable":true,"href":"https:\/\/humanidades.uprrp.edu\/lenguas\/index.php\/wp-json\/wp\/v2\/users\/2"}],"replies":[{"embeddable":true,"href":"https:\/\/humanidades.uprrp.edu\/lenguas\/index.php\/wp-json\/wp\/v2\/comments?post=2627"}],"version-history":[{"count":5,"href":"https:\/\/humanidades.uprrp.edu\/lenguas\/index.php\/wp-json\/wp\/v2\/pages\/2627\/revisions"}],"predecessor-version":[{"id":3004,"href":"https:\/\/humanidades.uprrp.edu\/lenguas\/index.php\/wp-json\/wp\/v2\/pages\/2627\/revisions\/3004"}],"up":[{"embeddable":true,"href":"https:\/\/humanidades.uprrp.edu\/lenguas\/index.php\/wp-json\/wp\/v2\/pages\/177"}],"wp:attachment":[{"href":"https:\/\/humanidades.uprrp.edu\/lenguas\/index.php\/wp-json\/wp\/v2\/media?parent=2627"}],"curies":[{"name":"wp","href":"https:\/\/api.w.org\/{rel}","templated":true}]}}