{"id":260,"date":"2016-07-18T22:57:58","date_gmt":"2016-07-18T21:57:58","guid":{"rendered":"https:\/\/lenguasuprrp.wordpress.com\/en-portugues\/"},"modified":"2019-02-26T17:36:58","modified_gmt":"2019-02-26T17:36:58","slug":"en-portugues","status":"publish","type":"page","link":"https:\/\/humanidades.uprrp.edu\/lenguas\/index.php\/actividades\/en-portugues\/","title":{"rendered":"Actividades de portugu\u00e9s"},"content":{"rendered":"<p><span style=\"color: #666699;\"><strong>P\u00e1gina actualizada el\u00a026 febrero 2019<\/strong><\/span><\/p>\n<ul>\n<li><a href=\"https:\/\/humanidades.uprrp.edu\/lenguas\/index.php\/actividades\/en-portugues\/carnaval-brasileno\/\">Carnaval brasile\u00f1o<\/a><\/li>\n<li><a href=\"https:\/\/humanidades.uprrp.edu\/lenguas\/index.php\/actividades\/en-portugues\/capoeira\/\">Sociedad de Honor de portugu\u00e9s<\/a><\/li>\n<li><a href=\"https:\/\/humanidades.uprrp.edu\/lenguas\/index.php\/actividades\/en-portugues\/capoeira\/\">Capoeira<\/a><\/li>\n<li>La Revoluci\u00f3n de los claveles<\/li>\n<li>Concurso literario en portugu\u00e9s<\/li>\n<\/ul>\n","protected":false},"excerpt":{"rendered":"<p>P\u00e1gina actualizada el\u00a026 febrero 2019 Carnaval brasile\u00f1o Sociedad de Honor de portugu\u00e9s Capoeira La Revoluci\u00f3n de los claveles Concurso literario en portugu\u00e9s<\/p>\n","protected":false},"author":2,"featured_media":0,"parent":161,"menu_order":0,"comment_status":"closed","ping_status":"closed","template":"full-width.php","meta":{"footnotes":""},"class_list":["post-260","page","type-page","status-publish","hentry"],"_links":{"self":[{"href":"https:\/\/humanidades.uprrp.edu\/lenguas\/index.php\/wp-json\/wp\/v2\/pages\/260","targetHints":{"allow":["GET"]}}],"collection":[{"href":"https:\/\/humanidades.uprrp.edu\/lenguas\/index.php\/wp-json\/wp\/v2\/pages"}],"about":[{"href":"https:\/\/humanidades.uprrp.edu\/lenguas\/index.php\/wp-json\/wp\/v2\/types\/page"}],"author":[{"embeddable":true,"href":"https:\/\/humanidades.uprrp.edu\/lenguas\/index.php\/wp-json\/wp\/v2\/users\/2"}],"replies":[{"embeddable":true,"href":"https:\/\/humanidades.uprrp.edu\/lenguas\/index.php\/wp-json\/wp\/v2\/comments?post=260"}],"version-history":[{"count":5,"href":"https:\/\/humanidades.uprrp.edu\/lenguas\/index.php\/wp-json\/wp\/v2\/pages\/260\/revisions"}],"predecessor-version":[{"id":2273,"href":"https:\/\/humanidades.uprrp.edu\/lenguas\/index.php\/wp-json\/wp\/v2\/pages\/260\/revisions\/2273"}],"up":[{"embeddable":true,"href":"https:\/\/humanidades.uprrp.edu\/lenguas\/index.php\/wp-json\/wp\/v2\/pages\/161"}],"wp:attachment":[{"href":"https:\/\/humanidades.uprrp.edu\/lenguas\/index.php\/wp-json\/wp\/v2\/media?parent=260"}],"curies":[{"name":"wp","href":"https:\/\/api.w.org\/{rel}","templated":true}]}}