{"id":257,"date":"2016-07-18T22:57:24","date_gmt":"2016-07-18T21:57:24","guid":{"rendered":"https:\/\/lenguasuprrp.wordpress.com\/?page_id=257"},"modified":"2019-02-06T13:24:58","modified_gmt":"2019-02-06T13:24:58","slug":"en-frances","status":"publish","type":"page","link":"https:\/\/humanidades.uprrp.edu\/lenguas\/index.php\/actividades\/en-frances\/","title":{"rendered":"Actividades de franc\u00e9s"},"content":{"rendered":"<ul>\n<li><a href=\"https:\/\/humanidades.uprrp.edu\/lenguas\/index.php\/actividades\/en-frances\/semana-de-francofonia\/\">Semana de la francofon\u00eda<\/a><\/li>\n<li><a href=\"https:\/\/humanidades.uprrp.edu\/lenguas\/index.php\/actividades\/en-frances\/sociedad-de-honor-frances\/\">Sociedad de honor Pi Delta Phi-Omicron Alpha<\/a><\/li>\n<li><a href=\"https:\/\/humanidades.uprrp.edu\/lenguas\/index.php\/actividades\/en-frances\/droits-de-lhomme-en-bd\/\">70 ans de la D\u00e9claration Universelle des Droits de l&#8217;Homme en bandes dessin\u00e9es<\/a><\/li>\n<\/ul>\n","protected":false},"excerpt":{"rendered":"<p>Semana de la francofon\u00eda Sociedad de honor Pi Delta Phi-Omicron Alpha 70 ans de la D\u00e9claration Universelle des Droits de l&#8217;Homme en bandes dessin\u00e9es<\/p>\n","protected":false},"author":2,"featured_media":0,"parent":161,"menu_order":0,"comment_status":"closed","ping_status":"closed","template":"full-width.php","meta":{"footnotes":""},"class_list":["post-257","page","type-page","status-publish","hentry"],"_links":{"self":[{"href":"https:\/\/humanidades.uprrp.edu\/lenguas\/index.php\/wp-json\/wp\/v2\/pages\/257","targetHints":{"allow":["GET"]}}],"collection":[{"href":"https:\/\/humanidades.uprrp.edu\/lenguas\/index.php\/wp-json\/wp\/v2\/pages"}],"about":[{"href":"https:\/\/humanidades.uprrp.edu\/lenguas\/index.php\/wp-json\/wp\/v2\/types\/page"}],"author":[{"embeddable":true,"href":"https:\/\/humanidades.uprrp.edu\/lenguas\/index.php\/wp-json\/wp\/v2\/users\/2"}],"replies":[{"embeddable":true,"href":"https:\/\/humanidades.uprrp.edu\/lenguas\/index.php\/wp-json\/wp\/v2\/comments?post=257"}],"version-history":[{"count":4,"href":"https:\/\/humanidades.uprrp.edu\/lenguas\/index.php\/wp-json\/wp\/v2\/pages\/257\/revisions"}],"predecessor-version":[{"id":2143,"href":"https:\/\/humanidades.uprrp.edu\/lenguas\/index.php\/wp-json\/wp\/v2\/pages\/257\/revisions\/2143"}],"up":[{"embeddable":true,"href":"https:\/\/humanidades.uprrp.edu\/lenguas\/index.php\/wp-json\/wp\/v2\/pages\/161"}],"wp:attachment":[{"href":"https:\/\/humanidades.uprrp.edu\/lenguas\/index.php\/wp-json\/wp\/v2\/media?parent=257"}],"curies":[{"name":"wp","href":"https:\/\/api.w.org\/{rel}","templated":true}]}}