{"id":2458,"date":"2019-06-11T18:07:15","date_gmt":"2019-06-11T18:07:15","guid":{"rendered":"https:\/\/humanidades.uprrp.edu\/lenguas\/?page_id=2458"},"modified":"2019-06-11T18:57:44","modified_gmt":"2019-06-11T18:57:44","slug":"altas-distinciones-2019","status":"publish","type":"page","link":"https:\/\/humanidades.uprrp.edu\/lenguas\/index.php\/estudiantes-2\/altas-distinciones\/altas-distinciones-2019\/","title":{"rendered":"Altas distinciones 2019"},"content":{"rendered":"<p>Este a\u00f1o se repartieron los premios siguientes:<\/p>\n<p><strong>Medalla de alta distinci\u00f3n<\/strong>:\u00a0Marco-Andr\u00e9s Camilo Pietri (4.00), Andrea N. Rivera P\u00e9rez (4.00), Sara I. Castro Font (4.00)<\/p>\n<p><strong>Premio Don Segundo Cardona<\/strong>: Marco-Andr\u00e9s Camilo Pietri<\/p>\n<p>Marco-Andr\u00e9s ha estudiado exitosamente cuatro lenguas extranjeras: alem\u00e1n, ruso, franc\u00e9s e italiano. Se destaca por su frecuente participaci\u00f3n en congresos internacionales sobre la lengua rusa. Sus planes futuros incluyen realizar estudios eslavos en la Universidad Humboldt de Berl\u00edn.<\/p>\n<p><strong>Premio Ruth Hern\u00e1ndez Torres<\/strong>: Jaime A. Negr\u00f3n Rodr\u00edguez<\/p>\n<p>Sus profesores destacan la labor acad\u00e9mica de Jaime, as\u00ed como tambi\u00e9n su participaci\u00f3n en el Coro de la UPR, Coralia y el proyecto Canta y Siembra, aportando apoyo a las comunidades devastadas despu\u00e9s del hurac\u00e1n Mar\u00eda.<\/p>\n<p><strong>Premio Alianza Francesa<\/strong>:\u00a0Sara I. Castro Font y Andr\u00e9s Pacheco B\u00e1ez<\/p>\n<p>Sara fue una excelente estudiante de franc\u00e9s. Su tesina en el Programa de Honor sobre el paisaje ling\u00fc\u00edstico de la calle Lo\u00edza recibi\u00f3 la m\u00e1s alta distinci\u00f3n, \u201cSobresaliente con recomendaci\u00f3n de publicaci\u00f3n\u201d.<\/p>\n<p>Andr\u00e9s: Cf abajo<\/p>\n<h6><img loading=\"lazy\" decoding=\"async\" class=\"aligncenter wp-image-2464 size-large\" src=\"https:\/\/humanidades.uprrp.edu\/lenguas\/wp-content\/uploads\/2019\/06\/Recipientes-Altas-distinciones-DLE-2019-1024x666.jpg\" alt=\"\" width=\"700\" height=\"455\" srcset=\"https:\/\/humanidades.uprrp.edu\/lenguas\/wp-content\/uploads\/2019\/06\/Recipientes-Altas-distinciones-DLE-2019-1024x666.jpg 1024w, https:\/\/humanidades.uprrp.edu\/lenguas\/wp-content\/uploads\/2019\/06\/Recipientes-Altas-distinciones-DLE-2019-300x195.jpg 300w, https:\/\/humanidades.uprrp.edu\/lenguas\/wp-content\/uploads\/2019\/06\/Recipientes-Altas-distinciones-DLE-2019-768x499.jpg 768w, https:\/\/humanidades.uprrp.edu\/lenguas\/wp-content\/uploads\/2019\/06\/Recipientes-Altas-distinciones-DLE-2019-625x406.jpg 625w, https:\/\/humanidades.uprrp.edu\/lenguas\/wp-content\/uploads\/2019\/06\/Recipientes-Altas-distinciones-DLE-2019.jpg 1280w\" sizes=\"auto, (max-width: 700px) 100vw, 700px\" \/>John Guzzardo (consejero acad\u00e9mico), Christine Debreu (directora de la Alianza Francesa), Andr\u00e9s Pacheco, Jaime Negr\u00f3n, Marco-Andr\u00e9s Camilo, Andrea Rivera, Sara Castro<\/h6>\n<p>Adem\u00e1s, se otorg\u00f3 el <strong>Premio de los Decanos de la Facultad de Humanidades<\/strong> a Andr\u00e9s Pacheco B\u00e1ez<\/p>\n<p>Andr\u00e9s ha completado su Bachillerato en Drama y su Segunda Concentraci\u00f3n en Lenguas Modernas (franc\u00e9s y alem\u00e1n). No solo se ha destacado en ambas concentraciones, si no ha juntado espont\u00e1neamente sus dos formaciones de una manera tanto exitosa como inaudita. Ha producido la pieza teatral, <em>El Burgu\u00e9s gentilhombre<\/em> de Moli\u00e8re, enteramente en franc\u00e9s y con la participaci\u00f3n casi exclusiva de estudiantes de la Facultad. Mont\u00f3 la totalidad de esta comedia-ballet que incluye m\u00fasicos y cantantes, bailarines y hasta titiriteros en el Teatro de la Universidad frente a 1000 personas. La calidad de su producci\u00f3n era alt\u00edsima, la puesta en escena hizo maravillas a pesar de un presupuesto m\u00ednimo y el todo representa un logro hist\u00f3rico. Andr\u00e9s re\u00fane ambici\u00f3n y talento, iniciativa empresarial y creatividad. Por su excelencia acad\u00e9mica, trabajo inter-disciplinario y liderazgo, es un estudiante ejemplar que merece el Premio de los Decanos de la Facultad de Humanidades.<\/p>\n<h6><img loading=\"lazy\" decoding=\"async\" class=\"aligncenter wp-image-2465 size-large\" src=\"https:\/\/humanidades.uprrp.edu\/lenguas\/wp-content\/uploads\/2019\/06\/Premios-de-los-Decanos-1024x650.jpg\" alt=\"\" width=\"700\" height=\"444\" srcset=\"https:\/\/humanidades.uprrp.edu\/lenguas\/wp-content\/uploads\/2019\/06\/Premios-de-los-Decanos-1024x650.jpg 1024w, https:\/\/humanidades.uprrp.edu\/lenguas\/wp-content\/uploads\/2019\/06\/Premios-de-los-Decanos-300x190.jpg 300w, https:\/\/humanidades.uprrp.edu\/lenguas\/wp-content\/uploads\/2019\/06\/Premios-de-los-Decanos-768x488.jpg 768w, https:\/\/humanidades.uprrp.edu\/lenguas\/wp-content\/uploads\/2019\/06\/Premios-de-los-Decanos-640x406.jpg 640w, https:\/\/humanidades.uprrp.edu\/lenguas\/wp-content\/uploads\/2019\/06\/Premios-de-los-Decanos.jpg 1854w\" sizes=\"auto, (max-width: 700px) 100vw, 700px\" \/>Mirerza Gonz\u00e1lez (Decana Asociada), Agnes Bosch (Decana), Andr\u00e9s Pacheco, segundo recipiente, Emilio B\u00e1ez (Decano Auxiliar Asuntos Graduados), Julissa Rodr\u00edguez (Decana Auxiliar Asuntos Estudiantiles)<\/h6>\n","protected":false},"excerpt":{"rendered":"<p>Este a\u00f1o se repartieron los premios siguientes: Medalla de alta distinci\u00f3n:\u00a0Marco-Andr\u00e9s Camilo Pietri (4.00), Andrea N. Rivera P\u00e9rez (4.00), Sara I. Castro Font (4.00) Premio Don Segundo Cardona: Marco-Andr\u00e9s Camilo Pietri Marco-Andr\u00e9s ha estudiado exitosamente cuatro lenguas extranjeras: alem\u00e1n, ruso, franc\u00e9s e italiano. Se destaca por su frecuente participaci\u00f3n en congresos internacionales sobre la lengua [&hellip;]<\/p>\n","protected":false},"author":2,"featured_media":0,"parent":1706,"menu_order":0,"comment_status":"closed","ping_status":"closed","template":"full-width.php","meta":{"footnotes":""},"class_list":["post-2458","page","type-page","status-publish","hentry"],"_links":{"self":[{"href":"https:\/\/humanidades.uprrp.edu\/lenguas\/index.php\/wp-json\/wp\/v2\/pages\/2458","targetHints":{"allow":["GET"]}}],"collection":[{"href":"https:\/\/humanidades.uprrp.edu\/lenguas\/index.php\/wp-json\/wp\/v2\/pages"}],"about":[{"href":"https:\/\/humanidades.uprrp.edu\/lenguas\/index.php\/wp-json\/wp\/v2\/types\/page"}],"author":[{"embeddable":true,"href":"https:\/\/humanidades.uprrp.edu\/lenguas\/index.php\/wp-json\/wp\/v2\/users\/2"}],"replies":[{"embeddable":true,"href":"https:\/\/humanidades.uprrp.edu\/lenguas\/index.php\/wp-json\/wp\/v2\/comments?post=2458"}],"version-history":[{"count":6,"href":"https:\/\/humanidades.uprrp.edu\/lenguas\/index.php\/wp-json\/wp\/v2\/pages\/2458\/revisions"}],"predecessor-version":[{"id":2468,"href":"https:\/\/humanidades.uprrp.edu\/lenguas\/index.php\/wp-json\/wp\/v2\/pages\/2458\/revisions\/2468"}],"up":[{"embeddable":true,"href":"https:\/\/humanidades.uprrp.edu\/lenguas\/index.php\/wp-json\/wp\/v2\/pages\/1706"}],"wp:attachment":[{"href":"https:\/\/humanidades.uprrp.edu\/lenguas\/index.php\/wp-json\/wp\/v2\/media?parent=2458"}],"curies":[{"name":"wp","href":"https:\/\/api.w.org\/{rel}","templated":true}]}}