{"id":238,"date":"2016-07-18T18:05:23","date_gmt":"2016-07-18T17:05:23","guid":{"rendered":"https:\/\/lenguasuprrp.wordpress.com\/?page_id=238"},"modified":"2025-10-22T18:20:46","modified_gmt":"2025-10-22T18:20:46","slug":"egresados","status":"publish","type":"page","link":"https:\/\/humanidades.uprrp.edu\/lenguas\/index.php\/estudiantes-2\/egresados\/","title":{"rendered":"Egresados"},"content":{"rendered":"<table>\n<tbody>\n<tr>\n<td width=\"312\"><a href=\"https:\/\/humanidades.uprrp.edu\/lenguas\/index.php\/estudiantes-2\/egresados\/almarante-yaniris\/\">Yaniris Almarante<\/a><\/td>\n<td width=\"312\"><a href=\"https:\/\/humanidades.uprrp.edu\/lenguas\/index.php\/estudiantes-2\/egresados\/almarante-yaniris\/almarante-yaniris-2\/#main\" rel=\"attachment wp-att-1369\"><img loading=\"lazy\" decoding=\"async\" class=\"aligncenter wp-image-1369 size-thumbnail\" src=\"https:\/\/humanidades.uprrp.edu\/lenguas\/wp-content\/uploads\/2017\/04\/Almarante-Yaniris-e1491321032645-150x150.png\" alt=\"\" width=\"150\" height=\"150\" srcset=\"https:\/\/humanidades.uprrp.edu\/lenguas\/wp-content\/uploads\/2017\/04\/Almarante-Yaniris-e1491321032645-150x150.png 150w, https:\/\/humanidades.uprrp.edu\/lenguas\/wp-content\/uploads\/2017\/04\/Almarante-Yaniris-e1491321032645-300x300.png 300w, https:\/\/humanidades.uprrp.edu\/lenguas\/wp-content\/uploads\/2017\/04\/Almarante-Yaniris-e1491321032645-406x406.png 406w, https:\/\/humanidades.uprrp.edu\/lenguas\/wp-content\/uploads\/2017\/04\/Almarante-Yaniris-e1491321032645.png 640w\" sizes=\"auto, (max-width: 150px) 100vw, 150px\" \/><\/a><\/td>\n<\/tr>\n<tr>\n<td width=\"312\"><a href=\"https:\/\/humanidades.uprrp.edu\/lenguas\/index.php\/estudiantes-2\/egresados\/anne-l-beatty-martinez\/\">Anne L. Beatty-Mart\u00ednez<\/a><\/td>\n<td width=\"312\">\u00a0<a href=\"https:\/\/humanidades.uprrp.edu\/lenguas\/index.php\/estudiantes-2\/egresados\/beatty-anne3\/#main\" rel=\"attachment wp-att-1515\"><img loading=\"lazy\" decoding=\"async\" class=\"aligncenter wp-image-1515 size-thumbnail\" src=\"https:\/\/humanidades.uprrp.edu\/lenguas\/wp-content\/uploads\/2016\/07\/Beatty-Anne3-150x150.png\" alt=\"\" width=\"150\" height=\"150\" \/><\/a><\/td>\n<\/tr>\n<tr>\n<td width=\"312\"><a href=\"https:\/\/humanidades.uprrp.edu\/lenguas\/index.php\/estudiantes-2\/egresados\/jose-r-benitez-melendez\/\">Jos\u00e9 R. Ben\u00edtez Mel\u00e9ndez<\/a><\/td>\n<td width=\"312\">\u00a0<img loading=\"lazy\" decoding=\"async\" class=\"aligncenter size-thumbnail wp-image-1491\" src=\"https:\/\/humanidades.uprrp.edu\/lenguas\/wp-content\/uploads\/2016\/07\/Benitez-Jose2-e1492797318216-150x150.png\" alt=\"\" width=\"150\" height=\"150\" \/><\/td>\n<\/tr>\n<tr>\n<td width=\"312\"><a href=\"https:\/\/humanidades.uprrp.edu\/lenguas\/index.php\/estudiantes-2\/egresados\/amelia-feliciano\/\">Amelia Feliciano<\/a><\/td>\n<td style=\"text-align: center;\" width=\"312\"><img loading=\"lazy\" decoding=\"async\" class=\"wp-image-3511 size-thumbnail aligncenter\" src=\"https:\/\/humanidades.uprrp.edu\/lenguas\/wp-content\/uploads\/2025\/10\/Feliciano-Amelia-150x150.jpg\" alt=\"\" width=\"150\" height=\"150\" \/><\/td>\n<\/tr>\n<tr>\n<td width=\"312\"><a href=\"https:\/\/humanidades.uprrp.edu\/lenguas\/index.php\/estudiantes-2\/egresados\/izquierdo-vega-marina\/\">Marina Izquierdo Vega<\/a><\/td>\n<td width=\"312\">\u00a0<a href=\"https:\/\/humanidades.uprrp.edu\/lenguas\/index.php\/estudiantes-2\/egresados\/izquierdo-vega-marina\/izquierdo-marina\/#main\" rel=\"attachment wp-att-1410\"><img loading=\"lazy\" decoding=\"async\" class=\"aligncenter wp-image-1410 size-thumbnail\" src=\"https:\/\/humanidades.uprrp.edu\/lenguas\/wp-content\/uploads\/2017\/04\/Izquierdo-Marina-e1492001020774-150x150.jpg\" alt=\"\" width=\"150\" height=\"150\" \/><\/a><\/td>\n<\/tr>\n<tr>\n<td width=\"312\"><a href=\"https:\/\/humanidades.uprrp.edu\/lenguas\/index.php\/estudiantes-2\/egresados\/livmar-pabsi\/\">Pabsi Livmar<\/a><\/td>\n<td width=\"312\">\u00a0<a href=\"https:\/\/humanidades.uprrp.edu\/lenguas\/index.php\/estudiantes-2\/egresados\/livmar-pabsi\/livmar-pabsi-2\/#main\" rel=\"attachment wp-att-1414\"><img loading=\"lazy\" decoding=\"async\" class=\"aligncenter wp-image-1414 size-thumbnail\" src=\"https:\/\/humanidades.uprrp.edu\/lenguas\/wp-content\/uploads\/2017\/04\/Livmar-Pabsi-2-e1492001869443-150x150.png\" alt=\"\" width=\"150\" height=\"150\" \/><\/a><\/td>\n<\/tr>\n<tr>\n<td width=\"312\"><a href=\"https:\/\/humanidades.uprrp.edu\/lenguas\/index.php\/estudiantes-2\/egresados\/machin-eddie-f\/\">Eddie Freddie Machin<\/a><\/td>\n<td width=\"312\">\u00a0<a href=\"https:\/\/humanidades.uprrp.edu\/lenguas\/index.php\/estudiantes-2\/egresados\/machin-eddie-f\/machin-eddie-freddie-2\/#main\" rel=\"attachment wp-att-1456\"><img loading=\"lazy\" decoding=\"async\" class=\"aligncenter wp-image-1456 size-thumbnail\" src=\"https:\/\/humanidades.uprrp.edu\/lenguas\/wp-content\/uploads\/2017\/04\/Machin-Eddie-Freddie-1-e1492058942178-150x150.jpg\" alt=\"\" width=\"150\" height=\"150\" \/><\/a><\/td>\n<\/tr>\n<tr>\n<td width=\"312\"><a href=\"https:\/\/humanidades.uprrp.edu\/lenguas\/index.php\/estudiantes-2\/egresados\/gabriel-o-quinones-maldonado\/\">Gabriel O. Qui\u00f1ones Maldonado<\/a><\/td>\n<td width=\"312\">\u00a0<a href=\"https:\/\/humanidades.uprrp.edu\/lenguas\/index.php\/estudiantes-2\/egresados\/quinones-gabriel2\/#main\" rel=\"attachment wp-att-1493\"><img loading=\"lazy\" decoding=\"async\" class=\"aligncenter wp-image-1493 size-thumbnail\" src=\"https:\/\/humanidades.uprrp.edu\/lenguas\/wp-content\/uploads\/2016\/07\/Quinones-Gabriel2-150x150.png\" alt=\"\" width=\"150\" height=\"150\" \/><\/a><\/td>\n<\/tr>\n<tr>\n<td width=\"312\"><a href=\"https:\/\/humanidades.uprrp.edu\/lenguas\/index.php\/estudiantes-2\/egresados\/rivera-santos-alex-g\/\">Alex G. Rivera Santos<\/a><\/td>\n<td width=\"312\">\u00a0<img loading=\"lazy\" decoding=\"async\" class=\"aligncenter wp-image-1423 size-thumbnail\" src=\"https:\/\/humanidades.uprrp.edu\/lenguas\/wp-content\/uploads\/2017\/04\/Rivera-Alex-e1492003618698-150x150.jpg\" alt=\"\" width=\"150\" height=\"150\" \/><\/td>\n<\/tr>\n<tr>\n<td width=\"312\"><a href=\"https:\/\/humanidades.uprrp.edu\/lenguas\/index.php\/estudiantes-2\/egresados\/victor-luis-rodriguez-velazquez\/ \u200e\">V\u00edctor L. Rodr\u00edguez Vel\u00e1zquez<\/a><\/td>\n<td width=\"312\">\u00a0<img loading=\"lazy\" decoding=\"async\" class=\"aligncenter size-thumbnail wp-image-2794\" src=\"https:\/\/humanidades.uprrp.edu\/lenguas\/wp-content\/uploads\/2016\/07\/Rodriguez-Victor-150x150.jpg\" alt=\"\" width=\"150\" height=\"150\" srcset=\"https:\/\/humanidades.uprrp.edu\/lenguas\/wp-content\/uploads\/2016\/07\/Rodriguez-Victor-150x150.jpg 150w, https:\/\/humanidades.uprrp.edu\/lenguas\/wp-content\/uploads\/2016\/07\/Rodriguez-Victor-300x300.jpg 300w, https:\/\/humanidades.uprrp.edu\/lenguas\/wp-content\/uploads\/2016\/07\/Rodriguez-Victor-768x769.jpg 768w, https:\/\/humanidades.uprrp.edu\/lenguas\/wp-content\/uploads\/2016\/07\/Rodriguez-Victor-406x406.jpg 406w, https:\/\/humanidades.uprrp.edu\/lenguas\/wp-content\/uploads\/2016\/07\/Rodriguez-Victor.jpg 959w\" sizes=\"auto, (max-width: 150px) 100vw, 150px\" \/><\/td>\n<\/tr>\n<tr>\n<td width=\"312\"><a href=\"https:\/\/humanidades.uprrp.edu\/lenguas\/index.php\/estudiantes-2\/egresados\/erika-santos\/\">Erika Santos<\/a><\/td>\n<td width=\"312\">\u00a0<a href=\"https:\/\/humanidades.uprrp.edu\/lenguas\/index.php\/estudiantes-2\/egresados\/santos-erika3\/#main\" rel=\"attachment wp-att-1622\"><img loading=\"lazy\" decoding=\"async\" class=\"aligncenter wp-image-1622 size-thumbnail\" src=\"https:\/\/humanidades.uprrp.edu\/lenguas\/wp-content\/uploads\/2016\/07\/Santos-Erika3-150x150.jpg\" alt=\"\" width=\"150\" height=\"150\" \/><\/a><\/td>\n<\/tr>\n<tr>\n<td width=\"312\"><a href=\"https:\/\/humanidades.uprrp.edu\/lenguas\/index.php\/estudiantes-2\/egresados\/sierra-gonzalez-edwin-a\/\">Edwin A. Sierra Gonz\u00e1lez<\/a><\/td>\n<td width=\"312\">\u00a0<a href=\"https:\/\/humanidades.uprrp.edu\/lenguas\/index.php\/estudiantes-2\/egresados\/sierra-gonzalez-edwin-a\/sierra-edwin\/#main\" rel=\"attachment wp-att-1426\"><img loading=\"lazy\" decoding=\"async\" class=\"aligncenter wp-image-1426 size-thumbnail\" src=\"https:\/\/humanidades.uprrp.edu\/lenguas\/wp-content\/uploads\/2017\/04\/Sierra-Edwin-e1492004202284-150x150.jpg\" alt=\"\" width=\"150\" height=\"150\" \/><\/a><\/td>\n<\/tr>\n<tr>\n<td width=\"312\"><a href=\"https:\/\/humanidades.uprrp.edu\/lenguas\/index.php\/soto-estefania\/\">Estefan\u00eda Natalia Soto Torres<\/a><\/td>\n<td style=\"text-align: center;\" width=\"312\">\u00a0<img loading=\"lazy\" decoding=\"async\" class=\"aligncenter wp-image-2892 size-thumbnail\" src=\"https:\/\/humanidades.uprrp.edu\/lenguas\/wp-content\/uploads\/2016\/07\/Soto-Estefania2-150x150.jpg\" alt=\"\" width=\"150\" height=\"150\" \/><\/td>\n<\/tr>\n<\/tbody>\n<\/table>\n<p>Llamamos a todos los egresados que quieren compartir su experiencia de vida estudiantil, profesional y personal despu\u00e9s de su Bachillerato en Lenguas Modernas a:<br \/>\n&#8211; descargar\u00a0<a href=\"https:\/\/drive.google.com\/open?id=0Bw7H21T0R4IxelJkLVZrWlVOQW8\">esta tabla<\/a><br \/>\n&#8211; llenarla con las datos requeridos y la foto<br \/>\n&#8211; enviarla a antoine.philippe@upr.edu<a href=\"mailto:lenguas.uprrp@upr.edu\"><br \/>\n<\/a>Gracias<\/p>\n","protected":false},"excerpt":{"rendered":"<p>Yaniris Almarante Anne L. Beatty-Mart\u00ednez \u00a0 Jos\u00e9 R. Ben\u00edtez Mel\u00e9ndez \u00a0 Amelia Feliciano Marina Izquierdo Vega \u00a0 Pabsi Livmar \u00a0 Eddie Freddie Machin \u00a0 Gabriel O. Qui\u00f1ones Maldonado \u00a0 Alex G. Rivera Santos \u00a0 V\u00edctor L. Rodr\u00edguez Vel\u00e1zquez \u00a0 Erika Santos \u00a0 Edwin A. Sierra Gonz\u00e1lez \u00a0 Estefan\u00eda Natalia Soto Torres \u00a0 Llamamos a todos [&hellip;]<\/p>\n","protected":false},"author":2,"featured_media":0,"parent":164,"menu_order":7,"comment_status":"closed","ping_status":"closed","template":"full-width.php","meta":{"footnotes":""},"class_list":["post-238","page","type-page","status-publish","hentry"],"_links":{"self":[{"href":"https:\/\/humanidades.uprrp.edu\/lenguas\/index.php\/wp-json\/wp\/v2\/pages\/238","targetHints":{"allow":["GET"]}}],"collection":[{"href":"https:\/\/humanidades.uprrp.edu\/lenguas\/index.php\/wp-json\/wp\/v2\/pages"}],"about":[{"href":"https:\/\/humanidades.uprrp.edu\/lenguas\/index.php\/wp-json\/wp\/v2\/types\/page"}],"author":[{"embeddable":true,"href":"https:\/\/humanidades.uprrp.edu\/lenguas\/index.php\/wp-json\/wp\/v2\/users\/2"}],"replies":[{"embeddable":true,"href":"https:\/\/humanidades.uprrp.edu\/lenguas\/index.php\/wp-json\/wp\/v2\/comments?post=238"}],"version-history":[{"count":34,"href":"https:\/\/humanidades.uprrp.edu\/lenguas\/index.php\/wp-json\/wp\/v2\/pages\/238\/revisions"}],"predecessor-version":[{"id":3514,"href":"https:\/\/humanidades.uprrp.edu\/lenguas\/index.php\/wp-json\/wp\/v2\/pages\/238\/revisions\/3514"}],"up":[{"embeddable":true,"href":"https:\/\/humanidades.uprrp.edu\/lenguas\/index.php\/wp-json\/wp\/v2\/pages\/164"}],"wp:attachment":[{"href":"https:\/\/humanidades.uprrp.edu\/lenguas\/index.php\/wp-json\/wp\/v2\/media?parent=238"}],"curies":[{"name":"wp","href":"https:\/\/api.w.org\/{rel}","templated":true}]}}