{"id":2322,"date":"2019-03-07T17:22:18","date_gmt":"2019-03-07T17:22:18","guid":{"rendered":"https:\/\/humanidades.uprrp.edu\/lenguas\/?page_id=2322"},"modified":"2020-12-13T20:16:26","modified_gmt":"2020-12-13T20:16:26","slug":"llegar-al-dle","status":"publish","type":"page","link":"https:\/\/humanidades.uprrp.edu\/lenguas\/index.php\/direccion\/llegar-al-dle\/","title":{"rendered":"Llegar al DLE"},"content":{"rendered":"<p>Estamos ubicados en el tercer piso del edificio Luis Pal\u00e9s Matos\u00a0(no 47) en G10 en <a href=\"https:\/\/sistemaupr-my.sharepoint.com\/:b:\/g\/personal\/antoine_philippe_upr_edu\/EcMS__mPGRhHrHg9HLLmm0gBBYBI2saBTynzYXxf7YRBoQ?e=h43dAv\">el mapa de la UPR<\/a>.<\/p>\n<p>Para llegar al Departamento:<\/p>\n<ul>\n<li><strong>por tren<\/strong>:\u00a0b\u00e1jese en la estaci\u00f3n Universidad (en D8); de all\u00ed, camine por la ruta 2 (amarilla) hacia la Torre (en F10) y contin\u00fae hasta Luis Pal\u00e9s Matos<\/li>\n<li><strong>por carro<\/strong>: puede entrar por la Avenida G\u00e1ndara (en H11) o la Avenida Barbosa (en M9) y estacionarse en el Multipisos Campus (no 69, en L10) o puede estacionarse afuera en el Multipisos Plaza Universitaria (no 70, en C7) y entrar por la Ponce de Le\u00f3n (en D8)<\/li>\n<\/ul>\n","protected":false},"excerpt":{"rendered":"<p>Estamos ubicados en el tercer piso del edificio Luis Pal\u00e9s Matos\u00a0(no 47) en G10 en el mapa de la UPR. Para llegar al Departamento: por tren:\u00a0b\u00e1jese en la estaci\u00f3n Universidad (en D8); de all\u00ed, camine por la ruta 2 (amarilla) hacia la Torre (en F10) y contin\u00fae hasta Luis Pal\u00e9s Matos por carro: puede entrar [&hellip;]<\/p>\n","protected":false},"author":2,"featured_media":0,"parent":4,"menu_order":1,"comment_status":"closed","ping_status":"closed","template":"full-width.php","meta":{"footnotes":""},"class_list":["post-2322","page","type-page","status-publish","hentry"],"_links":{"self":[{"href":"https:\/\/humanidades.uprrp.edu\/lenguas\/index.php\/wp-json\/wp\/v2\/pages\/2322","targetHints":{"allow":["GET"]}}],"collection":[{"href":"https:\/\/humanidades.uprrp.edu\/lenguas\/index.php\/wp-json\/wp\/v2\/pages"}],"about":[{"href":"https:\/\/humanidades.uprrp.edu\/lenguas\/index.php\/wp-json\/wp\/v2\/types\/page"}],"author":[{"embeddable":true,"href":"https:\/\/humanidades.uprrp.edu\/lenguas\/index.php\/wp-json\/wp\/v2\/users\/2"}],"replies":[{"embeddable":true,"href":"https:\/\/humanidades.uprrp.edu\/lenguas\/index.php\/wp-json\/wp\/v2\/comments?post=2322"}],"version-history":[{"count":6,"href":"https:\/\/humanidades.uprrp.edu\/lenguas\/index.php\/wp-json\/wp\/v2\/pages\/2322\/revisions"}],"predecessor-version":[{"id":2912,"href":"https:\/\/humanidades.uprrp.edu\/lenguas\/index.php\/wp-json\/wp\/v2\/pages\/2322\/revisions\/2912"}],"up":[{"embeddable":true,"href":"https:\/\/humanidades.uprrp.edu\/lenguas\/index.php\/wp-json\/wp\/v2\/pages\/4"}],"wp:attachment":[{"href":"https:\/\/humanidades.uprrp.edu\/lenguas\/index.php\/wp-json\/wp\/v2\/media?parent=2322"}],"curies":[{"name":"wp","href":"https:\/\/api.w.org\/{rel}","templated":true}]}}