{"id":2310,"date":"2019-03-05T14:55:48","date_gmt":"2019-03-05T14:55:48","guid":{"rendered":"https:\/\/humanidades.uprrp.edu\/lenguas\/?page_id=2310"},"modified":"2019-03-06T16:52:09","modified_gmt":"2019-03-06T16:52:09","slug":"horas-de-adiestramiento-y-etica","status":"publish","type":"page","link":"https:\/\/humanidades.uprrp.edu\/lenguas\/index.php\/docencia\/guia-profesores-y-asistentes\/horas-de-adiestramiento-y-etica\/","title":{"rendered":"Horas de adiestramiento y \u00e9tica"},"content":{"rendered":"<p><span style=\"color: #333399;\"><strong>P\u00e1gina actualizada el 6 marzo 2019<\/strong><\/span><\/p>\n<p>Para cada empleado docente y no docente (permanentes, probatorios, nombramientos a tiempo parcial o completo y contratos de servicio a tiempo parcial o completo).<\/p>\n<p><strong><u>Horas de adiestramiento<\/u><\/strong><\/p>\n<p>Se requieren\u00a0<strong>6 horas de adiestramiento por a\u00f1o fiscal<\/strong>\u00a0(del 1 de enero hasta el 31 de diciembre)<\/p>\n<p>Se puede cumplir con las horas de adiestramiento asistiendo:<br \/>\n&#8211; a los talleres del <a href=\"https:\/\/actividadescea.uprrp.edu\/\">Centro de Excelencia Acad\u00e9mica (CEA)<\/a><br \/>\n&#8211; a <span lang=\"ES-PR\">conferencias, foros, paneles, seminarios, simposios, coloquios y talleres de \u00edndole acad\u00e9mica ofrecidos en instituciones id\u00f3neas (universidades, Alianza Francesa, etc.)<\/span><\/p>\n<p><span lang=\"ES-PR\">Favor de enviar copia de sus certificados a la Sra. Aida Santiago\u00a0(aida.santiago3@upr.edu) de la Oficina de Recursos Humanos.<br \/>\n<\/span><\/p>\n<p><strong><u>Horas de \u00e9tica<\/u><\/strong><\/p>\n<p>Se requieren<strong> 20 horas de \u00e9tica por\u00a0cada periodo bienal<\/strong> (1 de julio 2018 hasta el 30 de junio de 2020).<\/p>\n<p>Puede cumplir con las horas de \u00e9tica:<br \/>\n&#8211; con los talleres id\u00f3neos del CEA<br \/>\n&#8211; tomando cursos en l\u00ednea de la <a href=\"https:\/\/reif.oeg.gobierno.pr\/cdpeplus\/\">Oficina de \u00c9tica Gubernamental (OEG)<\/a> de Puerto Rico.<\/p>\n<p>Cualquier duda o pregunta pueden comunicarse con la Sra. Aida Santiago a la extensi\u00f3n 84425 o escribirle a su correo electr\u00f3nico<\/p>\n","protected":false},"excerpt":{"rendered":"<p>P\u00e1gina actualizada el 6 marzo 2019 Para cada empleado docente y no docente (permanentes, probatorios, nombramientos a tiempo parcial o completo y contratos de servicio a tiempo parcial o completo). Horas de adiestramiento Se requieren\u00a06 horas de adiestramiento por a\u00f1o fiscal\u00a0(del 1 de enero hasta el 31 de diciembre) Se puede cumplir con las horas [&hellip;]<\/p>\n","protected":false},"author":2,"featured_media":0,"parent":2303,"menu_order":1,"comment_status":"closed","ping_status":"closed","template":"full-width.php","meta":{"footnotes":""},"class_list":["post-2310","page","type-page","status-publish","hentry"],"_links":{"self":[{"href":"https:\/\/humanidades.uprrp.edu\/lenguas\/index.php\/wp-json\/wp\/v2\/pages\/2310","targetHints":{"allow":["GET"]}}],"collection":[{"href":"https:\/\/humanidades.uprrp.edu\/lenguas\/index.php\/wp-json\/wp\/v2\/pages"}],"about":[{"href":"https:\/\/humanidades.uprrp.edu\/lenguas\/index.php\/wp-json\/wp\/v2\/types\/page"}],"author":[{"embeddable":true,"href":"https:\/\/humanidades.uprrp.edu\/lenguas\/index.php\/wp-json\/wp\/v2\/users\/2"}],"replies":[{"embeddable":true,"href":"https:\/\/humanidades.uprrp.edu\/lenguas\/index.php\/wp-json\/wp\/v2\/comments?post=2310"}],"version-history":[{"count":4,"href":"https:\/\/humanidades.uprrp.edu\/lenguas\/index.php\/wp-json\/wp\/v2\/pages\/2310\/revisions"}],"predecessor-version":[{"id":2320,"href":"https:\/\/humanidades.uprrp.edu\/lenguas\/index.php\/wp-json\/wp\/v2\/pages\/2310\/revisions\/2320"}],"up":[{"embeddable":true,"href":"https:\/\/humanidades.uprrp.edu\/lenguas\/index.php\/wp-json\/wp\/v2\/pages\/2303"}],"wp:attachment":[{"href":"https:\/\/humanidades.uprrp.edu\/lenguas\/index.php\/wp-json\/wp\/v2\/media?parent=2310"}],"curies":[{"name":"wp","href":"https:\/\/api.w.org\/{rel}","templated":true}]}}