{"id":22,"date":"2014-09-18T04:02:57","date_gmt":"2014-09-18T03:02:57","guid":{"rendered":"http:\/\/lenguasuprrp.wordpress.com\/?page_id=22"},"modified":"2025-02-21T15:53:44","modified_gmt":"2025-02-21T15:53:44","slug":"enlaces-utiles","status":"publish","type":"page","link":"https:\/\/humanidades.uprrp.edu\/lenguas\/index.php\/enlaces-utiles\/","title":{"rendered":"Enlaces \u00fatiles"},"content":{"rendered":"<p><span style=\"color: #333399;\"><strong>P\u00e1gina actualizada el 21 febrero 2025<\/strong><\/span><\/p>\n<ul>\n<li><a href=\"http:\/\/smjegupr.net\/newsite\/index.php\/reservas\/\">Reservas del Seminario Jos\u00e9 Emilio Gonz\u00e1lez<\/a><\/li>\n<li><a href=\"https:\/\/sites.google.com\/site\/competenciaslinguisticascdcl\/\">Centro para el Desarrollo de Competencias Ling\u00fc\u00edstica (CDCL)<\/a><\/li>\n<\/ul>\n<p><b>Franc\u00e9s<\/b><\/p>\n<ul>\n<li><a href=\"http:\/\/www.rfi.fr\/\">Radio France Internationale<\/a><\/li>\n<li><a href=\"http:\/\/www.radio-canada.ca\">Radio-Canada (radio et t\u00e9l\u00e9vision)<\/a><\/li>\n<li><a href=\"http:\/\/www.tv5.org\">TV5 Monde<\/a><\/li>\n<li><a href=\"http:\/\/www.lemonde.fr\">Le Monde<\/a><\/li>\n<li><a href=\"http:\/\/www.liberation.fr\">Lib\u00e9ration<\/a><\/li>\n<li><a href=\"http:\/\/www.cyberpresse.ca\">La Presse<\/a><\/li>\n<li><a href=\"http:\/\/www.lepointdufle.net\/frances.htm\">Gram\u00e1tica: Le point du FLE<\/a><\/li>\n<li><a href=\"http:\/\/www.reverso.net\/text_translation.asp?lang=ES\">Reverso, traducci\u00f3n y conjugaci\u00f3n<\/a><\/li>\n<li><a href=\"https:\/\/www.mots-lettres.fr\/synonyme\">Synonymes<\/a><\/li>\n<li><a href=\"http:\/\/leconjugueur.lefigaro.fr\/\">Le conjugueur<\/a><\/li>\n<li><a href=\"http:\/\/phonetique.free.fr\/\">Exercices de phon\u00e9tique<\/a><\/li>\n<\/ul>\n<p><b>Italiano<\/b><\/p>\n<ul>\n<li><a href=\"http:\/\/www.accademiadellacrusca.it\/index.php\">Accademia della Crusca<\/a><\/li>\n<li><a href=\"http:\/\/www.international.rai.it\/esp\/index.shtml\">RAI International<\/a><\/li>\n<li><a href=\"http:\/\/www.educational.rai.it\/ioparloitaliano\/corso.htm\">Io parlo italiano<\/a><\/li>\n<li><a href=\"http:\/\/www.cyberitalian.com\/sp\/\">CyberItalian<\/a><\/li>\n<li><a href=\"http:\/\/www.garzantilinguistica.it\/\">Diccionario en l\u00ednea<\/a><\/li>\n<li><a href=\"http:\/\/www.verbix.com\/languages\/italian.shtml\">Conjugador de lenguas: italiano<\/a><\/li>\n<li><a href=\"http:\/\/venus.unive.it\/italslab\/quattropassi\/uno.htm\">Quattro passi nell&#8217;italiano<\/a><\/li>\n<\/ul>\n<p><b>Portugu\u00e9s<\/b><\/p>\n<ul>\n<li><a href=\"http:\/\/www.cplp.org\/Default.aspx\">Comunidade dos pa\u00edses de L\u00edngua Portuguesa<\/a><\/li>\n<li><a href=\"http:\/\/www.aglp.net\/\">Academia Galega da L\u00edngua Portuguesa<\/a><\/li>\n<li><a href=\"http:\/\/ww1.rtp.pt\/homepage\/\">R\u00e1dio et Televisao de Portugal<\/a><\/li>\n<li><a href=\"http:\/\/www.tvcultura.com.br\/\">TV Cultura de Brasil<\/a><\/li>\n<li><a href=\"http:\/\/www.portoeditora.pt\/especial\/index\/documento\/DOL\">Dicion\u00e1rios online<\/a><\/li>\n<li><a href=\"http:\/\/www.priberam.pt\/DLPO\/\">Conjugador de verbos e gram\u00e1tica online<\/a><\/li>\n<li><a href=\"http:\/\/www.folha.uol.com.br\/\">Folha Online<\/a><\/li>\n<li><a href=\"http:\/\/www.estadao.com.br\/home\/\">Jornal O Estado de Sao Paulo<\/a><\/li>\n<\/ul>\n<p><b>Alem\u00e1n<\/b><\/p>\n<ul>\n<li><a href=\"http:\/\/www.dw-world.de\/dw\/0,,265,00.html\">Deutsche Welle<\/a><\/li>\n<li><a href=\"http:\/\/www.latinoportal.de\/\">Latinoportal Die Latienamerika-Community<\/a><\/li>\n<li><a href=\"http:\/\/beat.doebe.li\/bibliothek\/w00956.html\">WebQuest<\/a><\/li>\n<li><a href=\"http:\/\/www.deutsch-lernen.com\/\">Deutsch-Lernen<\/a><\/li>\n<li><a href=\"http:\/\/www.deutsch-als-fremdsprache.de\/\">Deutsch als Fremdsprache<\/a><\/li>\n<li><a href=\"http:\/\/iate.europa.eu\/iatediff\/SearchByQueryLoad.do?method=load\">Diccionario Multilingue de la Uni\u00f3n Europea<\/a><\/li>\n<\/ul>\n<p><b>Chino<\/b><\/p>\n<ul>\n<li><a href=\"http:\/\/www.hanban.org\">Hanban &#8211; Difusi\u00f3n del chino como lengua extranjera<\/a><\/li>\n<li><a href=\"http:\/\/www.chino-china.com\/\">Aprender chino y descubir a China<\/a><\/li>\n<li><a href=\"http:\/\/www.unihan.com.cn\/\">Aprender los caracteres chinos<\/a><\/li>\n<li><a href=\"http:\/\/www.xinhuanet.com\/\">Noticias y actualidades de la China<\/a><\/li>\n<li><a href=\"http:\/\/www.moe.edu.cn\/\">Estudiar en China<\/a><\/li>\n<\/ul>\n<p><strong>Ruso<\/strong><\/p>\n<ul>\n<li><a href=\"https:\/\/es.aprus.com\/\">Aprende Ruso Divirt\u00edendote<\/a><\/li>\n<\/ul>\n","protected":false},"excerpt":{"rendered":"<p>P\u00e1gina actualizada el 21 febrero 2025 Reservas del Seminario Jos\u00e9 Emilio Gonz\u00e1lez Centro para el Desarrollo de Competencias Ling\u00fc\u00edstica (CDCL) Franc\u00e9s Radio France Internationale Radio-Canada (radio et t\u00e9l\u00e9vision) TV5 Monde Le Monde Lib\u00e9ration La Presse Gram\u00e1tica: Le point du FLE Reverso, traducci\u00f3n y conjugaci\u00f3n Synonymes Le conjugueur Exercices de phon\u00e9tique Italiano Accademia della Crusca RAI [&hellip;]<\/p>\n","protected":false},"author":3,"featured_media":0,"parent":0,"menu_order":8,"comment_status":"open","ping_status":"open","template":"full-width.php","meta":{"footnotes":""},"class_list":["post-22","page","type-page","status-publish","hentry"],"_links":{"self":[{"href":"https:\/\/humanidades.uprrp.edu\/lenguas\/index.php\/wp-json\/wp\/v2\/pages\/22","targetHints":{"allow":["GET"]}}],"collection":[{"href":"https:\/\/humanidades.uprrp.edu\/lenguas\/index.php\/wp-json\/wp\/v2\/pages"}],"about":[{"href":"https:\/\/humanidades.uprrp.edu\/lenguas\/index.php\/wp-json\/wp\/v2\/types\/page"}],"author":[{"embeddable":true,"href":"https:\/\/humanidades.uprrp.edu\/lenguas\/index.php\/wp-json\/wp\/v2\/users\/3"}],"replies":[{"embeddable":true,"href":"https:\/\/humanidades.uprrp.edu\/lenguas\/index.php\/wp-json\/wp\/v2\/comments?post=22"}],"version-history":[{"count":6,"href":"https:\/\/humanidades.uprrp.edu\/lenguas\/index.php\/wp-json\/wp\/v2\/pages\/22\/revisions"}],"predecessor-version":[{"id":3421,"href":"https:\/\/humanidades.uprrp.edu\/lenguas\/index.php\/wp-json\/wp\/v2\/pages\/22\/revisions\/3421"}],"wp:attachment":[{"href":"https:\/\/humanidades.uprrp.edu\/lenguas\/index.php\/wp-json\/wp\/v2\/media?parent=22"}],"curies":[{"name":"wp","href":"https:\/\/api.w.org\/{rel}","templated":true}]}}