{"id":2170,"date":"2019-02-06T18:37:40","date_gmt":"2019-02-06T18:37:40","guid":{"rendered":"https:\/\/humanidades.uprrp.edu\/lenguas\/?page_id=2170"},"modified":"2019-02-07T17:51:02","modified_gmt":"2019-02-07T17:51:02","slug":"actividades-marzo-junio-2018","status":"publish","type":"page","link":"https:\/\/humanidades.uprrp.edu\/lenguas\/index.php\/actividades\/actividades-pasadas\/actividades-marzo-junio-2018\/","title":{"rendered":"Actividades \u2013 Marzo-Junio 2018"},"content":{"rendered":"<p><span style=\"color: #666699;\"><strong>P\u00e1gina actualizada el\u00a07 febrero 2019<\/strong><\/span><\/p>\n<table>\n<tbody>\n<tr>\n<td width=\"181\">\n<p style=\"text-align: center;\"><strong>Fecha<\/strong><\/p>\n<\/td>\n<td style=\"text-align: center;\" width=\"162\"><strong>Lugar<\/strong><\/td>\n<td style=\"text-align: center;\" width=\"290\"><strong>Actividad<\/strong><\/td>\n<\/tr>\n<tr>\n<td style=\"text-align: center;\" width=\"181\"><strong>17 abril 2018<br \/>\n<\/strong>11:30-2:30<\/td>\n<td style=\"text-align: center;\" width=\"162\"><strong>Sala A<\/strong><\/td>\n<td width=\"290\">\n<p style=\"text-align: center;\"><strong>Expolenguas 2018<\/strong><br \/>\nestudiantes puertorrique\u00f1os en el extranjero + la Alianza Francesa presenta Campus France<\/p>\n<\/td>\n<\/tr>\n<tr>\n<td width=\"181\">\n<p style=\"text-align: center;\"><strong>19 abril 2018<br \/>\n<\/strong>6:00pm-9:00pm<\/p>\n<\/td>\n<td style=\"text-align: center;\" width=\"162\"><strong>Anfi 1 de Educaci\u00f3n<\/strong><\/td>\n<td style=\"text-align: center;\" width=\"290\"><strong>Soir\u00e9e francophone<br \/>\n<\/strong>(Monique Scheuer y OLE, estudiantes, profes y asistentes de 1er a\u00f1o de franc\u00e9s)<\/td>\n<\/tr>\n<tr>\n<td style=\"text-align: center;\" width=\"181\"><strong>27 abril 2018<br \/>\n<\/strong>1:00-2:30pm<\/td>\n<td style=\"text-align: center;\" width=\"162\"><strong>LPM 122<\/p>\n<p><\/strong><\/td>\n<td width=\"290\">\n<p style=\"text-align: center;\"><strong>Sociedad de Honor Francesa<br \/>\n<\/strong>Iniciaci\u00f3n de los miembros 2018<strong><br \/>\n<\/strong>(Dra. Ghillebaert)<\/p>\n<\/td>\n<\/tr>\n<tr>\n<td width=\"181\">\n<p style=\"text-align: center;\"><strong>8 mayo 2018<br \/>\n<\/strong>8:30-4:40<\/p>\n<\/td>\n<td style=\"text-align: center;\" width=\"162\"><strong>Sala A<\/strong><\/td>\n<td style=\"text-align: center;\" width=\"290\"><strong>Conferencia \u201cLa Uni\u00f3n Europea, desde su desempe\u00f1o a un extra\u00f1o malestar\u201d<br \/>\n<\/strong>(org. Dra, Ghillebaert: Departamento de Lenguas y Facultad de Humanidades)<\/td>\n<\/tr>\n<tr>\n<td style=\"text-align: center;\" width=\"181\"><strong>1 junio 2018<br \/>\n<\/strong>2:00-6:00<\/td>\n<td style=\"text-align: center;\" width=\"162\"><strong>Complejo deportivo<\/strong><\/td>\n<td width=\"290\">\n<p style=\"text-align: center;\"><strong>Calcio all\u2019italiana<br \/>\n<\/strong>(Pier Jolie Lecompte y Tommaso Pensato)<\/p>\n<\/td>\n<\/tr>\n<\/tbody>\n<\/table>\n<p>&nbsp;<\/p>\n","protected":false},"excerpt":{"rendered":"<p>P\u00e1gina actualizada el\u00a07 febrero 2019 Fecha Lugar Actividad 17 abril 2018 11:30-2:30 Sala A Expolenguas 2018 estudiantes puertorrique\u00f1os en el extranjero + la Alianza Francesa presenta Campus France 19 abril 2018 6:00pm-9:00pm Anfi 1 de Educaci\u00f3n Soir\u00e9e francophone (Monique Scheuer y OLE, estudiantes, profes y asistentes de 1er a\u00f1o de franc\u00e9s) 27 abril 2018 1:00-2:30pm [&hellip;]<\/p>\n","protected":false},"author":2,"featured_media":0,"parent":2163,"menu_order":0,"comment_status":"closed","ping_status":"closed","template":"full-width.php","meta":{"footnotes":""},"class_list":["post-2170","page","type-page","status-publish","hentry"],"_links":{"self":[{"href":"https:\/\/humanidades.uprrp.edu\/lenguas\/index.php\/wp-json\/wp\/v2\/pages\/2170","targetHints":{"allow":["GET"]}}],"collection":[{"href":"https:\/\/humanidades.uprrp.edu\/lenguas\/index.php\/wp-json\/wp\/v2\/pages"}],"about":[{"href":"https:\/\/humanidades.uprrp.edu\/lenguas\/index.php\/wp-json\/wp\/v2\/types\/page"}],"author":[{"embeddable":true,"href":"https:\/\/humanidades.uprrp.edu\/lenguas\/index.php\/wp-json\/wp\/v2\/users\/2"}],"replies":[{"embeddable":true,"href":"https:\/\/humanidades.uprrp.edu\/lenguas\/index.php\/wp-json\/wp\/v2\/comments?post=2170"}],"version-history":[{"count":4,"href":"https:\/\/humanidades.uprrp.edu\/lenguas\/index.php\/wp-json\/wp\/v2\/pages\/2170\/revisions"}],"predecessor-version":[{"id":2238,"href":"https:\/\/humanidades.uprrp.edu\/lenguas\/index.php\/wp-json\/wp\/v2\/pages\/2170\/revisions\/2238"}],"up":[{"embeddable":true,"href":"https:\/\/humanidades.uprrp.edu\/lenguas\/index.php\/wp-json\/wp\/v2\/pages\/2163"}],"wp:attachment":[{"href":"https:\/\/humanidades.uprrp.edu\/lenguas\/index.php\/wp-json\/wp\/v2\/media?parent=2170"}],"curies":[{"name":"wp","href":"https:\/\/api.w.org\/{rel}","templated":true}]}}