{"id":2167,"date":"2019-02-06T18:35:37","date_gmt":"2019-02-06T18:35:37","guid":{"rendered":"https:\/\/humanidades.uprrp.edu\/lenguas\/?page_id=2167"},"modified":"2019-02-07T04:57:06","modified_gmt":"2019-02-07T04:57:06","slug":"actividades-agosto-diciembre-2018","status":"publish","type":"page","link":"https:\/\/humanidades.uprrp.edu\/lenguas\/index.php\/actividades\/actividades-pasadas\/actividades-agosto-diciembre-2018\/","title":{"rendered":"Actividades \u2014 Agosto-Diciembre 2018"},"content":{"rendered":"<p><span style=\"color: #666699;\"><strong>P\u00e1gina actualizada el\u00a06\u00a0enero 2019<\/strong><\/span><\/p>\n<table>\n<tbody>\n<tr>\n<td width=\"181\">\n<p style=\"text-align: center;\"><strong>Fecha<\/strong><\/p>\n<\/td>\n<td style=\"text-align: center;\" width=\"138\"><strong>Lugar<\/strong><\/td>\n<td style=\"text-align: center;\" width=\"314\"><strong>Actividad<\/strong><\/td>\n<\/tr>\n<tr>\n<td style=\"text-align: center;\" width=\"181\"><strong>25 septiembre 2018<br \/>\n<\/strong>2:00-3:00pm<\/td>\n<td style=\"text-align: center;\" width=\"138\"><strong>Sala A<\/strong><\/td>\n<td width=\"314\">\n<p style=\"text-align: center;\"><strong><a href=\"https:\/\/drive.google.com\/open?id=1YQEjRLT9sKyCPONw6PUsarh4oW61aWGI\">Presentaci\u00f3n de los Boren Awards<\/a><br \/>\n<\/strong>(Kyle Cox, Institute of Int\u2019l Education)<\/p>\n<\/td>\n<\/tr>\n<tr>\n<td width=\"181\">\n<p style=\"text-align: center;\"><strong>11 octubre 2018<br \/>\n<\/strong>2:30am-4:00pm<\/p>\n<\/td>\n<td style=\"text-align: center;\" width=\"138\"><strong>Sala A<br \/>\n<\/strong><\/td>\n<td style=\"text-align: center;\" width=\"314\"><strong><a href=\"https:\/\/drive.google.com\/open?id=1OLozS-xIp-0dbV-8npZdbXpYBfU8vc11\">La traducci\u00f3n en organismos internacionales<\/a><br \/>\n<\/strong>(Dr. Adr\u00edan Fuentes y Programa Graduado de Traducci\u00f3n)<\/td>\n<\/tr>\n<tr>\n<td style=\"text-align: center;\" width=\"181\"><strong>7\u00a0noviembre 2018<br \/>\n<\/strong>11:30am-12:50pm<\/td>\n<td style=\"text-align: center;\" width=\"138\"><strong>LPM 123<\/strong><\/td>\n<td width=\"314\">\n<p style=\"text-align: center;\"><strong><a href=\"https:\/\/humanidades.uprrp.edu\/lenguas\/index.php\/actividades\/en-aleman\/orientacion-internados-en-alemania\/\">Orientaci\u00f3n sobre internados en Alemania<\/a><\/strong><\/p>\n<\/td>\n<\/tr>\n<tr>\n<td style=\"text-align: center;\" width=\"181\"><strong>14-15 noviembre 2018<br \/>\n<\/strong>9:00am-12:00pm<\/td>\n<td style=\"text-align: center;\" width=\"138\"><strong>Centro\u00a0de estudiantes<\/strong><\/td>\n<td width=\"314\">\n<p style=\"text-align: center;\"><strong><a href=\"https:\/\/humanidades.uprrp.edu\/lenguas\/index.php\/actividades\/otras-actividades\/casa-abierta\/\">Casa Abierta<\/a><br \/>\n<\/strong>(Facultad de Humanidades y OLE)<\/p>\n<\/td>\n<\/tr>\n<tr>\n<td style=\"text-align: center;\" width=\"181\"><strong>5 diciembre 2018<br \/>\n<\/strong>11:30am-12:30pm<\/td>\n<td style=\"text-align: center;\" width=\"138\"><strong>Plaza Antonia<\/strong><\/td>\n<td width=\"314\">\n<p style=\"text-align: center;\"><strong><a href=\"https:\/\/humanidades.uprrp.edu\/lenguas\/index.php\/fiesta-de-san-nicolas\/\">Fiesta de San Nicol\u00e1s<\/a><br \/>\n<\/strong>Canciones de Navidad<strong><br \/>\n<\/strong>(OLE; estudiantes, asistentes y profesores de primer a\u00f1o)<\/p>\n<\/td>\n<\/tr>\n<\/tbody>\n<\/table>\n","protected":false},"excerpt":{"rendered":"<p>P\u00e1gina actualizada el\u00a06\u00a0enero 2019 Fecha Lugar Actividad 25 septiembre 2018 2:00-3:00pm Sala A Presentaci\u00f3n de los Boren Awards (Kyle Cox, Institute of Int\u2019l Education) 11 octubre 2018 2:30am-4:00pm Sala A La traducci\u00f3n en organismos internacionales (Dr. Adr\u00edan Fuentes y Programa Graduado de Traducci\u00f3n) 7\u00a0noviembre 2018 11:30am-12:50pm LPM 123 Orientaci\u00f3n sobre internados en Alemania 14-15 noviembre [&hellip;]<\/p>\n","protected":false},"author":2,"featured_media":0,"parent":2163,"menu_order":0,"comment_status":"closed","ping_status":"closed","template":"full-width.php","meta":{"footnotes":""},"class_list":["post-2167","page","type-page","status-publish","hentry"],"_links":{"self":[{"href":"https:\/\/humanidades.uprrp.edu\/lenguas\/index.php\/wp-json\/wp\/v2\/pages\/2167","targetHints":{"allow":["GET"]}}],"collection":[{"href":"https:\/\/humanidades.uprrp.edu\/lenguas\/index.php\/wp-json\/wp\/v2\/pages"}],"about":[{"href":"https:\/\/humanidades.uprrp.edu\/lenguas\/index.php\/wp-json\/wp\/v2\/types\/page"}],"author":[{"embeddable":true,"href":"https:\/\/humanidades.uprrp.edu\/lenguas\/index.php\/wp-json\/wp\/v2\/users\/2"}],"replies":[{"embeddable":true,"href":"https:\/\/humanidades.uprrp.edu\/lenguas\/index.php\/wp-json\/wp\/v2\/comments?post=2167"}],"version-history":[{"count":8,"href":"https:\/\/humanidades.uprrp.edu\/lenguas\/index.php\/wp-json\/wp\/v2\/pages\/2167\/revisions"}],"predecessor-version":[{"id":2224,"href":"https:\/\/humanidades.uprrp.edu\/lenguas\/index.php\/wp-json\/wp\/v2\/pages\/2167\/revisions\/2224"}],"up":[{"embeddable":true,"href":"https:\/\/humanidades.uprrp.edu\/lenguas\/index.php\/wp-json\/wp\/v2\/pages\/2163"}],"wp:attachment":[{"href":"https:\/\/humanidades.uprrp.edu\/lenguas\/index.php\/wp-json\/wp\/v2\/media?parent=2167"}],"curies":[{"name":"wp","href":"https:\/\/api.w.org\/{rel}","templated":true}]}}