{"id":214,"date":"2016-07-18T04:09:30","date_gmt":"2016-07-18T03:09:30","guid":{"rendered":"https:\/\/lenguasuprrp.wordpress.com\/?page_id=214"},"modified":"2021-07-01T22:04:06","modified_gmt":"2021-07-01T22:04:06","slug":"arabe","status":"publish","type":"page","link":"https:\/\/humanidades.uprrp.edu\/lenguas\/index.php\/curriculo\/cursos\/arabe\/","title":{"rendered":"Cursos de \u00e1rabe"},"content":{"rendered":"<p><strong><span style=\"color: #333399;\">P\u00e1gina actualizada el\u00a01 julio 2021<\/span><\/strong><\/p>\n<p><a href=\"https:\/\/drive.google.com\/file\/d\/1MrGlSjrDK6BhC1N8EZlYeWsp10gWZ_1k\/view?usp=sharing\"><strong>ARAB 3015 \u00c1rabe como instrumento de investigaci\u00f3n I<\/strong><\/a> (3 horas &#8211; 3 crs)<\/p>\n<p>Curso introductorio de \u00e1rabe moderno est\u00e1ndar para estudiantes con enfoques o intereses de investigaci\u00f3n que requieran un conocimiento b\u00e1sico del \u00e1rabe. A partir de la lectura y an\u00e1lisis de fuentes selectas tanto originales como adaptadas por motivos pedag\u00f3gicos, se estudiar\u00e1n nociones fundamentales de gram\u00e1tica \u00e1rabe, as\u00ed como de morfolog\u00eda nominal y verbal del \u00e1rabe moderno.\u00a0 Se enfatizar\u00e1 la adquisici\u00f3n de vocabulario para leer textos b\u00e1sicos y utilizar recursos de consulta filol\u00f3gica. Asimismo, para complementar el estudio gramatical del \u00e1rabe moderno est\u00e1ndar, veremos pel\u00edculas \u00e1rabes contempor\u00e1neas.<\/p>\n<p>*<a href=\"https:\/\/drive.google.com\/open?id=0Bw7H21T0R4IxTTZtSXgxZUlUNXc\"><strong>ARAB 3001 \u00c1rabe I<\/strong><\/a>\u00a0(5 horas &#8211; 3 crs.)<br \/>\nEste curso est\u00e1 dirigido a estudiantes principiantes y est\u00e1 enfocado en aprendizaje del \u00e1rabe como idioma extranjero\u00a0 a trav\u00e9s de la pr\u00e1ctica de las cuatro destrezas\u00a0 funcionales de la lengua\u00a0 \u00e1rabe: la comprensi\u00f3n auditiva, la expresi\u00f3n oral, la lectura, la expresi\u00f3n escrita.\u00a0 Se abordar\u00e1 la adquisici\u00f3n b\u00e1sica de la lengua desde la perspectiva de la diversidad y su dimensi\u00f3n hist\u00f3rica y cultural.<\/p>\n<p>*<a href=\"https:\/\/drive.google.com\/open?id=0Bw7H21T0R4IxWlFWaWJwckZ2RVU\"><strong>ARAB 3002 \u00c1rabe II<\/strong><\/a><b>\u00a0<\/b>(5 horas &#8211; 3 crs.)<strong><br \/>\n<\/strong>(Prerrequisito: ARAB 3001) Curso de aprendizaje del \u00e1rabe como idioma extranjero y como una dimensi\u00f3n hist\u00f3rica y cultural, con sus particularidades y sus diferencias. Se desarrollar\u00e1n las habilidades y destrezas aprendidas en el curso b\u00e1sico I de \u00e1rabe. Se aplicaran en manejo de lo conversacional y lo escrito.<\/p>\n","protected":false},"excerpt":{"rendered":"<p>P\u00e1gina actualizada el\u00a01 julio 2021 ARAB 3015 \u00c1rabe como instrumento de investigaci\u00f3n I (3 horas &#8211; 3 crs) Curso introductorio de \u00e1rabe moderno est\u00e1ndar para estudiantes con enfoques o intereses de investigaci\u00f3n que requieran un conocimiento b\u00e1sico del \u00e1rabe. A partir de la lectura y an\u00e1lisis de fuentes selectas tanto originales como adaptadas por motivos [&hellip;]<\/p>\n","protected":false},"author":2,"featured_media":0,"parent":177,"menu_order":0,"comment_status":"closed","ping_status":"closed","template":"full-width.php","meta":{"footnotes":""},"class_list":["post-214","page","type-page","status-publish","hentry"],"_links":{"self":[{"href":"https:\/\/humanidades.uprrp.edu\/lenguas\/index.php\/wp-json\/wp\/v2\/pages\/214","targetHints":{"allow":["GET"]}}],"collection":[{"href":"https:\/\/humanidades.uprrp.edu\/lenguas\/index.php\/wp-json\/wp\/v2\/pages"}],"about":[{"href":"https:\/\/humanidades.uprrp.edu\/lenguas\/index.php\/wp-json\/wp\/v2\/types\/page"}],"author":[{"embeddable":true,"href":"https:\/\/humanidades.uprrp.edu\/lenguas\/index.php\/wp-json\/wp\/v2\/users\/2"}],"replies":[{"embeddable":true,"href":"https:\/\/humanidades.uprrp.edu\/lenguas\/index.php\/wp-json\/wp\/v2\/comments?post=214"}],"version-history":[{"count":9,"href":"https:\/\/humanidades.uprrp.edu\/lenguas\/index.php\/wp-json\/wp\/v2\/pages\/214\/revisions"}],"predecessor-version":[{"id":3041,"href":"https:\/\/humanidades.uprrp.edu\/lenguas\/index.php\/wp-json\/wp\/v2\/pages\/214\/revisions\/3041"}],"up":[{"embeddable":true,"href":"https:\/\/humanidades.uprrp.edu\/lenguas\/index.php\/wp-json\/wp\/v2\/pages\/177"}],"wp:attachment":[{"href":"https:\/\/humanidades.uprrp.edu\/lenguas\/index.php\/wp-json\/wp\/v2\/media?parent=214"}],"curies":[{"name":"wp","href":"https:\/\/api.w.org\/{rel}","templated":true}]}}