{"id":2139,"date":"2019-02-06T13:20:51","date_gmt":"2019-02-06T13:20:51","guid":{"rendered":"https:\/\/humanidades.uprrp.edu\/lenguas\/?page_id=2139"},"modified":"2019-03-22T14:11:53","modified_gmt":"2019-03-22T14:11:53","slug":"droits-de-lhomme-en-bd","status":"publish","type":"page","link":"https:\/\/humanidades.uprrp.edu\/lenguas\/index.php\/actividades\/en-frances\/droits-de-lhomme-en-bd\/","title":{"rendered":"La D\u00e9claration Universelle des Droits de l&#8217;Homme en bandes dessin\u00e9es"},"content":{"rendered":"<table>\n<tbody>\n<tr>\n<td width=\"312\">\u00a0<img loading=\"lazy\" decoding=\"async\" class=\"aligncenter size-medium wp-image-2250\" src=\"https:\/\/humanidades.uprrp.edu\/lenguas\/wp-content\/uploads\/2019\/02\/Promo-Spirou-final-232x300.png\" alt=\"\" width=\"232\" height=\"300\" srcset=\"https:\/\/humanidades.uprrp.edu\/lenguas\/wp-content\/uploads\/2019\/02\/Promo-Spirou-final-232x300.png 232w, https:\/\/humanidades.uprrp.edu\/lenguas\/wp-content\/uploads\/2019\/02\/Promo-Spirou-final-768x994.png 768w, https:\/\/humanidades.uprrp.edu\/lenguas\/wp-content\/uploads\/2019\/02\/Promo-Spirou-final-791x1024.png 791w, https:\/\/humanidades.uprrp.edu\/lenguas\/wp-content\/uploads\/2019\/02\/Promo-Spirou-final-314x406.png 314w\" sizes=\"auto, (max-width: 232px) 100vw, 232px\" \/><\/td>\n<td width=\"312\">La Alliance Fran\u00e7aise de Puerto Rico acoge una exposici\u00f3n de tirillas c\u00f3micas para conmemorar los 70 a\u00f1os de la Declaraci\u00f3n universal de los derechos humanos. Esta Declaraci\u00f3n fue redactada al terminar la Segunda Guerra Mundial, y como texto fundador sigue teniendo la pertinencia que ten\u00eda en el 1948.<\/td>\n<\/tr>\n<\/tbody>\n<\/table>\n<p>Esta iniciativa se da tras asociarse el Alto Comisario de las Naciones Unidas para los Derechos Humanos y el peri\u00f3dico Spirou, de las ediciones Dupuis, con el fin de realizar una edici\u00f3n especial que sali\u00f3 el 10 de octubre de 2018, acompa\u00f1ada de una exposici\u00f3n, #spirou4rights, dedicada a la Declaraci\u00f3n. Algunos de los artistas m\u00e1s talentosos de tirillas c\u00f3micas se unieron a este llamado para darle voz a este texto universal, abordando temas serios y esenciales con humor y emoci\u00f3n.<\/p>\n<p>La exposici\u00f3n cuenta con 37 paneles que fueron dise\u00f1ados a partir de planchas de dibujos extra\u00eddos de una edici\u00f3n especial de Spirou, en los que los 30 art\u00edculos de la Declaraci\u00f3n se ven ilustrados. Esta exposici\u00f3n fue inaugurada a principios de octubre de 2018 en la sede de la ONU en Ginebra.<\/p>\n<p>El Departamento de Lenguas Extranjeras y el Departamento de Historia del Arte se suman a esta colaboraci\u00f3n internacional para traer a la Galer\u00eda Francisco Oller esta exposici\u00f3n de arte y de conciencia humana.<\/p>\n<p>A continuaci\u00f3n los paneles traducidos al espa\u00f1ol:<\/p>\n<table>\n<tbody>\n<tr>\n<td width=\"125\"><a href=\"https:\/\/drive.google.com\/open?id=1R_pYA8yLfa_Xx91c6lX0I2sBLnkN_J5z\">Inicio 1<\/a><\/td>\n<td width=\"125\"><a href=\"https:\/\/drive.google.com\/open?id=15-AjshhG2xpwV1kw45xc2zeiBm72BxZd\">Inicio 2<\/a><\/td>\n<td width=\"125\"><a href=\"https:\/\/drive.google.com\/open?id=1UWBGpZunQ4F1wDimC0OQrwMgITetow4k\">Inicio 3<\/a><\/td>\n<td width=\"125\"><\/td>\n<td width=\"125\"><\/td>\n<\/tr>\n<tr>\n<td width=\"125\"><a href=\"https:\/\/drive.google.com\/open?id=1c7EyrkG_3KT7sTNVLIyWPuALmRB3YP6P\">Art\u00edculo 1<\/a><\/td>\n<td width=\"125\"><a href=\"https:\/\/drive.google.com\/open?id=1LY-4j7w0ph-RDMBM7FxUkAlbrAew0lF2\">Art\u00edculo 2<\/a><\/td>\n<td width=\"125\"><a href=\"https:\/\/drive.google.com\/open?id=11-Kz7SkPZK8CWSRgYC7FSteh2dE43lxc\">Art\u00edculo 3<\/a><\/td>\n<td width=\"125\"><a href=\"https:\/\/drive.google.com\/open?id=1ucgzWDlOv0JYGBDyR9i4J8k2ccE1UDgv\">Art\u00edculo\u00a04<\/a><\/td>\n<td width=\"125\"><a href=\"https:\/\/drive.google.com\/open?id=1i5kzDQNwqsX3IS5rVPhT97lmjdpKor_7\">Art\u00edculo\u00a05<\/a><\/td>\n<\/tr>\n<tr>\n<td width=\"125\"><a href=\"https:\/\/drive.google.com\/open?id=1093ry_4NoYNxjtns3uPhhittoCZn1GA_\">Art\u00edculo\u00a06<\/a><\/td>\n<td width=\"125\"><a href=\"https:\/\/drive.google.com\/open?id=1R7Sl2ohg3duUejgy02G-fM8mW6HaOU1t\">Art\u00edculo\u00a07<\/a><\/td>\n<td width=\"125\"><a href=\"https:\/\/drive.google.com\/open?id=1KTyl23v_RanbVsABIwOQxGQUJmt54EJL\">Art\u00edculo\u00a08<\/a><\/td>\n<td width=\"125\"><a href=\"https:\/\/drive.google.com\/open?id=10ZXWOg3oGLmEXudLYvbu3R8uP15_1R6t\">Art\u00edculo\u00a09<\/a><\/td>\n<td width=\"125\"><a href=\"https:\/\/drive.google.com\/open?id=1Ud-LciGHdaOhi6-Rowoglzxvtpvi9p8m\">Art\u00edculo\u00a010<\/a><\/td>\n<\/tr>\n<tr>\n<td width=\"125\"><a href=\"https:\/\/drive.google.com\/open?id=14rKb_jKaeDHFiQu55kEATVTn21s-qzah\">Art\u00edculo\u00a011<\/a><\/td>\n<td width=\"125\"><a href=\"https:\/\/drive.google.com\/open?id=1vvP_8Y1NJILXljITFl1Po9yFsdLMCSOE\">Art\u00edculo\u00a012<\/a><\/td>\n<td width=\"125\"><a href=\"https:\/\/drive.google.com\/open?id=1ERQNkIYxMDIcRvjAcOuFKDb6K7Hb6P64\">Art\u00edculo\u00a013<\/a><\/td>\n<td width=\"125\"><a href=\"https:\/\/drive.google.com\/open?id=1pD6Z4sg2EABheCwpg4uJJiktJFRUBLRu\">Art\u00edculo\u00a014<\/a><\/td>\n<td width=\"125\"><a href=\"https:\/\/drive.google.com\/open?id=1n2M4S9eIT-TxpPqpHN3FoxFNKHpc_CdR\">Art\u00edculo\u00a015<\/a><\/td>\n<\/tr>\n<tr>\n<td width=\"125\"><a href=\"https:\/\/drive.google.com\/open?id=1xr7EEhIKIV0kYdPkuHHp-scWXL5Dut9v\">Art\u00edculo\u00a016<\/a><\/td>\n<td width=\"125\"><a href=\"https:\/\/drive.google.com\/open?id=11zoGrDvszXLYXsMpxt3CJ-HpkFXd-xwf\">Art\u00edculo\u00a017<\/a><\/td>\n<td width=\"125\"><a href=\"https:\/\/drive.google.com\/open?id=1kYmMJAlTLlxTqmR4BAfgFFMNlrPYI1JZ\">Art\u00edculo\u00a018<\/a><\/td>\n<td width=\"125\"><a href=\"https:\/\/drive.google.com\/open?id=1X9ne87nKXahKVOr7YQ-V1zXyfLdiQIMY\">Art\u00edculo\u00a019<\/a><\/td>\n<td width=\"125\"><a href=\"https:\/\/drive.google.com\/open?id=1gm19sRSgWRL_yPo79hW_KZ_5sbitnthV\">Art\u00edculo\u00a020<\/a><\/td>\n<\/tr>\n<tr>\n<td width=\"125\"><a href=\"https:\/\/drive.google.com\/open?id=13d8W21hxXhodsbWQ1hH9D97GMQa7RPyT\">Art\u00edculo\u00a021<\/a><\/td>\n<td width=\"125\"><a href=\"https:\/\/drive.google.com\/open?id=1FdYnVqEM7c9OH6uopD7lEpi_3yTIVl8V\">Art\u00edculo\u00a022<\/a><\/td>\n<td width=\"125\"><a href=\"https:\/\/drive.google.com\/open?id=15j6jTM1hh1cSuHDxbuIGOw89yiSp5MKw\">Art\u00edculo\u00a023<\/a><\/td>\n<td width=\"125\"><a href=\"https:\/\/drive.google.com\/open?id=1nSFqeVOpAOOgym0lgP6akPyKBSZzZcRE\">Art\u00edculo\u00a024<\/a><\/td>\n<td width=\"125\"><a href=\"https:\/\/drive.google.com\/open?id=1qybAYvGWrJdZgl8MgnrZdiUNSObVOJc3\">Art\u00edculo\u00a025<\/a><\/td>\n<\/tr>\n<tr>\n<td width=\"125\"><a href=\"https:\/\/drive.google.com\/open?id=1DscQWj07yzWOKpJcaEVIfud77JmJSTRz\">Art\u00edculo\u00a026<\/a><\/td>\n<td width=\"125\"><a href=\"https:\/\/drive.google.com\/open?id=1HecO-bcN89NwtTHwDnOlyRqmCAmgmlQH\">Art\u00edculo\u00a027<\/a><\/td>\n<td width=\"125\"><a href=\"https:\/\/drive.google.com\/open?id=1tIyT3KYsc4WywF0TE4bJc2WgBZrwAGvo\">Art\u00edculo\u00a028<\/a><\/td>\n<td width=\"125\"><a href=\"https:\/\/drive.google.com\/open?id=1kfLeSnGYJGewDWvyqkvtLlAja1YXfCpg\">Art\u00edculo\u00a029<\/a><\/td>\n<td width=\"125\"><a href=\"https:\/\/drive.google.com\/open?id=1h_9z_u4ITz0aPcwyCD4OAoqwSrfFhRib\">Art\u00edculo\u00a030<\/a><\/td>\n<\/tr>\n<tr>\n<td width=\"125\"><a href=\"https:\/\/drive.google.com\/open?id=1BM6CC9ZzRxnyDzOwPhg_-a1q6apKHOYQ\">Final\u00a01<\/a><\/td>\n<td width=\"125\"><a href=\"https:\/\/drive.google.com\/open?id=1eXHaLo1cXPk9JXw9Cryzy2VKaE27tq0i\">Final\u00a02<\/a><\/td>\n<td width=\"125\"><a href=\"https:\/\/drive.google.com\/open?id=12ww1yJrtpF1YRuEk8DdXY1muN-zMIaCl\">Final\u00a03<\/a><\/td>\n<td width=\"125\"><a href=\"https:\/\/drive.google.com\/open?id=13_aQoDdV6xZ6Bqw8NWOXukKTpr53c1nx\">Final\u00a04<\/a><\/td>\n<td width=\"125\"><\/td>\n<\/tr>\n<\/tbody>\n<\/table>\n<p>&nbsp;<\/p>\n","protected":false},"excerpt":{"rendered":"<p>\u00a0 La Alliance Fran\u00e7aise de Puerto Rico acoge una exposici\u00f3n de tirillas c\u00f3micas para conmemorar los 70 a\u00f1os de la Declaraci\u00f3n universal de los derechos humanos. Esta Declaraci\u00f3n fue redactada al terminar la Segunda Guerra Mundial, y como texto fundador sigue teniendo la pertinencia que ten\u00eda en el 1948. Esta iniciativa se da tras asociarse [&hellip;]<\/p>\n","protected":false},"author":2,"featured_media":0,"parent":257,"menu_order":0,"comment_status":"closed","ping_status":"closed","template":"full-width.php","meta":{"footnotes":""},"class_list":["post-2139","page","type-page","status-publish","hentry"],"_links":{"self":[{"href":"https:\/\/humanidades.uprrp.edu\/lenguas\/index.php\/wp-json\/wp\/v2\/pages\/2139","targetHints":{"allow":["GET"]}}],"collection":[{"href":"https:\/\/humanidades.uprrp.edu\/lenguas\/index.php\/wp-json\/wp\/v2\/pages"}],"about":[{"href":"https:\/\/humanidades.uprrp.edu\/lenguas\/index.php\/wp-json\/wp\/v2\/types\/page"}],"author":[{"embeddable":true,"href":"https:\/\/humanidades.uprrp.edu\/lenguas\/index.php\/wp-json\/wp\/v2\/users\/2"}],"replies":[{"embeddable":true,"href":"https:\/\/humanidades.uprrp.edu\/lenguas\/index.php\/wp-json\/wp\/v2\/comments?post=2139"}],"version-history":[{"count":17,"href":"https:\/\/humanidades.uprrp.edu\/lenguas\/index.php\/wp-json\/wp\/v2\/pages\/2139\/revisions"}],"predecessor-version":[{"id":2370,"href":"https:\/\/humanidades.uprrp.edu\/lenguas\/index.php\/wp-json\/wp\/v2\/pages\/2139\/revisions\/2370"}],"up":[{"embeddable":true,"href":"https:\/\/humanidades.uprrp.edu\/lenguas\/index.php\/wp-json\/wp\/v2\/pages\/257"}],"wp:attachment":[{"href":"https:\/\/humanidades.uprrp.edu\/lenguas\/index.php\/wp-json\/wp\/v2\/media?parent=2139"}],"curies":[{"name":"wp","href":"https:\/\/api.w.org\/{rel}","templated":true}]}}