{"id":211,"date":"2016-07-18T04:08:52","date_gmt":"2016-07-18T03:08:52","guid":{"rendered":"https:\/\/lenguasuprrp.wordpress.com\/?page_id=211"},"modified":"2021-02-19T18:55:02","modified_gmt":"2021-02-19T18:55:02","slug":"ruso","status":"publish","type":"page","link":"https:\/\/humanidades.uprrp.edu\/lenguas\/index.php\/curriculo\/cursos\/ruso\/","title":{"rendered":"Cursos de ruso"},"content":{"rendered":"<p><span style=\"color: #666699;\"><strong>P\u00e1gina actualizada el 19\u00a0febrero 2021<\/strong><\/span><\/p>\n<p><strong>*\u00a0<a href=\"https:\/\/drive.google.com\/open?id=0Bw7H21T0R4IxT2JHbFhRTkJlYUk\">RUSO 3001 Ruso intensivo I <\/a><\/strong>(5 horas &#8211; 3 crs.)<strong>\u00a0<\/strong><br \/>\nCurso elemental de ruso. Ejercicios de gram\u00e1tica, lectura y conversaci\u00f3n. Pr\u00e1ctica de la redacci\u00f3n.<br \/>\nCorrequisito: <strong>RUSO 3004 \u2013 Laboratorio de ruso intensivo I<\/strong> (2.5 horas \u2013 0 crs.)<\/p>\n<p><strong>*\u00a0<a href=\"https:\/\/drive.google.com\/open?id=0Bw7H21T0R4IxbWdPdlFhY0ptakU\">RUSO 3002 Ruso intensivo II <\/a><\/strong>(5 horas &#8211; 3 crs.)<br \/>\n(Prerrequisito: RUSO 3001) Curso elemental de ruso.\u00a0 Ejercicios de gram\u00e1tica, lectura y conversaci\u00f3n.\u00a0 Pr\u00e1ctica de la redacci\u00f3n.<br \/>\nCorrequisito: <strong>RUSO 3005 \u2013 Laboratorio de ruso intensivo II<\/strong> (2.5 horas \u2013 0 crs.)<\/p>\n<p><a href=\"https:\/\/drive.google.com\/open?id=0Bw7H21T0R4IxZW9nMGtIMXFRY0E\"><strong>RUSO 3003 Ruso Intensivo III <\/strong><\/a>(3 crs.)<br \/>\n(Prerrequisito: RUSO 3002 o su equivalente) Repaso y ampliaci\u00f3n de la gram\u00e1tica rusa. Pr\u00e1ctica de redacci\u00f3n y de conversaci\u00f3n. Lectura, traducci\u00f3n y explicaci\u00f3n de textos.<\/p>\n<p><strong>*\u00a0<a href=\"https:\/\/drive.google.com\/open?id=0Bw7H21T0R4IxX0FPZFUyYmRIVE0\">RUSO 4216 Estudio avanzado &#8211; Ruso intermedio avanzado <\/a><\/strong>(3 crs.)<strong><br \/>\n<\/strong>(Prerrequisito: RUSO 3003) Este es un curso de ruso intermedio y a la literatura rusa para estudiantes de nivel intermedio-avanzado. El curso le ofrece al estudiante un conocimiento intermedio de la gram\u00e1tica rusa, al igual que unas destrezas conversacionales intermedias, que le permitir\u00e1n apreciar la literatura, historia y cultura rusa y el modo de pensar del pueblo ruso.<\/p>\n<p><strong><a href=\"https:\/\/drive.google.com\/open?id=1fQCf7x7_Xo44vOPHNqTxVAEwr5EDIpAx\">RUSO 4216 Estudio avanzado &#8211; Ruso avanzado I<\/a>\u00a0<\/strong>(3 crs.)<strong><br \/>\n<\/strong>(Prerrequisito: Ruso intermedio avanzado)\u00a0Este es un curso avanzado a la lengua rusa. El curso le ofrece al estudiante un conocimiento avanzado de la gram\u00e1tica rusa, al igual que unas destrezas conversacionales mas s\u00f3lidas, que le permitir\u00e1n apreciar la cultura rusa y el modo de pensar del pueblo ruso.<\/p>\n<p><strong>RUSO 4216 Estudio avanzado en ruso <\/strong>(3 crs.)<strong><br \/>\n<\/strong>(Prerrequisito: RUSO 3003) Desarrollo de destrezas comunicativas a nivel avanzado. El contenido del curso puede variar cada vez que se ofrezca.<\/p>\n","protected":false},"excerpt":{"rendered":"<p>P\u00e1gina actualizada el 19\u00a0febrero 2021 *\u00a0RUSO 3001 Ruso intensivo I (5 horas &#8211; 3 crs.)\u00a0 Curso elemental de ruso. Ejercicios de gram\u00e1tica, lectura y conversaci\u00f3n. Pr\u00e1ctica de la redacci\u00f3n. Correquisito: RUSO 3004 \u2013 Laboratorio de ruso intensivo I (2.5 horas \u2013 0 crs.) *\u00a0RUSO 3002 Ruso intensivo II (5 horas &#8211; 3 crs.) (Prerrequisito: RUSO [&hellip;]<\/p>\n","protected":false},"author":2,"featured_media":0,"parent":177,"menu_order":0,"comment_status":"closed","ping_status":"closed","template":"full-width.php","meta":{"footnotes":""},"class_list":["post-211","page","type-page","status-publish","hentry"],"_links":{"self":[{"href":"https:\/\/humanidades.uprrp.edu\/lenguas\/index.php\/wp-json\/wp\/v2\/pages\/211","targetHints":{"allow":["GET"]}}],"collection":[{"href":"https:\/\/humanidades.uprrp.edu\/lenguas\/index.php\/wp-json\/wp\/v2\/pages"}],"about":[{"href":"https:\/\/humanidades.uprrp.edu\/lenguas\/index.php\/wp-json\/wp\/v2\/types\/page"}],"author":[{"embeddable":true,"href":"https:\/\/humanidades.uprrp.edu\/lenguas\/index.php\/wp-json\/wp\/v2\/users\/2"}],"replies":[{"embeddable":true,"href":"https:\/\/humanidades.uprrp.edu\/lenguas\/index.php\/wp-json\/wp\/v2\/comments?post=211"}],"version-history":[{"count":10,"href":"https:\/\/humanidades.uprrp.edu\/lenguas\/index.php\/wp-json\/wp\/v2\/pages\/211\/revisions"}],"predecessor-version":[{"id":2933,"href":"https:\/\/humanidades.uprrp.edu\/lenguas\/index.php\/wp-json\/wp\/v2\/pages\/211\/revisions\/2933"}],"up":[{"embeddable":true,"href":"https:\/\/humanidades.uprrp.edu\/lenguas\/index.php\/wp-json\/wp\/v2\/pages\/177"}],"wp:attachment":[{"href":"https:\/\/humanidades.uprrp.edu\/lenguas\/index.php\/wp-json\/wp\/v2\/media?parent=211"}],"curies":[{"name":"wp","href":"https:\/\/api.w.org\/{rel}","templated":true}]}}