{"id":1971,"date":"2018-08-27T19:53:43","date_gmt":"2018-08-27T19:53:43","guid":{"rendered":"https:\/\/humanidades.uprrp.edu\/lenguas\/?page_id=1971"},"modified":"2019-06-13T18:27:22","modified_gmt":"2019-06-13T18:27:22","slug":"componente-de-investigacion","status":"publish","type":"page","link":"https:\/\/humanidades.uprrp.edu\/lenguas\/index.php\/curriculo\/secuencias\/componente-de-investigacion\/","title":{"rendered":"Componente de investigaci\u00f3n"},"content":{"rendered":"<p><span style=\"color: #333399;\"><strong>P\u00e1gina actualizada el\u00a027 agosto 2018<\/strong><\/span><\/p>\n<p>Todo estudiante del Bachillerato en Lenguas Modernas &#8211; Lengua \u00danica\u00a0&#8211;sea de <strong>Estudios franc\u00f3fonos<\/strong>, <strong>italianos<\/strong> o <strong>lus\u00f3fonos<\/strong>&#8212;\u00a0debe tomar por lo menos un curso avanzado que\u00a0incluya un componente de investigaci\u00f3n. Puede ser un curso de cualquier tema (literatura, ling\u00fc\u00edstica, cultura, cine, did\u00e1ctica, etc.)\u00a0siempre y cuando\u00a0culmine en\u00a0un trabajo de investigaci\u00f3n.<\/p>\n<p>Al finalizar el curso, el estudiante obtendr\u00e1 un <strong>Certificado de investigaci\u00f3n<\/strong>. El estudiante mismo se encargar\u00e1 de\u00a0imprimir y llenar <strong><a href=\"https:\/\/drive.google.com\/open?id=1zyhhoTve1-nN4yinq2bJ75T-Wea5HqCA\">esta forma<\/a><\/strong>\u00a0 y\u00a0conseguir la firma de su profesor. Luego, entregar\u00e1 el certificado al Decanato Auxiliar de Asuntos Estudiantiles de la Facultad de Humanidades, que lo a\u00f1adir\u00e1 a\u00a0su expediente acad\u00e9mico.<\/p>\n<p>Aunque\u00a0un estudiante tome varios cursos con un componente de investigaci\u00f3n, solo se entregar\u00e1 un Certificado.<\/p>\n","protected":false},"excerpt":{"rendered":"<p>P\u00e1gina actualizada el\u00a027 agosto 2018 Todo estudiante del Bachillerato en Lenguas Modernas &#8211; Lengua \u00danica\u00a0&#8211;sea de Estudios franc\u00f3fonos, italianos o lus\u00f3fonos&#8212;\u00a0debe tomar por lo menos un curso avanzado que\u00a0incluya un componente de investigaci\u00f3n. Puede ser un curso de cualquier tema (literatura, ling\u00fc\u00edstica, cultura, cine, did\u00e1ctica, etc.)\u00a0siempre y cuando\u00a0culmine en\u00a0un trabajo de investigaci\u00f3n. Al finalizar el [&hellip;]<\/p>\n","protected":false},"author":2,"featured_media":0,"parent":10,"menu_order":2,"comment_status":"closed","ping_status":"closed","template":"full-width.php","meta":{"footnotes":""},"class_list":["post-1971","page","type-page","status-publish","hentry"],"_links":{"self":[{"href":"https:\/\/humanidades.uprrp.edu\/lenguas\/index.php\/wp-json\/wp\/v2\/pages\/1971","targetHints":{"allow":["GET"]}}],"collection":[{"href":"https:\/\/humanidades.uprrp.edu\/lenguas\/index.php\/wp-json\/wp\/v2\/pages"}],"about":[{"href":"https:\/\/humanidades.uprrp.edu\/lenguas\/index.php\/wp-json\/wp\/v2\/types\/page"}],"author":[{"embeddable":true,"href":"https:\/\/humanidades.uprrp.edu\/lenguas\/index.php\/wp-json\/wp\/v2\/users\/2"}],"replies":[{"embeddable":true,"href":"https:\/\/humanidades.uprrp.edu\/lenguas\/index.php\/wp-json\/wp\/v2\/comments?post=1971"}],"version-history":[{"count":4,"href":"https:\/\/humanidades.uprrp.edu\/lenguas\/index.php\/wp-json\/wp\/v2\/pages\/1971\/revisions"}],"predecessor-version":[{"id":1980,"href":"https:\/\/humanidades.uprrp.edu\/lenguas\/index.php\/wp-json\/wp\/v2\/pages\/1971\/revisions\/1980"}],"up":[{"embeddable":true,"href":"https:\/\/humanidades.uprrp.edu\/lenguas\/index.php\/wp-json\/wp\/v2\/pages\/10"}],"wp:attachment":[{"href":"https:\/\/humanidades.uprrp.edu\/lenguas\/index.php\/wp-json\/wp\/v2\/media?parent=1971"}],"curies":[{"name":"wp","href":"https:\/\/api.w.org\/{rel}","templated":true}]}}