{"id":1830,"date":"2018-03-21T13:58:25","date_gmt":"2018-03-21T13:58:25","guid":{"rendered":"https:\/\/humanidades.uprrp.edu\/lenguas\/?page_id=1830"},"modified":"2020-02-24T15:21:25","modified_gmt":"2020-02-24T15:21:25","slug":"griego","status":"publish","type":"page","link":"https:\/\/humanidades.uprrp.edu\/lenguas\/index.php\/docencia\/personal-docente\/griego\/","title":{"rendered":"Griego"},"content":{"rendered":"<p><span style=\"color: #333399;\"><strong>P\u00e1gina actualizada\u00a0en 2019<\/strong><\/span><\/p>\n<table>\n<tbody>\n<tr>\n<td colspan=\"2\" width=\"865\">\n<h3>Por contrato regular<\/h3>\n<\/td>\n<\/tr>\n<tr>\n<td rowspan=\"5\" width=\"271\">\u00a0<img loading=\"lazy\" decoding=\"async\" class=\"aligncenter size-medium wp-image-1859\" src=\"https:\/\/humanidades.uprrp.edu\/lenguas\/wp-content\/uploads\/2018\/03\/Canting-Luis2-240x300.jpg\" alt=\"\" width=\"240\" height=\"300\" srcset=\"https:\/\/humanidades.uprrp.edu\/lenguas\/wp-content\/uploads\/2018\/03\/Canting-Luis2-240x300.jpg 240w, https:\/\/humanidades.uprrp.edu\/lenguas\/wp-content\/uploads\/2018\/03\/Canting-Luis2-324x406.jpg 324w, https:\/\/humanidades.uprrp.edu\/lenguas\/wp-content\/uploads\/2018\/03\/Canting-Luis2.jpg 325w\" sizes=\"auto, (max-width: 240px) 100vw, 240px\" \/><\/td>\n<td width=\"594\"><strong>Luis Canting<\/strong>, Catedr\u00e1tico Auxiliar<\/td>\n<\/tr>\n<tr>\n<td width=\"594\">Ph.D. en filosof\u00eda, Universidad Complutense de Madrid, 2017<\/td>\n<\/tr>\n<tr>\n<td width=\"594\">\u00a0Filosof\u00eda de la religi\u00f3n y evoluci\u00f3n, el problema de Dios, filosof\u00eda del siglo XIX, \u00e9tica y pol\u00edtica en la antig\u00fcedad<\/td>\n<\/tr>\n<tr>\n<td width=\"594\">luis.canting@upr.edu<\/td>\n<\/tr>\n<tr>\n<td width=\"594\">\u00a0MJ 10:40-12:00<\/td>\n<\/tr>\n<\/tbody>\n<\/table>\n","protected":false},"excerpt":{"rendered":"<p>P\u00e1gina actualizada\u00a0en 2019 Por contrato regular \u00a0 Luis Canting, Catedr\u00e1tico Auxiliar Ph.D. en filosof\u00eda, Universidad Complutense de Madrid, 2017 \u00a0Filosof\u00eda de la religi\u00f3n y evoluci\u00f3n, el problema de Dios, filosof\u00eda del siglo XIX, \u00e9tica y pol\u00edtica en la antig\u00fcedad luis.canting@upr.edu \u00a0MJ 10:40-12:00<\/p>\n","protected":false},"author":2,"featured_media":0,"parent":8,"menu_order":0,"comment_status":"closed","ping_status":"closed","template":"full-width.php","meta":{"footnotes":""},"class_list":["post-1830","page","type-page","status-publish","hentry"],"_links":{"self":[{"href":"https:\/\/humanidades.uprrp.edu\/lenguas\/index.php\/wp-json\/wp\/v2\/pages\/1830","targetHints":{"allow":["GET"]}}],"collection":[{"href":"https:\/\/humanidades.uprrp.edu\/lenguas\/index.php\/wp-json\/wp\/v2\/pages"}],"about":[{"href":"https:\/\/humanidades.uprrp.edu\/lenguas\/index.php\/wp-json\/wp\/v2\/types\/page"}],"author":[{"embeddable":true,"href":"https:\/\/humanidades.uprrp.edu\/lenguas\/index.php\/wp-json\/wp\/v2\/users\/2"}],"replies":[{"embeddable":true,"href":"https:\/\/humanidades.uprrp.edu\/lenguas\/index.php\/wp-json\/wp\/v2\/comments?post=1830"}],"version-history":[{"count":4,"href":"https:\/\/humanidades.uprrp.edu\/lenguas\/index.php\/wp-json\/wp\/v2\/pages\/1830\/revisions"}],"predecessor-version":[{"id":2741,"href":"https:\/\/humanidades.uprrp.edu\/lenguas\/index.php\/wp-json\/wp\/v2\/pages\/1830\/revisions\/2741"}],"up":[{"embeddable":true,"href":"https:\/\/humanidades.uprrp.edu\/lenguas\/index.php\/wp-json\/wp\/v2\/pages\/8"}],"wp:attachment":[{"href":"https:\/\/humanidades.uprrp.edu\/lenguas\/index.php\/wp-json\/wp\/v2\/media?parent=1830"}],"curies":[{"name":"wp","href":"https:\/\/api.w.org\/{rel}","templated":true}]}}