{"id":179,"date":"2016-07-18T02:31:01","date_gmt":"2016-07-18T01:31:01","guid":{"rendered":"https:\/\/lenguasuprrp.wordpress.com\/lenguas-clasicas\/"},"modified":"2021-06-30T16:49:29","modified_gmt":"2021-06-30T16:49:29","slug":"lenguas-clasicas","status":"publish","type":"page","link":"https:\/\/humanidades.uprrp.edu\/lenguas\/index.php\/curriculo\/cursos\/lenguas-clasicas\/","title":{"rendered":"Cursos de lat\u00edn"},"content":{"rendered":"<p><strong>*LATI 3015\u00a0Lat\u00edn cl\u00e1sico para investigadores<\/strong> I (3 horas &#8211; 3 crs)<br \/>\nEstudio del Lat\u00edn a trav\u00e9s del an\u00e1lisis morfosint\u00e1ctico del Lat\u00edn cl\u00e1sico, con \u00e9nfasis en la morfosintaxis verbal. Se centra en el estudio de la conjugaci\u00f3n de los verbos regulares, tanto en sus formas personales como no personales (infinitivo y participio), con el objetivo principal de que el estudiante pueda acceder a textos de Lat\u00edn con una sintaxis m\u00e1s compleja. El estudio de las formas gramaticales va acompa\u00f1ado de la lectura, an\u00e1lisis y traducci\u00f3n de fragmentos de prosa de algunos de los poetas, oradores e historiadores m\u00e1s representativos de la Roma cl\u00e1sica, como Cicer\u00f3n, Quintiliano, Ovidio y S\u00e9neca.<\/p>\n<p><a href=\"https:\/\/drive.google.com\/open?id=0Bw7H21T0R4IxdHNnY2J4Z0dzRHM\"><strong>LATI 3001 Lat\u00edn intensivo I <\/strong><\/a>(5 horas &#8211; 3 crs.)<br \/>\nCurso elemental de gram\u00e1tica y sintaxis latina. Introducci\u00f3n al estudio de la lengua latina. \u00c9nfasis en la morfolog\u00eda verbal (los tiempos perfectos del modo indicativo, modo subjuntivo, formas nominales, conjugaciones perifr\u00e1sticas) y en la sintaxis (subordinaci\u00f3n). Estudio del vocabulario y traducci\u00f3n de textos<\/p>\n<p><a href=\"https:\/\/drive.google.com\/open?id=0Bw7H21T0R4IxQkNOZXRzVHhhM2c\"><strong>LATI 3002 Lat\u00edn intensivo II <\/strong><\/a>(5 horas &#8211; 3 crs.)<br \/>\n(Prerrequisito: LATI 3001) Curso elemental de gram\u00e1tica y sintaxis latina. Introducci\u00f3n al estudio de la lengua latina, nivel 2. \u00c9nfasis en la morfolog\u00eda verbal (los tiempos perfectos del modo indicativo, modo subjuntivo, formas nominales, conjugaciones perifr\u00e1sticas) y en la sintaxis (subordinaci\u00f3n). Estudio del vocabulario y traducci\u00f3n de textos.<\/p>\n<p><a href=\"https:\/\/drive.google.com\/open?id=0Bw7H21T0R4IxMWJySVlGT2JzQkE\"><strong>LATI 3003 Lat\u00edn intensivo III <\/strong><\/a>(3 crs.)<strong><br \/>\n<\/strong>(Prerrequisito: LATI 3002) Lectura y comentario de textos latinos de mediana dificultad; \u00e9nfasis en el an\u00e1lisis gramatical, con miras a afianzar y a ampliar el conocimiento de la gram\u00e1tica latina que posee el estudiante.<\/p>\n<p><strong>LATI 4005 Estudio Independiente en Lat\u00edn Cl\u00e1sico o Medieval <\/strong>(3 crs.)<strong><br \/>\n<\/strong>(Prerrequisitos: LATI 3003 o su equivalente, autorizaci\u00f3n del profesor, del consejero acad\u00e9mico y del director del departamento; presentar al director, el semestre anterior a tomar el curso, una propuesta del tema a desarrollar siguiendo el procedimiento que establezca el departamento) Investigaci\u00f3n dirigida en lat\u00edn cl\u00e1sico o medieval en torno a temas, planteamientos te\u00f3ricos o problemas de la disciplina de inter\u00e9s individual. El curso puede tomarse un m\u00e1ximo de tres veces (9 cr\u00e9ditos) bajo temas diferentes.<\/p>\n","protected":false},"excerpt":{"rendered":"<p>*LATI 3015\u00a0Lat\u00edn cl\u00e1sico para investigadores I (3 horas &#8211; 3 crs) Estudio del Lat\u00edn a trav\u00e9s del an\u00e1lisis morfosint\u00e1ctico del Lat\u00edn cl\u00e1sico, con \u00e9nfasis en la morfosintaxis verbal. Se centra en el estudio de la conjugaci\u00f3n de los verbos regulares, tanto en sus formas personales como no personales (infinitivo y participio), con el objetivo principal [&hellip;]<\/p>\n","protected":false},"author":2,"featured_media":0,"parent":177,"menu_order":8,"comment_status":"closed","ping_status":"closed","template":"","meta":{"footnotes":""},"class_list":["post-179","page","type-page","status-publish","hentry"],"_links":{"self":[{"href":"https:\/\/humanidades.uprrp.edu\/lenguas\/index.php\/wp-json\/wp\/v2\/pages\/179","targetHints":{"allow":["GET"]}}],"collection":[{"href":"https:\/\/humanidades.uprrp.edu\/lenguas\/index.php\/wp-json\/wp\/v2\/pages"}],"about":[{"href":"https:\/\/humanidades.uprrp.edu\/lenguas\/index.php\/wp-json\/wp\/v2\/types\/page"}],"author":[{"embeddable":true,"href":"https:\/\/humanidades.uprrp.edu\/lenguas\/index.php\/wp-json\/wp\/v2\/users\/2"}],"replies":[{"embeddable":true,"href":"https:\/\/humanidades.uprrp.edu\/lenguas\/index.php\/wp-json\/wp\/v2\/comments?post=179"}],"version-history":[{"count":6,"href":"https:\/\/humanidades.uprrp.edu\/lenguas\/index.php\/wp-json\/wp\/v2\/pages\/179\/revisions"}],"predecessor-version":[{"id":3024,"href":"https:\/\/humanidades.uprrp.edu\/lenguas\/index.php\/wp-json\/wp\/v2\/pages\/179\/revisions\/3024"}],"up":[{"embeddable":true,"href":"https:\/\/humanidades.uprrp.edu\/lenguas\/index.php\/wp-json\/wp\/v2\/pages\/177"}],"wp:attachment":[{"href":"https:\/\/humanidades.uprrp.edu\/lenguas\/index.php\/wp-json\/wp\/v2\/media?parent=179"}],"curies":[{"name":"wp","href":"https:\/\/api.w.org\/{rel}","templated":true}]}}