{"id":177,"date":"2016-07-18T02:30:03","date_gmt":"2016-07-18T01:30:03","guid":{"rendered":"https:\/\/lenguasuprrp.wordpress.com\/cursos\/"},"modified":"2019-11-01T16:33:11","modified_gmt":"2019-11-01T16:33:11","slug":"cursos","status":"publish","type":"page","link":"https:\/\/humanidades.uprrp.edu\/lenguas\/index.php\/curriculo\/cursos\/","title":{"rendered":"Cursos"},"content":{"rendered":"<ul>\n<li><a href=\"https:\/\/humanidades.uprrp.edu\/lenguas\/index.php\/curriculo\/cursos\/aleman\/\">Cursos de alem\u00e1n<\/a><\/li>\n<li><a href=\"https:\/\/humanidades.uprrp.edu\/lenguas\/index.php\/curriculo\/cursos\/arabe\/\">Cursos de \u00e1rabe<\/a><\/li>\n<li><a href=\"https:\/\/humanidades.uprrp.edu\/lenguas\/index.php\/curriculo\/cursos\/chino\/\">Cursos de chino<\/a><\/li>\n<li><a href=\"https:\/\/humanidades.uprrp.edu\/lenguas\/index.php\/curriculo\/cursos\/frances\/\">Cursos de franc\u00e9s<\/a><\/li>\n<li><a href=\"https:\/\/humanidades.uprrp.edu\/lenguas\/index.php\/curriculo\/cursos\/griego\/\">Cursos de griego<\/a><\/li>\n<li><a href=\"https:\/\/humanidades.uprrp.edu\/lenguas\/index.php\/curriculo\/cursos\/italiano\/\">Cursos de italiano<\/a><\/li>\n<li><a href=\"https:\/\/humanidades.uprrp.edu\/lenguas\/index.php\/curriculo\/cursos\/cursos-de-japones\/\">Cursos de japon\u00e9s<\/a><\/li>\n<li><a href=\"https:\/\/humanidades.uprrp.edu\/lenguas\/index.php\/curriculo\/cursos\/lenguas-clasicas\/\">Cursos de lat\u00edn<\/a><\/li>\n<li><a href=\"https:\/\/humanidades.uprrp.edu\/lenguas\/index.php\/curriculo\/cursos\/portugues\/\">Cursos de portugu\u00e9s<\/a><\/li>\n<li><a href=\"https:\/\/humanidades.uprrp.edu\/lenguas\/index.php\/curriculo\/cursos\/ruso\/\">Cursos de ruso<\/a><\/li>\n<\/ul>\n","protected":false},"excerpt":{"rendered":"<p>Cursos de alem\u00e1n Cursos de \u00e1rabe Cursos de chino Cursos de franc\u00e9s Cursos de griego Cursos de italiano Cursos de japon\u00e9s Cursos de lat\u00edn Cursos de portugu\u00e9s Cursos de ruso<\/p>\n","protected":false},"author":2,"featured_media":0,"parent":162,"menu_order":2,"comment_status":"closed","ping_status":"closed","template":"full-width.php","meta":{"footnotes":""},"class_list":["post-177","page","type-page","status-publish","hentry"],"_links":{"self":[{"href":"https:\/\/humanidades.uprrp.edu\/lenguas\/index.php\/wp-json\/wp\/v2\/pages\/177","targetHints":{"allow":["GET"]}}],"collection":[{"href":"https:\/\/humanidades.uprrp.edu\/lenguas\/index.php\/wp-json\/wp\/v2\/pages"}],"about":[{"href":"https:\/\/humanidades.uprrp.edu\/lenguas\/index.php\/wp-json\/wp\/v2\/types\/page"}],"author":[{"embeddable":true,"href":"https:\/\/humanidades.uprrp.edu\/lenguas\/index.php\/wp-json\/wp\/v2\/users\/2"}],"replies":[{"embeddable":true,"href":"https:\/\/humanidades.uprrp.edu\/lenguas\/index.php\/wp-json\/wp\/v2\/comments?post=177"}],"version-history":[{"count":7,"href":"https:\/\/humanidades.uprrp.edu\/lenguas\/index.php\/wp-json\/wp\/v2\/pages\/177\/revisions"}],"predecessor-version":[{"id":2630,"href":"https:\/\/humanidades.uprrp.edu\/lenguas\/index.php\/wp-json\/wp\/v2\/pages\/177\/revisions\/2630"}],"up":[{"embeddable":true,"href":"https:\/\/humanidades.uprrp.edu\/lenguas\/index.php\/wp-json\/wp\/v2\/pages\/162"}],"wp:attachment":[{"href":"https:\/\/humanidades.uprrp.edu\/lenguas\/index.php\/wp-json\/wp\/v2\/media?parent=177"}],"curies":[{"name":"wp","href":"https:\/\/api.w.org\/{rel}","templated":true}]}}