{"id":1761,"date":"2017-12-15T14:36:34","date_gmt":"2017-12-15T14:36:34","guid":{"rendered":"https:\/\/humanidades.uprrp.edu\/lenguas\/?page_id=1761"},"modified":"2022-03-24T16:48:26","modified_gmt":"2022-03-24T16:48:26","slug":"reglamento-de-la-ole","status":"publish","type":"page","link":"https:\/\/humanidades.uprrp.edu\/lenguas\/index.php\/estudiantes-2\/organizacion-de-estudiantes-de-lenguas-extranjeras\/reglamento-de-la-ole\/","title":{"rendered":"Reglamento de la OLE"},"content":{"rendered":"<h2 style=\"text-align: center;\">Universidad de Puerto Rico<br \/>\nRecinto de Rio Piedras<\/h2>\n<h2 style=\"text-align: center;\">Reglamento de la Organizaci\u00f3n de Lenguas Extranjeras<br \/>\nAprobado:\u00a011\u00a0marzo 2022<\/h2>\n<p><img loading=\"lazy\" decoding=\"async\" class=\"aligncenter wp-image-2082 size-medium\" src=\"https:\/\/humanidades.uprrp.edu\/lenguas\/wp-content\/uploads\/2016\/08\/OLE-Logo-2018-300x300.jpeg\" alt=\"\" width=\"300\" height=\"300\" \/><\/p>\n<ul>\n<li>\n<h3>Declaraci\u00f3n de prop\u00f3sito<\/h3>\n<\/li>\n<\/ul>\n<p>El prop\u00f3sito de OLE es unir al departamento y al estudiantado mediante actividades acad\u00e9micas y culturales. Nuestro objetivo es llevar a cabo actividades que involucren estudiantes y profesores. OLE se cre\u00f3 para enriquecer el conocimiento de los estudiantes a trav\u00e9s de distintas actividades. Trabajamos en conjunto con el Comit\u00e9 Cultural del Departamento de Lenguas Extranjeras para representar las necesidades de cada \u00e9nfasis de estudio y como unirlas para crear conciencia y fomentar el aprendizaje de lenguas y culturas extranjeras.<\/p>\n<ul>\n<li>\n<h3>Misi\u00f3n<\/h3>\n<\/li>\n<\/ul>\n<p>OLE desea unir al estudiantado sin importar su lengua de estudio. La organizaci\u00f3n tiene como objetivo brindar a los estudiantes la oportunidad de conocer el Departamento y los campos de estudio en Puerto Rico y en el extranjero. Organizamos ventas de libros, noches de cine y otras actividades culturales para promover el estudio de las lenguas y culturas extranjeras. OLE es la \u00fanica organizaci\u00f3n estudiantil dentro del Departamento de Lenguas Extranjeras. No miramos el estudio individual de cada estudiante, sino que fomentamos el compa\u00f1erismo, la perfecci\u00f3n de la lengua en estudio y sobre todo la diversidad.<\/p>\n<ul>\n<li>\n<h3>Criterios de Elegibilidad<\/h3>\n<ul>\n<li>Miembros:\n<ul>\n<li>Estar cursando un bachillerato, segunda concentraci\u00f3n o concentraci\u00f3n menor en el Departamento de Lenguas Extranjeras.<\/li>\n<li>Ser estudiante regular.<\/li>\n<li>Llenar el formulario prove\u00eddo.<\/li>\n<li>Pagar la cuota anual de $8.<\/li>\n<\/ul>\n<\/li>\n<li>Responsabilidades de los miembros:\n<ul>\n<li>Los miembros tendr\u00e1n beneficios adicionales que se discutir\u00e1n en las asambleas.<\/li>\n<li>Firmar la\u00a0asistencia en las actividades.<\/li>\n<\/ul>\n<\/li>\n<li>Asociados:\n<ul>\n<li>Deben ser del recinto de R\u00edo Piedras<\/li>\n<li>Haber tomado o estar tomando alg\u00fan curso de lenguas pero no haber solicitado una concentraci\u00f3n menor o segunda concentraci\u00f3n.<\/li>\n<li>Pagar la cuota anual de $5.<\/li>\n<\/ul>\n<\/li>\n<\/ul>\n<\/li>\n<\/ul>\n<ul>\n<li>\n<h3>Asambleas ordinarias\/extraordinarias<\/h3>\n<ul>\n<li>Ordinarias\n<ul>\n<li>Se har\u00e1n 2 por semestre, una a principio y una al final.<\/li>\n<li>Quorum: 12 miembros o asociados sin incluir la directiva.<\/li>\n<\/ul>\n<\/li>\n<li>Extraordinarias\n<ul>\n<li>Se convocan en caso de emergencia\n<ul>\n<li>Renuncia a un puesto de la directiva<\/li>\n<li>Huelga<\/li>\n<li>Desastre natural, etc.<\/li>\n<\/ul>\n<\/li>\n<li>En caso de renuncia de un puesto oficial, esta asamblea no tendr\u00e1 m\u00ednimo de quorum.<\/li>\n<\/ul>\n<\/li>\n<\/ul>\n<\/li>\n<\/ul>\n<ul>\n<li>\n<h3>Mecanismos de nominaci\u00f3n y elecci\u00f3n<\/h3>\n<ul>\n<li>Debe haber un quorum de al menos 12 personas el d\u00eda de las nominaciones. Esto no incluye la directiva.<\/li>\n<li>Para votar, debe ser miembro o asociado de la organizaci\u00f3n.<\/li>\n<\/ul>\n<\/li>\n<\/ul>\n<ul>\n<li>\n<h3>T\u00e9rminos y funciones de cada cargo directivo y representativos<\/h3>\n<ul>\n<li>Presidente\/a:\n<ul>\n<li>Rige las asambleas.<\/li>\n<li>Contacto directo con los departamentos y decanatos.<\/li>\n<li>Contacto con otras organizaciones estudiantiles.<\/li>\n<li>Participar en las actividades.<\/li>\n<li>Sanciones de ser necesarias.<\/li>\n<li>Tiene acceso a la cuenta bancaria de la organizaci\u00f3n.<\/li>\n<li>Pide permisos y completa los documentos necesarios.<\/li>\n<\/ul>\n<\/li>\n<li>Vicepresidente\/a:\n<ul>\n<li>Tomar el puesto y las responsabilidades del\/la presidente\/a en caso de que no est\u00e9 presente.<\/li>\n<li>Este no puede sancionar.<\/li>\n<li>Este no tiene acceso a la cuenta bancaria.<\/li>\n<\/ul>\n<\/li>\n<li>Secretaria\/o Tesorero\/a:\n<ul>\n<li>Anotar la informaci\u00f3n relevante de cada asamblea.<\/li>\n<li>Tomar notas de las reuniones directivas.<\/li>\n<li>Manejar la cuenta bancaria de la organizaci\u00f3n.<\/li>\n<li>Rendir informes de cada actividad junto con el prop\u00f3sito de transacci\u00f3n.<\/li>\n<li>Mantener los recibos.<\/li>\n<\/ul>\n<\/li>\n<li>Vocal (2):\n<ul>\n<li>Disponibilidad para ayudar en lo que sea necesario en las actividades.<\/li>\n<li>Dar apoyo a les dem\u00e1s miembros de la directiva.<\/li>\n<\/ul>\n<\/li>\n<li>Relacionista p\u00fablico:\n<ul>\n<li>Manejar las redes sociales<\/li>\n<li>Hacer las promociones de las actividades<\/li>\n<\/ul>\n<\/li>\n<li>Todos los puestos:\n<ul>\n<li>Todos deben participar y estar presentes en las actividades.<\/li>\n<li>La directiva debe trabajar en conjunto. Si alg\u00fan oficial no puede cumplir con alg\u00fan deber por alguna raz\u00f3n extraordinaria, la directiva debe tomar las responsabilidades de dicha persona.<\/li>\n<\/ul>\n<\/li>\n<li>C\u00f3digo de \u00e9tica y estipulaciones disciplinarias:\n<ul>\n<li>Lealtad: Atender los principios y valores establecidos por OLE.<\/li>\n<li>Honestidad acad\u00e9mica.<\/li>\n<li>Respeto: tratar a los dem\u00e1s con amabilidad y cortes\u00eda.<\/li>\n<li>Responsabilidad: comportamiento apropiado en actividades en y\/o fuera del recinto.<\/li>\n<li>En caso de alg\u00fan altercado o comportamiento impropio, la directiva tomar\u00e1 medidas necesarias seg\u00fan cada caso. Esto incluye pero no se limita a la expulsi\u00f3n temporera o permanente de la organizaci\u00f3n.<\/li>\n<\/ul>\n<\/li>\n<\/ul>\n<\/li>\n<\/ul>\n<ul>\n<li>\n<h3>Mecanismos para enmendar el reglamento<\/h3>\n<ul>\n<li>Se convocar\u00e1 una asamblea ordinaria o de ser necesaria una extraordinaria para discutir la enmienda.<\/li>\n<li>Para pasar la enmienda tiene que contar con la mayor\u00eda de votos del quorum requerido.<\/li>\n<\/ul>\n<\/li>\n<\/ul>\n","protected":false},"excerpt":{"rendered":"<p>Universidad de Puerto Rico Recinto de Rio Piedras Reglamento de la Organizaci\u00f3n de Lenguas Extranjeras Aprobado:\u00a011\u00a0marzo 2022 Declaraci\u00f3n de prop\u00f3sito El prop\u00f3sito de OLE es unir al departamento y al estudiantado mediante actividades acad\u00e9micas y culturales. Nuestro objetivo es llevar a cabo actividades que involucren estudiantes y profesores. OLE se cre\u00f3 para enriquecer el conocimiento [&hellip;]<\/p>\n","protected":false},"author":2,"featured_media":0,"parent":448,"menu_order":0,"comment_status":"closed","ping_status":"closed","template":"full-width.php","meta":{"footnotes":""},"class_list":["post-1761","page","type-page","status-publish","hentry"],"_links":{"self":[{"href":"https:\/\/humanidades.uprrp.edu\/lenguas\/index.php\/wp-json\/wp\/v2\/pages\/1761","targetHints":{"allow":["GET"]}}],"collection":[{"href":"https:\/\/humanidades.uprrp.edu\/lenguas\/index.php\/wp-json\/wp\/v2\/pages"}],"about":[{"href":"https:\/\/humanidades.uprrp.edu\/lenguas\/index.php\/wp-json\/wp\/v2\/types\/page"}],"author":[{"embeddable":true,"href":"https:\/\/humanidades.uprrp.edu\/lenguas\/index.php\/wp-json\/wp\/v2\/users\/2"}],"replies":[{"embeddable":true,"href":"https:\/\/humanidades.uprrp.edu\/lenguas\/index.php\/wp-json\/wp\/v2\/comments?post=1761"}],"version-history":[{"count":5,"href":"https:\/\/humanidades.uprrp.edu\/lenguas\/index.php\/wp-json\/wp\/v2\/pages\/1761\/revisions"}],"predecessor-version":[{"id":3122,"href":"https:\/\/humanidades.uprrp.edu\/lenguas\/index.php\/wp-json\/wp\/v2\/pages\/1761\/revisions\/3122"}],"up":[{"embeddable":true,"href":"https:\/\/humanidades.uprrp.edu\/lenguas\/index.php\/wp-json\/wp\/v2\/pages\/448"}],"wp:attachment":[{"href":"https:\/\/humanidades.uprrp.edu\/lenguas\/index.php\/wp-json\/wp\/v2\/media?parent=1761"}],"curies":[{"name":"wp","href":"https:\/\/api.w.org\/{rel}","templated":true}]}}