{"id":172,"date":"2016-07-18T02:22:42","date_gmt":"2016-07-18T01:22:42","guid":{"rendered":"https:\/\/lenguasuprrp.wordpress.com\/examenes\/"},"modified":"2020-12-14T16:15:31","modified_gmt":"2020-12-14T16:15:31","slug":"examenes","status":"publish","type":"page","link":"https:\/\/humanidades.uprrp.edu\/lenguas\/index.php\/estudiantes-2\/examenes\/","title":{"rendered":"Ex\u00e1menes"},"content":{"rendered":"<p><span style=\"color: #666699;\"><strong>P\u00e1gina actualizada el 14\u00a0diciembre 2020<\/strong><\/span><\/p>\n<p>Si viene a la UPRRP con cierto nivel de dominio en una de las lenguas extranjeras que se ense\u00f1an en el Departamento, ofrecemos varias v\u00edas de reconocimiento de sus destrezas:<\/p>\n<p><strong>&#8211; Convalidaci\u00f3n del examen del <em>Advanced Placement French Language and Culture<\/em> (<em>AP French<\/em>)<\/strong><\/p>\n<p>Si consigui\u00f3 un resultado de 4 o 5 en el examen AP de franc\u00e9s, se le pueden convalidar 9 cr\u00e9ditos de franc\u00e9s, eso es decir, los primeros 3 semestres: FRAN 3031-FRAN 3032-FRAN 3035<\/p>\n<p><strong>&#8211; Examen de aprovechamiento seg\u00fan Certificaci\u00f3n 88, 2003-2004 (antes 8A, 1973-74)<\/strong><\/p>\n<p>Despu\u00e9s de terminado un a\u00f1o de estudio en la UPR, si desea recibir cr\u00e9ditos para una clase b\u00e1sica de idioma sin tener que tomarla, puede solicitar un examen de aprovechamiento. La solicitud se radica en el Decanato Auxiliar de Asuntos Estudiantiles de la Facultad al inicio del semestre (ver fecha en el calendario oficial). Se paga el examen como si fuera una clase. Luego, se toma cita en el Departamento. Se puede pedir una lista de repaso para prepararse al examen.<\/p>\n<p>Se puede tomar este examen solo si <em>no<\/em> se ha\u00a0matriculado en la clase previamente (no importa si la termin\u00f3, no la pas\u00f3 o se dio de baja: No se puede haber matriculado ni una vez)<br \/>\nEl examen se pasa con A o B<\/p>\n<p>Fecha l\u00edmite\u00a0para solicitar el pr\u00f3ximo examen de aprovechamiento: <span style=\"color: #333399;\"><strong>17\u00a0febrero 2021<\/strong><\/span><\/p>\n<p>&#8211; <strong>Examen graduado<\/strong><\/p>\n<p>Existe un examen dirigido a los estudiantes graduados de la Facultad de Humanidades que deben cumplir con un requisito de lengua extranjera. El examen de 1.5 horas tiene dos componentes:<\/p>\n<p>&#8211; una traducci\u00f3n al espa\u00f1ol o ingl\u00e9s de un texto literario<br \/>\n&#8211; unas preguntas de comprensi\u00f3n sobre otro texto<\/p>\n<p>El resultado del examen es Pass\/No Pass.<\/p>\n<p>&#8211; <strong>Prueba de ubicaci\u00f3n<\/strong><\/p>\n<p>Si desea omitir un semestre o m\u00e1s de los cursos b\u00e1sicos, puede pedir una prueba de ubicaci\u00f3n. Es gratuita y administrada enteramente por el Departamento. Dicha prueba dura 3 horas y contiene las partes siguientes:<\/p>\n<ol>\n<li>Vocabulario<\/li>\n<li>Gram\u00e1tica<\/li>\n<li>Comprensi\u00f3n escrita<\/li>\n<li>Composici\u00f3n escrita<\/li>\n<li>Comprensi\u00f3n oral<\/li>\n<li>Expresi\u00f3n oral<\/li>\n<\/ol>\n<p>Seg\u00fan el resultado, se le puede autorizar matricularse directamente en cursos m\u00e1s avanzados. Sin embargo, es importante recordar que no se reciben cr\u00e9ditos. Por tanto, para cumplir con la cantidad de cr\u00e9ditos requisita por su Bachillerato, deber\u00e1 tomar m\u00e1s cursos electivos en la misma lengua (1 curso m\u00e1s por cada curso b\u00e1sico no tomado).<\/p>\n<p><strong>&#8211;\u00a0Diplomas de aptitud<\/strong><\/p>\n<p>Si quiere estudiar o trabajar en un pa\u00eds extranjero, varios profesores del Departamento han sido o planean ser adiestrados para administrar ex\u00e1menes que son necesarios al momento de solicitar ingreso en una Universidad extranjera o para comprobar su nivel ling\u00fc\u00edstico en una lengua extranjera con un diploma reconocido internacionalmente:<\/p>\n<p>Los <strong><em>Dipl\u00f4me d\u2019\u00c9tudes en Langue Fran\u00e7aise<\/em><\/strong> (DELF) y <strong><em>Dipl\u00f4me Approfondi de Langue Fran\u00e7aise<\/em><\/strong> (DALF) son administrados por el <em>Centre International d\u2019\u00c9tudes P\u00e9dagogiques <\/em>(CIEP) del Ministerio de Educaci\u00f3n de Francia.\u00a0La <a href=\"https:\/\/afpuertorico.org\/\">Alianza Francesa<\/a> es el \u00fanico centro oficial en Puerto Rico autorizado para otorgar este diploma. Tambi\u00e9n ofrece talleres de preparaci\u00f3n a los ex\u00e1menes.<\/p>\n<p>Los primeros tres niveles del DELF dar\u00e1n acceso a los cursos siguientes de la UPRRP:<br \/>\nDELF A1: permitir\u00e1 matricularse en FRAN 3032 Franc\u00e9s intensivo II<br \/>\nDELF A2: permitir\u00e1 matricularse en FRAN 3035 Franc\u00e9s intermedio<br \/>\nDELF B1: permitir\u00e1 matricularse en FRAN 4008 Gram\u00e1tica avanzada y composici\u00f3n<\/p>\n<p>El <strong><em>Progetto Lingua Italiana Dante Alighieri<\/em><\/strong> (PLIDA) es administrado por la Sociedad Dante Alighieri y permite obtener residencia en Italia.<\/p>\n<p>El <strong><em>Certificado de Profici\u00eancia em L\u00edngua Portuguesa para Estrangeiros <\/em><\/strong>es administrado por el Ministerio brasile\u00f1o de la Educaci\u00f3n.<\/p>\n","protected":false},"excerpt":{"rendered":"<p>P\u00e1gina actualizada el 14\u00a0diciembre 2020 Si viene a la UPRRP con cierto nivel de dominio en una de las lenguas extranjeras que se ense\u00f1an en el Departamento, ofrecemos varias v\u00edas de reconocimiento de sus destrezas: &#8211; Convalidaci\u00f3n del examen del Advanced Placement French Language and Culture (AP French) Si consigui\u00f3 un resultado de 4 o [&hellip;]<\/p>\n","protected":false},"author":2,"featured_media":0,"parent":164,"menu_order":2,"comment_status":"closed","ping_status":"closed","template":"full-width.php","meta":{"footnotes":""},"class_list":["post-172","page","type-page","status-publish","hentry"],"_links":{"self":[{"href":"https:\/\/humanidades.uprrp.edu\/lenguas\/index.php\/wp-json\/wp\/v2\/pages\/172","targetHints":{"allow":["GET"]}}],"collection":[{"href":"https:\/\/humanidades.uprrp.edu\/lenguas\/index.php\/wp-json\/wp\/v2\/pages"}],"about":[{"href":"https:\/\/humanidades.uprrp.edu\/lenguas\/index.php\/wp-json\/wp\/v2\/types\/page"}],"author":[{"embeddable":true,"href":"https:\/\/humanidades.uprrp.edu\/lenguas\/index.php\/wp-json\/wp\/v2\/users\/2"}],"replies":[{"embeddable":true,"href":"https:\/\/humanidades.uprrp.edu\/lenguas\/index.php\/wp-json\/wp\/v2\/comments?post=172"}],"version-history":[{"count":15,"href":"https:\/\/humanidades.uprrp.edu\/lenguas\/index.php\/wp-json\/wp\/v2\/pages\/172\/revisions"}],"predecessor-version":[{"id":2917,"href":"https:\/\/humanidades.uprrp.edu\/lenguas\/index.php\/wp-json\/wp\/v2\/pages\/172\/revisions\/2917"}],"up":[{"embeddable":true,"href":"https:\/\/humanidades.uprrp.edu\/lenguas\/index.php\/wp-json\/wp\/v2\/pages\/164"}],"wp:attachment":[{"href":"https:\/\/humanidades.uprrp.edu\/lenguas\/index.php\/wp-json\/wp\/v2\/media?parent=172"}],"curies":[{"name":"wp","href":"https:\/\/api.w.org\/{rel}","templated":true}]}}