{"id":171,"date":"2016-07-18T02:22:29","date_gmt":"2016-07-18T01:22:29","guid":{"rendered":"https:\/\/lenguasuprrp.wordpress.com\/admisiones\/"},"modified":"2025-10-15T16:23:27","modified_gmt":"2025-10-15T16:23:27","slug":"admisiones","status":"publish","type":"page","link":"https:\/\/humanidades.uprrp.edu\/lenguas\/index.php\/estudiantes-2\/admisiones\/","title":{"rendered":"Admisiones"},"content":{"rendered":"<p><span style=\"color: #666699;\"><strong>P\u00e1gina actualizada el 15 octubre 2025<\/strong><\/span><\/p>\n<h2><strong>Requisitos de admisi\u00f3n al Departamento de Lenguas Extranjeras<\/strong><\/h2>\n<p><strong>Nuevo ingreso<\/strong><\/p>\n<p>Para ingresar en el programa, el estudiante de escuela superior debe reunir los requisitos de admisi\u00f3n al Recinto de R\u00edo Piedras as\u00ed como los requisitos espec\u00edficos de la Facultad de Humanidades y del Departamento de Lenguas Extranjeras, a saber:<\/p>\n<ul>\n<li>IGS (\u00cdndice General de Solicitud): 290<\/li>\n<\/ul>\n<p><strong>Reclasificaci\u00f3n<\/strong><\/p>\n<p>La solicitud de reclasificaci\u00f3n es un cambio de concentraci\u00f3n dentro de la misma facultad o una petici\u00f3n para cambiar el \u00e1rea de estudios a otra facultad. Los requisitos para el Departamento de Lenguas Extranjeras son los siguientes:<\/p>\n<ul>\n<li>Tener aprobados como m\u00ednimo treinta (30) cr\u00e9ditos al momento de solicitar la reclasificaci\u00f3n.<\/li>\n<li>Haber aprobado seis (6) cr\u00e9ditos en los cursos de humanidades de la Facultad de Estudios Generales (HUMA 3101-3102 <strong><u>o su equivalente<\/u><\/strong>).<\/li>\n<li>Haber mantenido un promedio m\u00ednimo de 3.00<\/li>\n<\/ul>\n<p><strong>Traslado<\/strong><\/p>\n<p>El estudiante de traslado es el que procede de otras unidades del sistema universitario de la Universidad de Puerto Rico.\u00a0 Para estos, los requisitos de admisi\u00f3n al Departamento de Lenguas Extranjeras son los siguientes:<\/p>\n<ul>\n<li>Tener aprobados como m\u00ednimo treinta (30) cr\u00e9ditos al momento de solicitar el traslado.<\/li>\n<li>Haber aprobado seis (6) cr\u00e9ditos en los cursos b\u00e1sicos de humanidades (HUMA 3101-3102 <strong><u>o su equivalente<\/u><\/strong>).<\/li>\n<li>Haber mantenido un promedio m\u00ednimo de 3.00<\/li>\n<\/ul>\n<p>Adem\u00e1s, para que el Recinto de R\u00edo Piedras le pueda otorgar su grado, debe satisfacer un Requisito de Residencia : Aprobar en nuestro recinto al menos 36 de los \u00faltimos 48 cr\u00e9ditos.<\/p>\n<p><strong>Transferencia<\/strong><\/p>\n<p>El estudiante de transferencia es el que procede de universidades privadas que no forman parte del sistema universitario de la Universidad de Puerto Rico. Para estos, los requisitos de admisi\u00f3n al Departamento de Lenguas Extranjeras son los siguientes:<\/p>\n<ul>\n<li>Tener aprobados como m\u00ednimo treinta (30) cr\u00e9ditos al momento de solicitar la transferencia.<\/li>\n<li>Haber mantenido un promedio m\u00ednimo de 3.50<\/li>\n<\/ul>\n<p>Cuando el estudiante procede de una instituci\u00f3n privada, los cr\u00e9ditos tomados en esa instituci\u00f3n no son convalidados autom\u00e1ticamente. Para esto, el estudiante tiene que aprobar primero doce (12) cr\u00e9ditos en el Recinto de R\u00edo Piedras y luego solicitar la convalidaci\u00f3n en el Decanato Auxiliar de Asuntos Estudiantiles de la Facultad de Humanidades.\u00a0 El m\u00e1ximo de cr\u00e9ditos a convalidar son treinta (30) cr\u00e9ditos.<\/p>\n<p><strong>Segunda concentraci\u00f3n<\/strong><\/p>\n<p>Todo estudiante clasificado de segundo a\u00f1o en adelante que haya sido admitido a un programa de Bachillerato, ya sea mediante ingreso proveniente de escuela superior o mediante traslado o transferencia, podr\u00e1 solicitar una segunda concentraci\u00f3n en su misma facultad o en cualquier otra. Para el Departamento de Lenguas Extranjeras, los requisitos son los siguientes:<\/p>\n<ul>\n<li>Tener aprobados como m\u00ednimo treinta (30) cr\u00e9ditos al momento de solicitar la segunda concentraci\u00f3n.<\/li>\n<li>Haber aprobado seis (6) cr\u00e9ditos en los cursos b\u00e1sicos de humanidades (HUMA 3101-3102 <strong><u>o su equivalente<\/u><\/strong>).<\/li>\n<li>Haber mantenido un promedio m\u00ednimo de 3.50<\/li>\n<\/ul>\n<p><em>Para completar una segunda concentraci\u00f3n, solo se requiere tomar los cursos especializados de dicha concentraci\u00f3n. Eso es decir, no hace falta tomar otra vez cursos de educaci\u00f3n general o requisitos de Facultad (si el estudiante viene de otra Facultad)\u00a0o m\u00e1s\u00a0electivas libres. Adem\u00e1s, los cursos de la segunda concentraci\u00f3n pueden acomodarse dentro del componente de electivas libres del bachillerato principal.<\/em><\/p>\n<p><strong>Concentraci\u00f3n menor<\/strong><\/p>\n<p>Todo estudiante clasificado de segundo a\u00f1o en adelante que haya sido admitido a un programa de Bachillerato, ya sea mediante ingreso proveniente de escuela superior o mediante traslado o transferencia, podr\u00e1 solicitar una concentraci\u00f3n menor en su misma facultad o en cualquier otra. Para el Departamento de Lenguas Extranjeras, los requisitos son los siguientes:<\/p>\n<ul>\n<li>Tener aprobados como m\u00ednimo treinta (30) cr\u00e9ditos al momento de solicitar la Concentraci\u00f3n Menor.<\/li>\n<li>Haber aprobado seis (6) cr\u00e9ditos en los cursos b\u00e1sicos de humanidades (HUMA 3101-3102\u00a0<u>o su equivalente<\/u>).<\/li>\n<li>Haber mantenido un promedio m\u00ednimo de 3.00<\/li>\n<li>Declarar su intenci\u00f3n de obtener una concentraci\u00f3n menor en o antes de haber aprobado el 50 por ciento\u00a0de los cr\u00e9ditos requeridos\u00a0en su programa principal de estudios\u00a0mediante el formulario provisto para ello<\/li>\n<\/ul>\n<p>Como lo indica la Certificaci\u00f3n N\u00fam. 69 (2013-2014), \u00abel componente de las electivas libres de la concentraci\u00f3n (<em>Major<\/em>) puede ser utilizado para completar la concentraci\u00f3n menor\u00bb (p\u00e1g. 5).<\/p>\n<p><strong>Readmisi\u00f3n<\/strong><\/p>\n<p>Deber\u00e1 solicitar una readmisi\u00f3n todo estudiante que:<br \/>\n&#8211; ya sea haya interrumpido sus estudios por un semestre o m\u00e1s en el Recinto de R\u00edo Piedras<br \/>\n&#8211; o haya completado un grado y desea aprobar cursos para obtener otro Bachillerato o segunda concentraci\u00f3n o una especialidad o cursos prerrequisitos para un programa graduado<\/p>\n<p>El requisito para el Departamento de Lenguas Extranjeras es haber mantenido un promedio m\u00ednimo de:<\/p>\n<ul>\n<li>3.00 si solicita Lenguas Modernas como primera concentraci\u00f3n<\/li>\n<li>3.50 si solicita Lenguas Modernas como segunda concentraci\u00f3n<\/li>\n<\/ul>\n<p><strong>Permiso especial<br \/>\n<\/strong><\/p>\n<p>Todo estudiante del sistema UPR fuera del recinto de R\u00edo Piedras puede tomar cursos en el Departamento de Lenguas Extranjeras sin pedir admisi\u00f3n al Bachillerato, solicitando un permiso especial por un semestre.<\/p>\n<p>El requisito para obtener un permiso especial es haber mantenido un promedio m\u00ednimo de 2.00.<\/p>\n<h2>\u00bfD\u00f3nde solicitar?<\/h2>\n<p>Las solicitudes de\u00a0<strong>Adm<\/strong><strong>isi\u00f3n<\/strong>\u00a0y <strong>Transferencia<\/strong> se radican en la\u00a0<span style=\"color: #0000ff;\">Oficina de Admisiones<\/span>\u00a0localizada en el segundo piso de la Torre Central de Plaza Universitaria.<\/p>\n<p>La solicitud de <strong>Permiso Especial<\/strong> se radica en la <span style=\"color: #0000ff;\">Oficina del Registrador del recinto donde actualmente est\u00e1<\/span> el estudiante (la del Recinto de R\u00edo Piedras se ubica\u00a0en el segundo piso de la Torre Central de Plaza Universitaria).<\/p>\n<p>Todas las dem\u00e1s solicitudes\u00a0&#8212;\u00a0<strong>Readmisi\u00f3n, Traslado, Reclasificaci\u00f3n, Segundas Concentraciones, Concentraciones Menores<\/strong>\u00a0&#8212; se pueden solicitar a trav\u00e9s de la <span style=\"color: #0000ff;\">p\u00e1gina del Registrador<\/span> :\u00a0<a href=\"https:\/\/services.portal.upr.edu\/\">services.portal.upr.edu<\/a><\/p>\n<p>Si su solicitud de admisi\u00f3n fue rechazada, el\/la estudiante puede pedir <strong>reconsideraci\u00f3n<\/strong> de esta decisi\u00f3n en el Decanato de Asuntos Estudiantes de la Facultad de Humanidades.<\/p>\n<p>Todas las solicitudes de admisi\u00f3n al Recinto est\u00e1n programadas en el calendario acad\u00e9mico de la Oficina del Registrador.<\/p>\n<h2><strong>Fechas l\u00edmites para el a\u00f1o 2025-26<br \/>\n<\/strong><\/h2>\n<table>\n<tbody>\n<tr>\n<td width=\"270\"><strong>1er\u00a0Semestre<\/strong><\/td>\n<td width=\"354\">Del 1 de agosto al 17 de septiembre (readmisi\u00f3n, traslado, transferencia, permiso especial)<br \/>\nDel 1 de agosto al 22 de septiembre (reclasificaci\u00f3n, segunda concentraci\u00f3n, concentraci\u00f3n menor)<br \/>\nDel 18 de septiembre al 17 de octubre (readmisi\u00f3n, traslado, transferencia, permiso especial <strong>tard\u00edos<\/strong>)<\/td>\n<\/tr>\n<tr>\n<td width=\"270\"><strong>2do\u00a0 Semestre<\/strong><\/td>\n<td width=\"354\"><\/td>\n<\/tr>\n<\/tbody>\n<\/table>\n<h2><a href=\"http:\/\/www.uprrp.edu\/?page_id=17188\">Costos de admisi\u00f3n<\/a><\/h2>\n","protected":false},"excerpt":{"rendered":"<p>P\u00e1gina actualizada el 15 octubre 2025 Requisitos de admisi\u00f3n al Departamento de Lenguas Extranjeras Nuevo ingreso Para ingresar en el programa, el estudiante de escuela superior debe reunir los requisitos de admisi\u00f3n al Recinto de R\u00edo Piedras as\u00ed como los requisitos espec\u00edficos de la Facultad de Humanidades y del Departamento de Lenguas Extranjeras, a saber: [&hellip;]<\/p>\n","protected":false},"author":2,"featured_media":0,"parent":164,"menu_order":1,"comment_status":"closed","ping_status":"closed","template":"full-width.php","meta":{"footnotes":""},"class_list":["post-171","page","type-page","status-publish","hentry"],"_links":{"self":[{"href":"https:\/\/humanidades.uprrp.edu\/lenguas\/index.php\/wp-json\/wp\/v2\/pages\/171","targetHints":{"allow":["GET"]}}],"collection":[{"href":"https:\/\/humanidades.uprrp.edu\/lenguas\/index.php\/wp-json\/wp\/v2\/pages"}],"about":[{"href":"https:\/\/humanidades.uprrp.edu\/lenguas\/index.php\/wp-json\/wp\/v2\/types\/page"}],"author":[{"embeddable":true,"href":"https:\/\/humanidades.uprrp.edu\/lenguas\/index.php\/wp-json\/wp\/v2\/users\/2"}],"replies":[{"embeddable":true,"href":"https:\/\/humanidades.uprrp.edu\/lenguas\/index.php\/wp-json\/wp\/v2\/comments?post=171"}],"version-history":[{"count":34,"href":"https:\/\/humanidades.uprrp.edu\/lenguas\/index.php\/wp-json\/wp\/v2\/pages\/171\/revisions"}],"predecessor-version":[{"id":3494,"href":"https:\/\/humanidades.uprrp.edu\/lenguas\/index.php\/wp-json\/wp\/v2\/pages\/171\/revisions\/3494"}],"up":[{"embeddable":true,"href":"https:\/\/humanidades.uprrp.edu\/lenguas\/index.php\/wp-json\/wp\/v2\/pages\/164"}],"wp:attachment":[{"href":"https:\/\/humanidades.uprrp.edu\/lenguas\/index.php\/wp-json\/wp\/v2\/media?parent=171"}],"curies":[{"name":"wp","href":"https:\/\/api.w.org\/{rel}","templated":true}]}}