{"id":1706,"date":"2017-08-15T19:38:47","date_gmt":"2017-08-15T19:38:47","guid":{"rendered":"https:\/\/humanidades.uprrp.edu\/lenguas\/?page_id=1706"},"modified":"2019-06-11T18:29:49","modified_gmt":"2019-06-11T18:29:49","slug":"altas-distinciones","status":"publish","type":"page","link":"https:\/\/humanidades.uprrp.edu\/lenguas\/index.php\/estudiantes-2\/altas-distinciones\/","title":{"rendered":"Altas distinciones"},"content":{"rendered":"<p>Cada a\u00f1o, la Facultad de Humanidades, el Departamento de Lenguas Extranjeras y la\u00a0Alianza Francesa premian los graduandos m\u00e1s destacados de nuestro Departamento con las altas distinciones siguientes:<\/p>\n<table width=\"636\">\n<tbody>\n<tr>\n<td width=\"384\">\n<p style=\"text-align: center;\"><strong>ALTAS DISTINCIONES<\/strong><\/p>\n<\/td>\n<td width=\"252\">\n<p style=\"text-align: center;\"><strong>Qui\u00e9n otorga (y qu\u00e9 )<br \/>\n<\/strong><\/p>\n<\/td>\n<\/tr>\n<tr>\n<td width=\"384\">\n<p style=\"text-align: center;\"><strong>Alta distinci\u00f3n<\/strong><\/p>\n<p style=\"text-align: center;\">Al estudiante que ostenta el <strong>promedio m\u00e1s alto<\/strong> del Departamento<\/p>\n<\/td>\n<td width=\"252\">\n<p style=\"text-align: center;\">Facultad de Humanidades<\/p>\n<p style=\"text-align: center;\">(medalla)<\/p>\n<\/td>\n<\/tr>\n<tr>\n<td width=\"384\">\n<p style=\"text-align: center;\"><strong>Premio Don Segundo Cardona<\/strong><\/p>\n<p style=\"text-align: center;\">Por su desempe\u00f1o excepcional en el <strong>estudio de varias lenguas<\/strong> y su capacidad para el estudio independiente<\/p>\n<\/td>\n<td width=\"252\">\n<p style=\"text-align: center;\">Departamento de Lenguas Extranjeras<\/p>\n<p style=\"text-align: center;\">(placa)<\/p>\n<\/td>\n<\/tr>\n<tr>\n<td width=\"384\">\n<p style=\"text-align: center;\"><strong>Premio Prof. Ruth Hern\u00e1ndez Torres<\/strong><\/p>\n<p style=\"text-align: center;\">Al estudiante que adem\u00e1s del desempe\u00f1o acad\u00e9mico haya demostrado un compromiso social mediante su participaci\u00f3n en <strong>trabajos comunitarios<\/strong><\/p>\n<\/td>\n<td width=\"252\">\n<p style=\"text-align: center;\">Departamento de Lenguas Extranjeras<\/p>\n<p style=\"text-align: center;\">(placa)<\/p>\n<\/td>\n<\/tr>\n<tr>\n<td width=\"384\">\n<p style=\"text-align: center;\"><strong>Premio\u00a0Alianza Francesa<\/strong><\/p>\n<p style=\"text-align: center;\">Al estudiante m\u00e1s destacado en el <strong>\u00e1rea de franc\u00e9s<\/strong><\/p>\n<\/td>\n<td width=\"252\">\n<p style=\"text-align: center;\">Alianza Francesa de Puerto Rico (Certificado de m\u00e9rito y libros)<\/p>\n<\/td>\n<\/tr>\n<\/tbody>\n<\/table>\n<p><a href=\"https:\/\/humanidades.uprrp.edu\/lenguas\/index.php\/estudiantes-2\/altas-distinciones\/altas-distinciones-2019\/\">Recipientes de altas distinciones Junio 2019<\/a><\/p>\n","protected":false},"excerpt":{"rendered":"<p>Cada a\u00f1o, la Facultad de Humanidades, el Departamento de Lenguas Extranjeras y la\u00a0Alianza Francesa premian los graduandos m\u00e1s destacados de nuestro Departamento con las altas distinciones siguientes: ALTAS DISTINCIONES Qui\u00e9n otorga (y qu\u00e9 ) Alta distinci\u00f3n Al estudiante que ostenta el promedio m\u00e1s alto del Departamento Facultad de Humanidades (medalla) Premio Don Segundo Cardona Por [&hellip;]<\/p>\n","protected":false},"author":2,"featured_media":0,"parent":164,"menu_order":7,"comment_status":"closed","ping_status":"closed","template":"full-width.php","meta":{"footnotes":""},"class_list":["post-1706","page","type-page","status-publish","hentry"],"_links":{"self":[{"href":"https:\/\/humanidades.uprrp.edu\/lenguas\/index.php\/wp-json\/wp\/v2\/pages\/1706","targetHints":{"allow":["GET"]}}],"collection":[{"href":"https:\/\/humanidades.uprrp.edu\/lenguas\/index.php\/wp-json\/wp\/v2\/pages"}],"about":[{"href":"https:\/\/humanidades.uprrp.edu\/lenguas\/index.php\/wp-json\/wp\/v2\/types\/page"}],"author":[{"embeddable":true,"href":"https:\/\/humanidades.uprrp.edu\/lenguas\/index.php\/wp-json\/wp\/v2\/users\/2"}],"replies":[{"embeddable":true,"href":"https:\/\/humanidades.uprrp.edu\/lenguas\/index.php\/wp-json\/wp\/v2\/comments?post=1706"}],"version-history":[{"count":7,"href":"https:\/\/humanidades.uprrp.edu\/lenguas\/index.php\/wp-json\/wp\/v2\/pages\/1706\/revisions"}],"predecessor-version":[{"id":2461,"href":"https:\/\/humanidades.uprrp.edu\/lenguas\/index.php\/wp-json\/wp\/v2\/pages\/1706\/revisions\/2461"}],"up":[{"embeddable":true,"href":"https:\/\/humanidades.uprrp.edu\/lenguas\/index.php\/wp-json\/wp\/v2\/pages\/164"}],"wp:attachment":[{"href":"https:\/\/humanidades.uprrp.edu\/lenguas\/index.php\/wp-json\/wp\/v2\/media?parent=1706"}],"curies":[{"name":"wp","href":"https:\/\/api.w.org\/{rel}","templated":true}]}}