{"id":1699,"date":"2017-08-15T19:07:59","date_gmt":"2017-08-15T19:07:59","guid":{"rendered":"https:\/\/humanidades.uprrp.edu\/lenguas\/?page_id=1699"},"modified":"2017-08-15T19:07:59","modified_gmt":"2017-08-15T19:07:59","slug":"universidade-federal-juiz-de-fora","status":"publish","type":"page","link":"https:\/\/humanidades.uprrp.edu\/lenguas\/index.php\/intercambio\/universidades-lusofonas\/universidade-federal-juiz-de-fora\/","title":{"rendered":"Universidade Federal Juiz de Fora"},"content":{"rendered":"<p>Todo estudiante que haya completado los primeros tres semestres de portugu\u00e9s (PORT 3031 hasta PORT 3033) con notas de A o B y que tenga un promedio general m\u00ednimo de 3.0, ser\u00e1 elegible para participar durante un semestre o un a\u00f1o en el intercambio con la <a href=\"http:\/\/www.ufjf.br\/ufjf\/\"><strong>Universidade Federal Juiz de Fora<\/strong><\/a> (UFJF) en Minas Gerais, Brasil. Se seleccionar\u00e1 un m\u00e1ximo de 5 alumnos. Estos deber\u00e1n costear su pasaje, visa, alojamiento, comida, seguro salud, libros, entre otros gastos. El costo de la matr\u00edcula ser\u00e1 el de la UPR.<\/p>\n<p>En Brasil, el a\u00f1o acad\u00e9mico es diferente: las clases del primer semestre comienzan en marzo y, las del segundo, en agosto. El estudiante escoger\u00e1 un programa de cursos <a href=\"http:\/\/www.ufjf.br\/portal\/universidade\/graduacao\/\"><strong>subgraduados<\/strong> <\/a>(en portugu\u00e9s, \u201cgradua\u00e7\u00e3o\u201d) o <a href=\"http:\/\/www.propg.ufjf.br\"><strong>graduados<\/strong> <\/a>(en portugu\u00e9s, \u201cp\u00f3s-gradua\u00e7\u00e3o\u201d) seg\u00fan el grado que est\u00e9 completando, dentro del cat\u00e1logo general en cualquier departamento de la UFJF. En particular, deber\u00e1 priorizar <strong>cursos en literatura, cultura, ling\u00fc\u00edstica y arte en portugu\u00e9s<\/strong> o en otro idioma, de ser pertinente para su concentraci\u00f3n. Ser\u00e1 importante que se re\u00fana con el asesor acad\u00e9mico en la UPR para buscar posibles equivalencias.<\/p>\n<p>Es necesario asistir a la orientaci\u00f3n de intercambio sobre los Convenios bilaterales del Decanato Auxiliar de Relaciones Internacionales (DARI)\u00a0 de la UPR y pasar por el proceso de admisi\u00f3n y de solicitud de beca (Gilman), de ser necesaria. La coordinadora\u00a0 de movilidad en el DARI es la Sra. Lindsey L V\u00e1zquez Santana 787-763-7450. Deber\u00e1n comunicarse con el DARI para informarse sobre los requisitos y las fechas l\u00edmites para solicitar que suelen ser alrededor del mes de marzo de 2017 para viajar en agosto y de septiembre para viajar en enero.<\/p>\n<p>El intercambio tambi\u00e9n funciona para docentes e investigadores de la UPR.<\/p>\n<p>La coordenadora del intercambio en el Departamento de Lenguas Extranjeras es la Dra. Mar\u00eda D. \u00abLolita\u00bb Villan\u00faa (maria.villanua@upr.edu).<\/p>\n","protected":false},"excerpt":{"rendered":"<p>Todo estudiante que haya completado los primeros tres semestres de portugu\u00e9s (PORT 3031 hasta PORT 3033) con notas de A o B y que tenga un promedio general m\u00ednimo de 3.0, ser\u00e1 elegible para participar durante un semestre o un a\u00f1o en el intercambio con la Universidade Federal Juiz de Fora (UFJF) en Minas Gerais, [&hellip;]<\/p>\n","protected":false},"author":2,"featured_media":0,"parent":554,"menu_order":0,"comment_status":"closed","ping_status":"closed","template":"full-width.php","meta":{"footnotes":""},"class_list":["post-1699","page","type-page","status-publish","hentry"],"_links":{"self":[{"href":"https:\/\/humanidades.uprrp.edu\/lenguas\/index.php\/wp-json\/wp\/v2\/pages\/1699","targetHints":{"allow":["GET"]}}],"collection":[{"href":"https:\/\/humanidades.uprrp.edu\/lenguas\/index.php\/wp-json\/wp\/v2\/pages"}],"about":[{"href":"https:\/\/humanidades.uprrp.edu\/lenguas\/index.php\/wp-json\/wp\/v2\/types\/page"}],"author":[{"embeddable":true,"href":"https:\/\/humanidades.uprrp.edu\/lenguas\/index.php\/wp-json\/wp\/v2\/users\/2"}],"replies":[{"embeddable":true,"href":"https:\/\/humanidades.uprrp.edu\/lenguas\/index.php\/wp-json\/wp\/v2\/comments?post=1699"}],"version-history":[{"count":1,"href":"https:\/\/humanidades.uprrp.edu\/lenguas\/index.php\/wp-json\/wp\/v2\/pages\/1699\/revisions"}],"predecessor-version":[{"id":1700,"href":"https:\/\/humanidades.uprrp.edu\/lenguas\/index.php\/wp-json\/wp\/v2\/pages\/1699\/revisions\/1700"}],"up":[{"embeddable":true,"href":"https:\/\/humanidades.uprrp.edu\/lenguas\/index.php\/wp-json\/wp\/v2\/pages\/554"}],"wp:attachment":[{"href":"https:\/\/humanidades.uprrp.edu\/lenguas\/index.php\/wp-json\/wp\/v2\/media?parent=1699"}],"curies":[{"name":"wp","href":"https:\/\/api.w.org\/{rel}","templated":true}]}}