{"id":167,"date":"2016-07-18T02:20:12","date_gmt":"2016-07-18T01:20:12","guid":{"rendered":"https:\/\/lenguasuprrp.wordpress.com\/intercambio\/"},"modified":"2022-09-12T23:47:22","modified_gmt":"2022-09-12T23:47:22","slug":"intercambio","status":"publish","type":"page","link":"https:\/\/humanidades.uprrp.edu\/lenguas\/index.php\/intercambio\/","title":{"rendered":"Intercambio"},"content":{"rendered":"<p><span style=\"color: #333399;\"><strong>P\u00e1gina actualizada el\u00a012 septiembre 2022<\/strong><\/span><\/p>\n<p>Mediante el Programa de Intercambio, se pueden trasladar durante un semestre o un a\u00f1o acad\u00e9mico a cualquiera de las universidades afiliadas a alguno de nuestros convenios a trav\u00e9s de\u00a0<a href=\"http:\/\/internacionales.uprrp.edu\/index.php\/intercambio\/convenios\/\" target=\"_blank\" rel=\"noopener noreferrer\">Convenios Bilaterales<\/a>,\u00a0<a href=\"http:\/\/internacionales.uprrp.edu\/index.php\/intercambio\/isep\/\" target=\"_blank\" rel=\"noopener noreferrer\">ISEP<\/a>,\u00a0<a href=\"http:\/\/internacionales.uprrp.edu\/index.php\/intercambio\/micefa\/\" target=\"_blank\" rel=\"noopener noreferrer\">MICEFA<\/a>\u00a0o\u00a0<a href=\"http:\/\/internacionales.uprrp.edu\/index.php\/intercambio\/nse\/\" target=\"_blank\" rel=\"noopener noreferrer\">NSE<\/a>.<\/p>\n<p>Tambi\u00e9n existen\u00a0<a href=\"http:\/\/internacionales.uprrp.edu\/wp-content\/uploads\/2016\/11\/Programas-de-Intercambio-Verano.pdf\" target=\"_blank\" rel=\"noopener noreferrer\">programas de estudio de verano<\/a>.<\/p>\n<p>Para m\u00e1s informaci\u00f3n, favor de visitar la p\u00e1gina del<a href=\"http:\/\/internacionales.uprrp.edu\/index.php\/intercambio\/\"> Programa de Intercambio<\/a> del Decanato Auxiliar de Relaciones Internacionales. Adem\u00e1s, abajo encontrar\u00e1n datos y testimonios\u00a0sobre intercambios que se han hecho recientemente.<\/p>\n<p>Se pueden averiguar qu\u00e9 cursos tomados afuera ya han sido convalidados por la UPRRP en la p\u00e1gina de <strong><a href=\"https:\/\/acoi.uprrp.edu\/\">ACOI<\/a><\/strong>\u00a0(Autorizaci\u00f3n para tomar Cursos en Otras Instituciones).<\/p>\n<p><strong><a href=\"https:\/\/humanidades.uprrp.edu\/lenguas\/index.php\/intercambio\/universidades-francofonas\/\">Universidades franc\u00f3fonas<\/a><\/strong><\/p>\n<p><a href=\"https:\/\/humanidades.uprrp.edu\/lenguas\/index.php\/intercambio\/universidades-italianas\/\"><strong>Universidades ital\u00f3fonas<\/strong><\/a><\/p>\n<p><strong><a href=\"https:\/\/humanidades.uprrp.edu\/lenguas\/index.php\/intercambio\/universidades-lusofonas\/\">Universidades lus\u00f3fonas<\/a><\/strong><\/p>\n<p><strong><a href=\"https:\/\/humanidades.uprrp.edu\/lenguas\/index.php\/intercambio\/universidades-germanofonas-2\/\">Universidades german\u00f3fonas<\/a><\/strong><\/p>\n<p><strong><a href=\"https:\/\/humanidades.uprrp.edu\/lenguas\/index.php\/intercambio\/universidades-germanofonas\/\">Otras universidades<\/a><\/strong><\/p>\n","protected":false},"excerpt":{"rendered":"<p>P\u00e1gina actualizada el\u00a012 septiembre 2022 Mediante el Programa de Intercambio, se pueden trasladar durante un semestre o un a\u00f1o acad\u00e9mico a cualquiera de las universidades afiliadas a alguno de nuestros convenios a trav\u00e9s de\u00a0Convenios Bilaterales,\u00a0ISEP,\u00a0MICEFA\u00a0o\u00a0NSE. Tambi\u00e9n existen\u00a0programas de estudio de verano. Para m\u00e1s informaci\u00f3n, favor de visitar la p\u00e1gina del Programa de Intercambio del Decanato [&hellip;]<\/p>\n","protected":false},"author":2,"featured_media":0,"parent":0,"menu_order":7,"comment_status":"closed","ping_status":"closed","template":"full-width.php","meta":{"footnotes":""},"class_list":["post-167","page","type-page","status-publish","hentry"],"_links":{"self":[{"href":"https:\/\/humanidades.uprrp.edu\/lenguas\/index.php\/wp-json\/wp\/v2\/pages\/167","targetHints":{"allow":["GET"]}}],"collection":[{"href":"https:\/\/humanidades.uprrp.edu\/lenguas\/index.php\/wp-json\/wp\/v2\/pages"}],"about":[{"href":"https:\/\/humanidades.uprrp.edu\/lenguas\/index.php\/wp-json\/wp\/v2\/types\/page"}],"author":[{"embeddable":true,"href":"https:\/\/humanidades.uprrp.edu\/lenguas\/index.php\/wp-json\/wp\/v2\/users\/2"}],"replies":[{"embeddable":true,"href":"https:\/\/humanidades.uprrp.edu\/lenguas\/index.php\/wp-json\/wp\/v2\/comments?post=167"}],"version-history":[{"count":11,"href":"https:\/\/humanidades.uprrp.edu\/lenguas\/index.php\/wp-json\/wp\/v2\/pages\/167\/revisions"}],"predecessor-version":[{"id":3132,"href":"https:\/\/humanidades.uprrp.edu\/lenguas\/index.php\/wp-json\/wp\/v2\/pages\/167\/revisions\/3132"}],"wp:attachment":[{"href":"https:\/\/humanidades.uprrp.edu\/lenguas\/index.php\/wp-json\/wp\/v2\/media?parent=167"}],"curies":[{"name":"wp","href":"https:\/\/api.w.org\/{rel}","templated":true}]}}