{"id":1647,"date":"2017-08-09T16:15:47","date_gmt":"2017-08-09T16:15:47","guid":{"rendered":"https:\/\/humanidades.uprrp.edu\/lenguas\/?page_id=1647"},"modified":"2024-01-29T16:05:41","modified_gmt":"2024-01-29T16:05:41","slug":"latin","status":"publish","type":"page","link":"https:\/\/humanidades.uprrp.edu\/lenguas\/index.php\/docencia\/personal-docente\/latin\/","title":{"rendered":"Lat\u00edn"},"content":{"rendered":"<p><span style=\"color: #333399;\"><strong>P\u00e1gina actualizada el 29 enero 2024<\/strong><\/span><\/p>\n<table>\n<tbody>\n<tr>\n<td colspan=\"2\" width=\"865\">\n<h3 style=\"text-align: center;\">Por contrato regular<\/h3>\n<\/td>\n<\/tr>\n<tr>\n<td rowspan=\"5\" width=\"271\"><\/td>\n<td width=\"594\"><strong>Kevin Matos<\/strong>, Catedr\u00e1tico Auxiliar<\/td>\n<\/tr>\n<tr>\n<td width=\"594\">Doctorado en Estudios Hisp\u00e1nicos, Universidad de Puerto Rico, 2023<\/td>\n<\/tr>\n<tr>\n<td width=\"594\">Literatura espa\u00f1ola medieval y renacentista<\/td>\n<\/tr>\n<tr>\n<td width=\"594\"><\/td>\n<\/tr>\n<tr>\n<td width=\"594\"><a href=\"mailto:kevin.matos@upr.edu\" data-linkindex=\"0\">kevin.matos@upr.edu<\/a><\/td>\n<\/tr>\n<\/tbody>\n<\/table>\n","protected":false},"excerpt":{"rendered":"<p>P\u00e1gina actualizada el 29 enero 2024 Por contrato regular Kevin Matos, Catedr\u00e1tico Auxiliar Doctorado en Estudios Hisp\u00e1nicos, Universidad de Puerto Rico, 2023 Literatura espa\u00f1ola medieval y renacentista kevin.matos@upr.edu<\/p>\n","protected":false},"author":2,"featured_media":0,"parent":8,"menu_order":0,"comment_status":"closed","ping_status":"closed","template":"full-width.php","meta":{"footnotes":""},"class_list":["post-1647","page","type-page","status-publish","hentry"],"_links":{"self":[{"href":"https:\/\/humanidades.uprrp.edu\/lenguas\/index.php\/wp-json\/wp\/v2\/pages\/1647","targetHints":{"allow":["GET"]}}],"collection":[{"href":"https:\/\/humanidades.uprrp.edu\/lenguas\/index.php\/wp-json\/wp\/v2\/pages"}],"about":[{"href":"https:\/\/humanidades.uprrp.edu\/lenguas\/index.php\/wp-json\/wp\/v2\/types\/page"}],"author":[{"embeddable":true,"href":"https:\/\/humanidades.uprrp.edu\/lenguas\/index.php\/wp-json\/wp\/v2\/users\/2"}],"replies":[{"embeddable":true,"href":"https:\/\/humanidades.uprrp.edu\/lenguas\/index.php\/wp-json\/wp\/v2\/comments?post=1647"}],"version-history":[{"count":11,"href":"https:\/\/humanidades.uprrp.edu\/lenguas\/index.php\/wp-json\/wp\/v2\/pages\/1647\/revisions"}],"predecessor-version":[{"id":3368,"href":"https:\/\/humanidades.uprrp.edu\/lenguas\/index.php\/wp-json\/wp\/v2\/pages\/1647\/revisions\/3368"}],"up":[{"embeddable":true,"href":"https:\/\/humanidades.uprrp.edu\/lenguas\/index.php\/wp-json\/wp\/v2\/pages\/8"}],"wp:attachment":[{"href":"https:\/\/humanidades.uprrp.edu\/lenguas\/index.php\/wp-json\/wp\/v2\/media?parent=1647"}],"curies":[{"name":"wp","href":"https:\/\/api.w.org\/{rel}","templated":true}]}}