{"id":164,"date":"2016-07-18T02:17:32","date_gmt":"2016-07-18T01:17:32","guid":{"rendered":"https:\/\/lenguasuprrp.wordpress.com\/estudiantes-2\/"},"modified":"2019-04-06T20:06:38","modified_gmt":"2019-04-06T20:06:38","slug":"estudiantes-2","status":"publish","type":"page","link":"https:\/\/humanidades.uprrp.edu\/lenguas\/index.php\/estudiantes-2\/","title":{"rendered":"Estudiantes"},"content":{"rendered":"<p><a href=\"https:\/\/humanidades.uprrp.edu\/lenguas\/index.php\/estudiantes-2\/admisiones\/\">Admisiones<\/a><\/p>\n<p><a href=\"https:\/\/humanidades.uprrp.edu\/lenguas\/index.php\/estudiantes-2\/examenes\/\">Ex\u00e1menes<\/a><\/p>\n<p><a href=\"https:\/\/humanidades.uprrp.edu\/lenguas\/index.php\/estudiantes-2\/centro-de-tutorias\/\">Centro de tutor\u00edas<\/a><\/p>\n<p><a href=\"https:\/\/humanidades.uprrp.edu\/lenguas\/index.php\/estudiantes-2\/organizacion-de-estudiantes-de-lenguas-extranjeras\/\">Organizaci\u00f3n de estudiantes de Lenguas Extranjeras<\/a><\/p>\n<p><a href=\"https:\/\/humanidades.uprrp.edu\/lenguas\/index.php\/estudiantes-2\/consejo-de-estudiantes-de-humanidades\/\">Consejo de Estudiantes de Humanidades<\/a><\/p>\n<p><a href=\"https:\/\/humanidades.uprrp.edu\/lenguas\/index.php\/estudiantes-2\/sociedad-de-honor-frances\/\">Sociedad de Honor de franc\u00e9s Pi Delta Phi-Omicron Alpha<\/a><\/p>\n<p><a href=\"https:\/\/humanidades.uprrp.edu\/lenguas\/index.php\/estudiantes-2\/sociedad-de-honor-de-portugues-phi-lambda-beta-rho-pi\">Sociedad de Honor de portugu\u00e9s Phi Lambda Beta-Rho Pi<\/a><\/p>\n<p><a href=\"https:\/\/humanidades.uprrp.edu\/lenguas\/index.php\/estudiantes-2\/altas-distinciones\/\">Altas distinciones<\/a><\/p>\n<p><a href=\"https:\/\/humanidades.uprrp.edu\/lenguas\/index.php\/estudiantes-2\/egresados\/\">Egresados<\/a><\/p>\n<p><a href=\"https:\/\/humanidades.uprrp.edu\/lenguas\/index.php\/estudiantes-2\/profesiones-para-poliglotos\/\">Profesiones para\u00a0pol\u00edglotos<\/a><\/p>\n","protected":false},"excerpt":{"rendered":"<p>Admisiones Ex\u00e1menes Centro de tutor\u00edas Organizaci\u00f3n de estudiantes de Lenguas Extranjeras Consejo de Estudiantes de Humanidades Sociedad de Honor de franc\u00e9s Pi Delta Phi-Omicron Alpha Sociedad de Honor de portugu\u00e9s Phi Lambda Beta-Rho Pi Altas distinciones Egresados Profesiones para\u00a0pol\u00edglotos<\/p>\n","protected":false},"author":2,"featured_media":0,"parent":0,"menu_order":5,"comment_status":"closed","ping_status":"closed","template":"full-width.php","meta":{"footnotes":""},"class_list":["post-164","page","type-page","status-publish","hentry"],"_links":{"self":[{"href":"https:\/\/humanidades.uprrp.edu\/lenguas\/index.php\/wp-json\/wp\/v2\/pages\/164","targetHints":{"allow":["GET"]}}],"collection":[{"href":"https:\/\/humanidades.uprrp.edu\/lenguas\/index.php\/wp-json\/wp\/v2\/pages"}],"about":[{"href":"https:\/\/humanidades.uprrp.edu\/lenguas\/index.php\/wp-json\/wp\/v2\/types\/page"}],"author":[{"embeddable":true,"href":"https:\/\/humanidades.uprrp.edu\/lenguas\/index.php\/wp-json\/wp\/v2\/users\/2"}],"replies":[{"embeddable":true,"href":"https:\/\/humanidades.uprrp.edu\/lenguas\/index.php\/wp-json\/wp\/v2\/comments?post=164"}],"version-history":[{"count":10,"href":"https:\/\/humanidades.uprrp.edu\/lenguas\/index.php\/wp-json\/wp\/v2\/pages\/164\/revisions"}],"predecessor-version":[{"id":2409,"href":"https:\/\/humanidades.uprrp.edu\/lenguas\/index.php\/wp-json\/wp\/v2\/pages\/164\/revisions\/2409"}],"wp:attachment":[{"href":"https:\/\/humanidades.uprrp.edu\/lenguas\/index.php\/wp-json\/wp\/v2\/media?parent=164"}],"curies":[{"name":"wp","href":"https:\/\/api.w.org\/{rel}","templated":true}]}}