{"id":161,"date":"2016-07-18T02:14:33","date_gmt":"2016-07-18T01:14:33","guid":{"rendered":"https:\/\/lenguasuprrp.wordpress.com\/actividades\/"},"modified":"2019-12-17T17:48:55","modified_gmt":"2019-12-17T17:48:55","slug":"actividades","status":"publish","type":"page","link":"https:\/\/humanidades.uprrp.edu\/lenguas\/index.php\/actividades\/","title":{"rendered":"Actividades"},"content":{"rendered":"<p><span style=\"color: #666699;\"><strong>P\u00e1gina actualizada el 17\u00a0diciembre\u00a02019<\/strong><\/span><\/p>\n<table>\n<tbody>\n<tr>\n<td width=\"317\">\n<p style=\"text-align: center;\"><strong>Calendarios de actividades<\/strong><\/p>\n<\/td>\n<td width=\"317\">\n<p style=\"text-align: center;\"><strong>Actividades por lengua<\/strong><\/p>\n<\/td>\n<\/tr>\n<tr>\n<td width=\"317\">Actividades &#8212; Enero-Mayo-2020<\/p>\n<p><a href=\"https:\/\/humanidades.uprrp.edu\/lenguas\/index.php\/actividades\/actividades-agosto-diciembre-2019\">Actividades &#8212; Agosto-Enero\u00a02019<\/a><\/p>\n<hr \/>\n<p><a href=\"https:\/\/humanidades.uprrp.edu\/lenguas\/index.php\/actividades\/actividades-enero-mayo-2019\/\">Actividades &#8212; Enero-Mayo-2019<\/a><\/p>\n<p><a href=\"https:\/\/humanidades.uprrp.edu\/lenguas\/index.php\/actividades\/actividades-pasadas\/actividades-agosto-diciembre-2018\/\">Actividades &#8212; Agosto-Diciembre 2018<\/a><\/p>\n<hr \/>\n<p><a href=\"https:\/\/humanidades.uprrp.edu\/lenguas\/index.php\/actividades\/actividades-pasadas\/actividades-marzo-junio-2018\/\">Actividades &#8211; Marzo-Junio 2018<\/a><\/p>\n<p><a href=\"https:\/\/humanidades.uprrp.edu\/lenguas\/index.php\/actividades\/actividades-agosto-2017-febrero-2018\/\">Actividades\u00a0\u2013\u00a0Agosto 2017-Febrero 2018<\/a><\/p>\n<hr \/>\n<p><a href=\"https:\/\/humanidades.uprrp.edu\/lenguas\/index.php\/calendario-de-actividades-enero-mayo-2017\/\">Actividades \u2013 Enero-Mayo 2017<\/a><\/p>\n<p><a href=\"https:\/\/humanidades.uprrp.edu\/lenguas\/index.php\/actividades-2\/\">Actividades \u2013 Agosto-Diciembre 2016<\/a><\/td>\n<td width=\"317\"><a href=\"https:\/\/humanidades.uprrp.edu\/lenguas\/index.php\/actividades\/en-aleman\/\">Actividades de alem\u00e1n<\/a><\/p>\n<p><a href=\"https:\/\/humanidades.uprrp.edu\/lenguas\/index.php\/actividades\/en-chino\/\">Actividades de chino<\/a><\/p>\n<p><a href=\"https:\/\/humanidades.uprrp.edu\/lenguas\/index.php\/actividades\/en-frances\/\">Actividades de franc\u00e9s<\/a><\/p>\n<p><a href=\"https:\/\/humanidades.uprrp.edu\/lenguas\/index.php\/actividades\/en-italiano\/\">Actividades de italiano<\/a><\/p>\n<p><a href=\"https:\/\/humanidades.uprrp.edu\/lenguas\/index.php\/actividades\/en-portugues\/\">Actividades de portugu\u00e9s<\/a><\/p>\n<p><a href=\"https:\/\/humanidades.uprrp.edu\/lenguas\/index.php\/actividades\/en-ruso\/\">Actividades de ruso<\/a><\/p>\n<p><a href=\"https:\/\/humanidades.uprrp.edu\/lenguas\/index.php\/actividades\/otras-actividades\/\">Otras actividades<\/a><\/td>\n<\/tr>\n<\/tbody>\n<\/table>\n","protected":false},"excerpt":{"rendered":"<p>P\u00e1gina actualizada el 17\u00a0diciembre\u00a02019 Calendarios de actividades Actividades por lengua Actividades &#8212; Enero-Mayo-2020 Actividades &#8212; Agosto-Enero\u00a02019 Actividades &#8212; Enero-Mayo-2019 Actividades &#8212; Agosto-Diciembre 2018 Actividades &#8211; Marzo-Junio 2018 Actividades\u00a0\u2013\u00a0Agosto 2017-Febrero 2018 Actividades \u2013 Enero-Mayo 2017 Actividades \u2013 Agosto-Diciembre 2016 Actividades de alem\u00e1n Actividades de chino Actividades de franc\u00e9s Actividades de italiano Actividades de portugu\u00e9s Actividades de [&hellip;]<\/p>\n","protected":false},"author":2,"featured_media":0,"parent":0,"menu_order":6,"comment_status":"closed","ping_status":"closed","template":"full-width.php","meta":{"footnotes":""},"class_list":["post-161","page","type-page","status-publish","hentry"],"_links":{"self":[{"href":"https:\/\/humanidades.uprrp.edu\/lenguas\/index.php\/wp-json\/wp\/v2\/pages\/161","targetHints":{"allow":["GET"]}}],"collection":[{"href":"https:\/\/humanidades.uprrp.edu\/lenguas\/index.php\/wp-json\/wp\/v2\/pages"}],"about":[{"href":"https:\/\/humanidades.uprrp.edu\/lenguas\/index.php\/wp-json\/wp\/v2\/types\/page"}],"author":[{"embeddable":true,"href":"https:\/\/humanidades.uprrp.edu\/lenguas\/index.php\/wp-json\/wp\/v2\/users\/2"}],"replies":[{"embeddable":true,"href":"https:\/\/humanidades.uprrp.edu\/lenguas\/index.php\/wp-json\/wp\/v2\/comments?post=161"}],"version-history":[{"count":19,"href":"https:\/\/humanidades.uprrp.edu\/lenguas\/index.php\/wp-json\/wp\/v2\/pages\/161\/revisions"}],"predecessor-version":[{"id":1798,"href":"https:\/\/humanidades.uprrp.edu\/lenguas\/index.php\/wp-json\/wp\/v2\/pages\/161\/revisions\/1798"}],"wp:attachment":[{"href":"https:\/\/humanidades.uprrp.edu\/lenguas\/index.php\/wp-json\/wp\/v2\/media?parent=161"}],"curies":[{"name":"wp","href":"https:\/\/api.w.org\/{rel}","templated":true}]}}