{"id":1599,"date":"2017-07-14T16:24:13","date_gmt":"2017-07-14T16:24:13","guid":{"rendered":"https:\/\/humanidades.uprrp.edu\/lenguas\/?page_id=1599"},"modified":"2017-08-07T19:07:17","modified_gmt":"2017-08-07T19:07:17","slug":"erika-santos","status":"publish","type":"page","link":"https:\/\/humanidades.uprrp.edu\/lenguas\/index.php\/estudiantes-2\/egresados\/erika-santos\/","title":{"rendered":"Erika Santos"},"content":{"rendered":"<table width=\"636\">\n<tbody>\n<tr>\n<td style=\"text-align: center;\" colspan=\"2\" rowspan=\"9\" width=\"316\">\u00a0<a href=\"https:\/\/humanidades.uprrp.edu\/lenguas\/index.php\/estudiantes-2\/egresados\/santos-erika3\/#main\" rel=\"attachment wp-att-1622\"><img loading=\"lazy\" decoding=\"async\" class=\"aligncenter wp-image-1622 size-large\" src=\"https:\/\/humanidades.uprrp.edu\/lenguas\/wp-content\/uploads\/2016\/07\/Santos-Erika3-887x1024.jpg\" alt=\"\" width=\"700\" height=\"808\" srcset=\"https:\/\/humanidades.uprrp.edu\/lenguas\/wp-content\/uploads\/2016\/07\/Santos-Erika3-887x1024.jpg 887w, https:\/\/humanidades.uprrp.edu\/lenguas\/wp-content\/uploads\/2016\/07\/Santos-Erika3-260x300.jpg 260w, https:\/\/humanidades.uprrp.edu\/lenguas\/wp-content\/uploads\/2016\/07\/Santos-Erika3-768x887.jpg 768w, https:\/\/humanidades.uprrp.edu\/lenguas\/wp-content\/uploads\/2016\/07\/Santos-Erika3-352x406.jpg 352w, https:\/\/humanidades.uprrp.edu\/lenguas\/wp-content\/uploads\/2016\/07\/Santos-Erika3.jpg 982w\" sizes=\"auto, (max-width: 700px) 100vw, 700px\" \/><\/a><\/td>\n<td width=\"320\">Arecibo, Puerto Rico<\/td>\n<\/tr>\n<tr>\n<td width=\"320\">Responsable de Estudios de Mercado y Comunicaci\u00f3n, en Elan Edelman (Par\u00eds)<\/td>\n<\/tr>\n<tr>\n<td width=\"320\">M.A., Comercio Internacional \u2013 Universit\u00e9 de la Sorbonne (2017)<\/td>\n<\/tr>\n<tr>\n<td width=\"320\">B.A., Ciencia Pol\u00edtica y Lenguas Modernas (UPR-R\u00edo Piedras \u2013 2016)<\/td>\n<\/tr>\n<tr>\n<td width=\"320\">Intercambio estudiantil: Lenguas aplicadas al comercio \u2013 Universit\u00e9 de Rennes 2 (2015)<\/td>\n<\/tr>\n<tr>\n<td width=\"320\">Intercambio estudiantil: Relaciones internacionales \u2013 Universidad Aut\u00f3noma de Madrid (2013)<\/td>\n<\/tr>\n<tr>\n<td width=\"320\">Franc\u00e9s y portugu\u00e9s<\/td>\n<\/tr>\n<tr>\n<td width=\"320\">erikasantosroldan@gmail.com<\/td>\n<\/tr>\n<tr>\n<td width=\"320\">https:\/\/www.linkedin.com\/in\/erika-santos-312969124\/<\/td>\n<\/tr>\n<tr>\n<td width=\"159\"><strong>\u00bfPor qu\u00e9 estudiaste lenguas extranjeras?<\/strong><\/td>\n<td colspan=\"2\" width=\"477\">Decid\u00ed estudiar franc\u00e9s porque quer\u00eda estudiar Derecho internacional y dominar un tercer idioma era un prerequisito. Sin embargo, me enamor\u00e9 de los idiomas y la oportunidad que representan para conocer otras culturas y formas de vivir.<\/td>\n<\/tr>\n<tr>\n<td width=\"159\"><strong>\u00bfC\u00f3mo utilizas las lenguas aprendidas en tu trabajo o diario vivir?<\/strong><\/td>\n<td colspan=\"2\" width=\"477\">Como parte de mi maestr\u00eda, estoy realizando unas pr\u00e1cticas profesionales. Esta ha sido mi primera experiencia, a trav\u00e9s de la cual me integrar\u00e9 al mercado laboral franc\u00e9s.<\/td>\n<\/tr>\n<tr>\n<td width=\"159\"><strong>\u00bfC\u00f3mo te adaptaste al mercado laboral?<\/strong><\/td>\n<td colspan=\"2\" width=\"477\">En mi d\u00eda a d\u00eda, utilizo principalmente el franc\u00e9s y el ingl\u00e9s. El portugu\u00e9s y el espa\u00f1ol tambi\u00e9n, aunque en menor medida.<\/td>\n<\/tr>\n<\/tbody>\n<\/table>\n<p style=\"text-align: right;\">Julio 2017<\/p>\n","protected":false},"excerpt":{"rendered":"<p>\u00a0 Arecibo, Puerto Rico Responsable de Estudios de Mercado y Comunicaci\u00f3n, en Elan Edelman (Par\u00eds) M.A., Comercio Internacional \u2013 Universit\u00e9 de la Sorbonne (2017) B.A., Ciencia Pol\u00edtica y Lenguas Modernas (UPR-R\u00edo Piedras \u2013 2016) Intercambio estudiantil: Lenguas aplicadas al comercio \u2013 Universit\u00e9 de Rennes 2 (2015) Intercambio estudiantil: Relaciones internacionales \u2013 Universidad Aut\u00f3noma de Madrid [&hellip;]<\/p>\n","protected":false},"author":2,"featured_media":0,"parent":238,"menu_order":9,"comment_status":"closed","ping_status":"closed","template":"full-width.php","meta":{"footnotes":""},"class_list":["post-1599","page","type-page","status-publish","hentry"],"_links":{"self":[{"href":"https:\/\/humanidades.uprrp.edu\/lenguas\/index.php\/wp-json\/wp\/v2\/pages\/1599","targetHints":{"allow":["GET"]}}],"collection":[{"href":"https:\/\/humanidades.uprrp.edu\/lenguas\/index.php\/wp-json\/wp\/v2\/pages"}],"about":[{"href":"https:\/\/humanidades.uprrp.edu\/lenguas\/index.php\/wp-json\/wp\/v2\/types\/page"}],"author":[{"embeddable":true,"href":"https:\/\/humanidades.uprrp.edu\/lenguas\/index.php\/wp-json\/wp\/v2\/users\/2"}],"replies":[{"embeddable":true,"href":"https:\/\/humanidades.uprrp.edu\/lenguas\/index.php\/wp-json\/wp\/v2\/comments?post=1599"}],"version-history":[{"count":6,"href":"https:\/\/humanidades.uprrp.edu\/lenguas\/index.php\/wp-json\/wp\/v2\/pages\/1599\/revisions"}],"predecessor-version":[{"id":1627,"href":"https:\/\/humanidades.uprrp.edu\/lenguas\/index.php\/wp-json\/wp\/v2\/pages\/1599\/revisions\/1627"}],"up":[{"embeddable":true,"href":"https:\/\/humanidades.uprrp.edu\/lenguas\/index.php\/wp-json\/wp\/v2\/pages\/238"}],"wp:attachment":[{"href":"https:\/\/humanidades.uprrp.edu\/lenguas\/index.php\/wp-json\/wp\/v2\/media?parent=1599"}],"curies":[{"name":"wp","href":"https:\/\/api.w.org\/{rel}","templated":true}]}}