{"id":1517,"date":"2017-04-22T04:06:08","date_gmt":"2017-04-22T04:06:08","guid":{"rendered":"https:\/\/humanidades.uprrp.edu\/lenguas\/?page_id=1517"},"modified":"2017-04-22T12:59:52","modified_gmt":"2017-04-22T12:59:52","slug":"anne-l-beatty-martinez","status":"publish","type":"page","link":"https:\/\/humanidades.uprrp.edu\/lenguas\/index.php\/estudiantes-2\/egresados\/anne-l-beatty-martinez\/","title":{"rendered":"Anne L. Beatty-Mart\u00ednez"},"content":{"rendered":"<table width=\"636\">\n<tbody>\n<tr>\n<td colspan=\"2\" rowspan=\"8\" width=\"316\">\u00a0<a href=\"https:\/\/humanidades.uprrp.edu\/lenguas\/index.php\/estudiantes-2\/egresados\/beatty-anne3\/#main\" rel=\"attachment wp-att-1515\"><img loading=\"lazy\" decoding=\"async\" class=\"aligncenter wp-image-1515 \" src=\"https:\/\/humanidades.uprrp.edu\/lenguas\/wp-content\/uploads\/2016\/07\/Beatty-Anne3-e1492833957171.png\" alt=\"\" width=\"281\" height=\"275\" srcset=\"https:\/\/humanidades.uprrp.edu\/lenguas\/wp-content\/uploads\/2016\/07\/Beatty-Anne3-e1492833957171.png 710w, https:\/\/humanidades.uprrp.edu\/lenguas\/wp-content\/uploads\/2016\/07\/Beatty-Anne3-e1492833957171-300x293.png 300w, https:\/\/humanidades.uprrp.edu\/lenguas\/wp-content\/uploads\/2016\/07\/Beatty-Anne3-e1492833957171-415x406.png 415w\" sizes=\"auto, (max-width: 281px) 100vw, 281px\" \/><\/a><\/td>\n<td width=\"320\">Guaynabo, Puerto Rico<\/td>\n<\/tr>\n<tr>\n<td width=\"320\">Estudiante de doctorado; psicoling\u00fcista<\/td>\n<\/tr>\n<tr>\n<td width=\"320\"><u>Experiencia<\/u>: Ph.D. Spanish &amp; Language Science: Penn State University (en progreso)<\/td>\n<\/tr>\n<tr>\n<td width=\"320\">M.A. Ling\u00fc\u00edstica hisp\u00e1nica: Penn State University (2015)<\/td>\n<\/tr>\n<tr>\n<td width=\"320\">B.A., Lenguas Modernas y Ling\u00fc\u00edstica y Comunicaci\u00f3n: UPR-R\u00edo Piedras (2013; summa cum laude)<\/td>\n<\/tr>\n<tr>\n<td width=\"320\">espa\u00f1ol, ingl\u00e9s, franc\u00e9s, alem\u00e1n, ruso, lat\u00edn, portugu\u00e9s<\/td>\n<\/tr>\n<tr>\n<td width=\"320\">alb507@psu.edu<\/td>\n<\/tr>\n<tr>\n<td width=\"320\"><a href=\"https:\/\/sites.google.com\/site\/annebeattymartinez\/\">https:\/\/sites.google.com\/site\/annebeattymartinez\/<\/a><\/td>\n<\/tr>\n<tr>\n<td width=\"159\"><strong>Tesis de Ph.D.<\/strong><\/td>\n<td colspan=\"2\" width=\"477\">\u00abExamining the behavioral and neurocognitive consequences of bilingual experience on language processing and language control\u00bb<\/td>\n<\/tr>\n<tr>\n<td width=\"159\"><strong>Tesis de M.A.<\/strong><\/td>\n<td colspan=\"2\" width=\"477\">\u00abBilingual experience modulates language processing: Evidence from codeswitching\u00bb (en progreso de publicaci\u00f3n en el <em>Journal of Memory and Language<\/em>)<\/td>\n<\/tr>\n<tr>\n<td width=\"159\"><strong>\u00bfPor qu\u00e9 estudiaste lenguas extranjeras?<\/strong><\/td>\n<td colspan=\"2\" width=\"477\">Desde peque\u00f1a me interesaba c\u00f3mo los hablantes biling\u00fces hacen malabares con dos lenguas en el d\u00eda a d\u00eda. Durante mi bachillerato en lenguas modernas fui mi propio conejillo de indias con el prop\u00f3sito de conocer a primera mano lo que es comenzar a aprender una lengua extranjera.<\/td>\n<\/tr>\n<tr>\n<td width=\"159\"><strong>\u00bfC\u00f3mo utilizas las lenguas aprendidas en tu trabajo o diario vivir?<\/strong><\/td>\n<td colspan=\"2\" width=\"477\">Gracias a la formaci\u00f3n acad\u00e9mica que me brind\u00f3 la Universidad de Puerto Rico he podido desarrollar un gran inter\u00e9s, entusiasmo y apreciaci\u00f3n por la ling\u00fc\u00edstica y las ciencias del lenguaje. La preparaci\u00f3n y las experiencias que recib\u00ed en la UPRRP me prepararon para cursar un doctorado en investigaci\u00f3n en una de las mejores universidades del mundo en el campo del biling\u00fcismo y la cognici\u00f3n.<\/td>\n<\/tr>\n<tr>\n<td width=\"159\"><strong>\u00bfC\u00f3mo te adaptaste al mercado laboral?<\/strong><\/td>\n<td colspan=\"2\" width=\"477\">Vivimos en un mundo globalizado en donde el biling\u00fcismo es la norma y no la excepci\u00f3n. Me dedico a la investigaci\u00f3n cient\u00edfica del biling\u00fcismo y utilizo la variaci\u00f3n ling\u00fc\u00edstica como herramienta para investigar c\u00f3mo el cerebro se adapta a las exigencias de manejar m\u00e1s de una lengua. Las destrezas que adquir\u00ed en la UPR me han abierto puertas en el \u00e1mbito profesional, en trabajos de colaboraci\u00f3n y en conferencias internacionales.<br \/>\nDicho sea de paso, si a otros egresados de la UPR les interesa el campo de la ling\u00fc\u00edstica y quieren adquirir experiencia en la investigaci\u00f3n, que se pongan en contacto conmigo que les puedo orientar. El Center for Language Science de Penn State en el cual trabajo a cada rato est\u00e1 buscando a biling\u00fces para hacer proyectos de investigaci\u00f3n ya sea en los veranos o durante el a\u00f1o acad\u00e9mico como t\u00e9cnico de laboratorio. \u00c7a en vaut la peine!<\/td>\n<\/tr>\n<tr>\n<td width=\"159\"><strong>Premios y becas<\/strong><\/td>\n<td colspan=\"2\" width=\"477\">Premio Dr. Segundo Cardona (2013), Premio Dr. Luis Manuel D\u00edaz Soler (2013), Penn State Graduate Scholar Award (2013), Bunton Waller Award (2013-2016), Adele Miccio Professional Development Award (2017). Linguistic Institute Fellowship (2015), NSF PIRE Research Fellowships (2015, 2016, 2017), University of Virginia in Valencia Research Grant (2017).<\/td>\n<\/tr>\n<\/tbody>\n<\/table>\n<p style=\"text-align: right;\">Abril 2017<\/p>\n","protected":false},"excerpt":{"rendered":"<p>\u00a0 Guaynabo, Puerto Rico Estudiante de doctorado; psicoling\u00fcista Experiencia: Ph.D. Spanish &amp; Language Science: Penn State University (en progreso) M.A. Ling\u00fc\u00edstica hisp\u00e1nica: Penn State University (2015) B.A., Lenguas Modernas y Ling\u00fc\u00edstica y Comunicaci\u00f3n: UPR-R\u00edo Piedras (2013; summa cum laude) espa\u00f1ol, ingl\u00e9s, franc\u00e9s, alem\u00e1n, ruso, lat\u00edn, portugu\u00e9s alb507@psu.edu https:\/\/sites.google.com\/site\/annebeattymartinez\/ Tesis de Ph.D. \u00abExamining the behavioral and [&hellip;]<\/p>\n","protected":false},"author":2,"featured_media":0,"parent":238,"menu_order":0,"comment_status":"closed","ping_status":"closed","template":"full-width.php","meta":{"footnotes":""},"class_list":["post-1517","page","type-page","status-publish","hentry"],"_links":{"self":[{"href":"https:\/\/humanidades.uprrp.edu\/lenguas\/index.php\/wp-json\/wp\/v2\/pages\/1517","targetHints":{"allow":["GET"]}}],"collection":[{"href":"https:\/\/humanidades.uprrp.edu\/lenguas\/index.php\/wp-json\/wp\/v2\/pages"}],"about":[{"href":"https:\/\/humanidades.uprrp.edu\/lenguas\/index.php\/wp-json\/wp\/v2\/types\/page"}],"author":[{"embeddable":true,"href":"https:\/\/humanidades.uprrp.edu\/lenguas\/index.php\/wp-json\/wp\/v2\/users\/2"}],"replies":[{"embeddable":true,"href":"https:\/\/humanidades.uprrp.edu\/lenguas\/index.php\/wp-json\/wp\/v2\/comments?post=1517"}],"version-history":[{"count":8,"href":"https:\/\/humanidades.uprrp.edu\/lenguas\/index.php\/wp-json\/wp\/v2\/pages\/1517\/revisions"}],"predecessor-version":[{"id":1547,"href":"https:\/\/humanidades.uprrp.edu\/lenguas\/index.php\/wp-json\/wp\/v2\/pages\/1517\/revisions\/1547"}],"up":[{"embeddable":true,"href":"https:\/\/humanidades.uprrp.edu\/lenguas\/index.php\/wp-json\/wp\/v2\/pages\/238"}],"wp:attachment":[{"href":"https:\/\/humanidades.uprrp.edu\/lenguas\/index.php\/wp-json\/wp\/v2\/media?parent=1517"}],"curies":[{"name":"wp","href":"https:\/\/api.w.org\/{rel}","templated":true}]}}